{"id":4571,"date":"2019-03-05T19:36:56","date_gmt":"2019-03-05T18:36:56","guid":{"rendered":"http:\/\/werner0304.alfahosting.org\/wordpress\/?page_id=4571"},"modified":"2019-04-05T18:37:48","modified_gmt":"2019-04-05T17:37:48","slug":"dr-siemssen-sieben-fotos-aus-den-1860er-jahren","status":"publish","type":"page","link":"https:\/\/www.rostock-frueher.de\/wordpress\/?page_id=4571","title":{"rendered":"Dr. Siemssen &#8211; sieben Fotos aus den 1860er Jahren"},"content":{"rendered":"<h4>Fotos aus Rostocker Ateliers aus den 1860er Jahren gibt es relativ wenige. Und wenn, sind die abgebildeten Personen nicht mehr zu identifizieren. Nicht selten werden von (Internet)H\u00e4ndlern Konvolute auseinandergerissen und einzeln verkauft, was eine Identifizierung noch schwieriger macht. So hat es bei dem folgenden im Internet erworbenen Konvolut auch einige Zeit gedauert, um einige verwandtschaftliche Beziehungen zu erschlie\u00dfen. Die sieben Fotos im Visitformat stammen aus den 1860er und 1870er Jahren. Das \u00e4lteste l\u00e4sst sich auf sp\u00e4testens 1862 datieren und wurde von F.H. Dethleff aufgenommen und zeigt ein Paar.<a href=\"http:\/\/werner0304.alfahosting.org\/wordpress\/?attachment_id=4564\" rel=\"attachment wp-att-4564\"><img loading=\"lazy\" decoding=\"async\" class=\"aligncenter size-full wp-image-4564\" src=\"http:\/\/werner0304.alfahosting.org\/wordpress\/wp-content\/uploads\/2019\/03\/dethleff-siemssen-paar.jpg\" alt=\"\" width=\"473\" height=\"395\" srcset=\"https:\/\/www.rostock-frueher.de\/wordpress\/wp-content\/uploads\/2019\/03\/dethleff-siemssen-paar.jpg 473w, https:\/\/www.rostock-frueher.de\/wordpress\/wp-content\/uploads\/2019\/03\/dethleff-siemssen-paar-300x251.jpg 300w\" sizes=\"auto, (max-width: 473px) 100vw, 473px\" \/><\/a>Die Datierung l\u00e4sst sich mit den r\u00fcckseitig aufgedruckten Medaillen und Anerkennungen vornehmen. Die letzte Auszeichnung stammt von 1861. Bereits im Jahr 1862 erhielt Dethleff die n\u00e4chste Auszeichnung, die auf dem Karton noch nicht vermerkt ist.<br \/>\nAus dem Jahr 1862 oder 1863 stammt das n\u00e4chste Bild.<br \/>\n<a href=\"http:\/\/werner0304.alfahosting.org\/wordpress\/?attachment_id=4567\" rel=\"attachment wp-att-4567\"><img loading=\"lazy\" decoding=\"async\" class=\"aligncenter size-full wp-image-4567\" src=\"http:\/\/werner0304.alfahosting.org\/wordpress\/wp-content\/uploads\/2019\/03\/nissen-siemssen-stadt-kulisse.jpg\" alt=\"\" width=\"507\" height=\"394\" srcset=\"https:\/\/www.rostock-frueher.de\/wordpress\/wp-content\/uploads\/2019\/03\/nissen-siemssen-stadt-kulisse.jpg 507w, https:\/\/www.rostock-frueher.de\/wordpress\/wp-content\/uploads\/2019\/03\/nissen-siemssen-stadt-kulisse-300x233.jpg 300w\" sizes=\"auto, (max-width: 507px) 100vw, 507px\" \/><\/a>Neben den abgebildeten Personen ist auch der Hintergrund interessant: eine handgemalte Stadtansicht von Rostock.<br \/>\nDer Fotograf, Nikolaus Nissen, war nur 1862\/63 in Rostock t\u00e4tig. Die abgebildeten Personen sind Emilie Siemssen und ihre T\u00f6chter, die 1858 geborenen Zwillinge Auguste und Anna. Bleibt die Frage, ob die Frau auf dem ersten und zweiten Bild dieselbe Person ist. Der Hinweis auf die Identit\u00e4t der Siemssens ist dem n\u00e4chsten Foto zu entnehmen, das wohl einige Monate sp\u00e4ter entstand:<br \/>\n<a href=\"http:\/\/werner0304.alfahosting.org\/wordpress\/?attachment_id=4570\" rel=\"attachment wp-att-4570\"><img loading=\"lazy\" decoding=\"async\" class=\"aligncenter size-full wp-image-4570\" src=\"http:\/\/werner0304.alfahosting.org\/wordpress\/wp-content\/uploads\/2019\/03\/zerk-siemssen-seeger-1863-cdv.jpg\" alt=\"\" width=\"504\" height=\"407\" srcset=\"https:\/\/www.rostock-frueher.de\/wordpress\/wp-content\/uploads\/2019\/03\/zerk-siemssen-seeger-1863-cdv.jpg 504w, https:\/\/www.rostock-frueher.de\/wordpress\/wp-content\/uploads\/2019\/03\/zerk-siemssen-seeger-1863-cdv-300x242.jpg 300w\" sizes=\"auto, (max-width: 504px) 100vw, 504px\" \/><\/a>Das Kind in der Mitte ist ein Junge. Es ist Willy Seeger und mit den Siemssens verwandt, die Mutter von Anna und Auguste ist eine geborene Seeger. Ihr Vater bzw. Gro\u00dfvater David Seeger war von Beruf Schiffer.<br \/>\nDer Fotograf Rudolph Zerk hatte von 1860 bis 1865 sein Atelier in Rostock. Nur wenige Fotos von ihm haben sich erhalten.<br \/>\nEmilie Siemssens Ehemann ist auf dem n\u00e4chsten Foto abgebildet.<br \/>\n<a href=\"http:\/\/werner0304.alfahosting.org\/wordpress\/?attachment_id=4565\" rel=\"attachment wp-att-4565\"><img loading=\"lazy\" decoding=\"async\" class=\"aligncenter size-full wp-image-4565\" src=\"http:\/\/werner0304.alfahosting.org\/wordpress\/wp-content\/uploads\/2019\/03\/hornemann-siemssen-cdv.jpg\" alt=\"\" width=\"478\" height=\"394\" srcset=\"https:\/\/www.rostock-frueher.de\/wordpress\/wp-content\/uploads\/2019\/03\/hornemann-siemssen-cdv.jpg 478w, https:\/\/www.rostock-frueher.de\/wordpress\/wp-content\/uploads\/2019\/03\/hornemann-siemssen-cdv-300x247.jpg 300w\" sizes=\"auto, (max-width: 478px) 100vw, 478px\" \/><\/a>Friedrich Siemssen wurde 1803 als Sohn des Doktors der Philosophie Adolph Christian Siemssen und Ida Siemmsen geb. von B\u00fclow geboren. Friedrich Siemssen war Dr. der Medizin. Er war 25 Jahre \u00e4lter als seine Frau und verstarb 1870. Das Portr\u00e4t wurde von George Hornemann sp\u00e4testens 1867 aufgenommen, bevor er mit seinem Atelier in die Bl\u00fccherstra\u00dfe umzog.<br \/>\nOb auf dem n\u00e4chsten Bild Emilie Siemssen abgebildet ist, l\u00e4sst sich nicht sicher kl\u00e4ren. Das Bild entstand 1872\/73, aufgenommen von Strau\u00df und Harder, den ersten Hoffotografen Rostocks.<br \/>\n<a href=\"http:\/\/werner0304.alfahosting.org\/wordpress\/?attachment_id=4569\" rel=\"attachment wp-att-4569\"><img loading=\"lazy\" decoding=\"async\" class=\"aligncenter size-full wp-image-4569\" src=\"http:\/\/werner0304.alfahosting.org\/wordpress\/wp-content\/uploads\/2019\/03\/strauss-harder-siemssen.jpg\" alt=\"\" width=\"512\" height=\"407\" srcset=\"https:\/\/www.rostock-frueher.de\/wordpress\/wp-content\/uploads\/2019\/03\/strauss-harder-siemssen.jpg 512w, https:\/\/www.rostock-frueher.de\/wordpress\/wp-content\/uploads\/2019\/03\/strauss-harder-siemssen-300x238.jpg 300w\" sizes=\"auto, (max-width: 512px) 100vw, 512px\" \/><\/a>Das n\u00e4chste Bild stammt von Hartwig Klodt, wurde fr\u00fchestens 1863 und sehr wahrscheinlich vor 1870 aufgenommen. Die abgebildete Lucinda Ahrens, Witwe des Schiffers Heinrich Ahrens, war die Gro\u00dfmutter von Willy Seeger.<br \/>\n<a href=\"http:\/\/werner0304.alfahosting.org\/wordpress\/?attachment_id=4566\" rel=\"attachment wp-att-4566\"><img loading=\"lazy\" decoding=\"async\" class=\"aligncenter size-full wp-image-4566\" src=\"http:\/\/werner0304.alfahosting.org\/wordpress\/wp-content\/uploads\/2019\/03\/klodt-lucinda-ahrens.jpg\" alt=\"\" width=\"510\" height=\"395\" srcset=\"https:\/\/www.rostock-frueher.de\/wordpress\/wp-content\/uploads\/2019\/03\/klodt-lucinda-ahrens.jpg 510w, https:\/\/www.rostock-frueher.de\/wordpress\/wp-content\/uploads\/2019\/03\/klodt-lucinda-ahrens-300x232.jpg 300w\" sizes=\"auto, (max-width: 510px) 100vw, 510px\" \/><\/a>Lucinda Ahrens\u00b4 Tochter Elise war mit dem Schiffer Carl Behrens verheiratet. Dessen Vater mit selben Namen betrieb in der Wokrenterstra\u00dfe eine B\u00e4ckerei. Das Bild wurde von Sievert Steenbock aufgenommen. Somit stammen alle sieben Aufnahmen von unterschiedlichen Fotografen.<br \/>\n<a href=\"http:\/\/werner0304.alfahosting.org\/wordpress\/?attachment_id=4568\" rel=\"attachment wp-att-4568\"><img loading=\"lazy\" decoding=\"async\" class=\"aligncenter size-full wp-image-4568\" src=\"http:\/\/werner0304.alfahosting.org\/wordpress\/wp-content\/uploads\/2019\/03\/steenbock-behrens-1872-cdv.jpg\" alt=\"\" width=\"512\" height=\"406\" srcset=\"https:\/\/www.rostock-frueher.de\/wordpress\/wp-content\/uploads\/2019\/03\/steenbock-behrens-1872-cdv.jpg 512w, https:\/\/www.rostock-frueher.de\/wordpress\/wp-content\/uploads\/2019\/03\/steenbock-behrens-1872-cdv-300x238.jpg 300w\" sizes=\"auto, (max-width: 512px) 100vw, 512px\" \/><\/a>Wer mehr \u00fcber die Fotografen erfahren m\u00f6chte wird zu Steenbock hier f\u00fcndig:\u00a0<a href=\"http:\/\/werner0304.alfahosting.org\/wordpress\/?page_id=2645\">Sievert und Franz Steenbock<\/a><br \/>\nHier geht\u00b4s zu\u00a0<a href=\"http:\/\/werner0304.alfahosting.org\/wordpress\/?page_id=1383\">George Hornemann<\/a><br \/>\nund hier zu\u00a0<a href=\"http:\/\/werner0304.alfahosting.org\/wordpress\/?page_id=1934\">Nikolaus Nissen<\/a><\/h4>\n","protected":false},"excerpt":{"rendered":"Fotos aus Rostocker Ateliers aus den 1860er Jahren gibt es relativ wenige. Und wenn, sind die abgebildeten Personen nicht mehr zu identifizieren. Nicht selten werden von (Internet)H\u00e4ndlern Konvolute auseinandergerissen und einzeln verkauft, was eine Identifizierung noch schwieriger macht. So hat es bei dem folgenden im Internet erworbenen Konvolut auch einige Zeit gedauert, um einige verwandtschaftliche [&hellip;]","protected":false},"author":1,"featured_media":0,"parent":1127,"menu_order":10,"comment_status":"closed","ping_status":"closed","template":"","meta":{"footnotes":""},"class_list":["post-4571","page","type-page","status-publish","hentry"],"_links":{"self":[{"href":"https:\/\/www.rostock-frueher.de\/wordpress\/index.php?rest_route=\/wp\/v2\/pages\/4571","targetHints":{"allow":["GET"]}}],"collection":[{"href":"https:\/\/www.rostock-frueher.de\/wordpress\/index.php?rest_route=\/wp\/v2\/pages"}],"about":[{"href":"https:\/\/www.rostock-frueher.de\/wordpress\/index.php?rest_route=\/wp\/v2\/types\/page"}],"author":[{"embeddable":true,"href":"https:\/\/www.rostock-frueher.de\/wordpress\/index.php?rest_route=\/wp\/v2\/users\/1"}],"replies":[{"embeddable":true,"href":"https:\/\/www.rostock-frueher.de\/wordpress\/index.php?rest_route=%2Fwp%2Fv2%2Fcomments&post=4571"}],"version-history":[{"count":4,"href":"https:\/\/www.rostock-frueher.de\/wordpress\/index.php?rest_route=\/wp\/v2\/pages\/4571\/revisions"}],"predecessor-version":[{"id":4592,"href":"https:\/\/www.rostock-frueher.de\/wordpress\/index.php?rest_route=\/wp\/v2\/pages\/4571\/revisions\/4592"}],"up":[{"embeddable":true,"href":"https:\/\/www.rostock-frueher.de\/wordpress\/index.php?rest_route=\/wp\/v2\/pages\/1127"}],"wp:attachment":[{"href":"https:\/\/www.rostock-frueher.de\/wordpress\/index.php?rest_route=%2Fwp%2Fv2%2Fmedia&parent=4571"}],"curies":[{"name":"wp","href":"https:\/\/api.w.org\/{rel}","templated":true}]}}