{"id":4455,"date":"2018-11-18T21:19:44","date_gmt":"2018-11-18T20:19:44","guid":{"rendered":"http:\/\/werner0304.alfahosting.org\/wordpress\/?page_id=4455"},"modified":"2022-06-18T12:51:06","modified_gmt":"2022-06-18T11:51:06","slug":"friedrich-ruesbueldt","status":"publish","type":"page","link":"https:\/\/www.rostock-frueher.de\/wordpress\/?page_id=4455","title":{"rendered":"Friedrich R\u00fcsb\u00fcldt"},"content":{"rendered":"\r\n<p>Friedrich R\u00fcsb\u00fcldt wurde 1885 als Sohn eines Schuhmachermeisters in Rostock geboren. Im Jahr 1909 er\u00f6ffnete er am Hopfenmarkt 28 sein erstes Atelier.<\/p>\r\n\r\n\r\n\r\n<figure class=\"wp-block-image\"><img loading=\"lazy\" decoding=\"async\" width=\"661\" height=\"191\" class=\"wp-image-4457\" src=\"http:\/\/werner0304.alfahosting.org\/wordpress\/wp-content\/uploads\/2018\/11\/ruesbueldt-adr-1910.jpg\" alt=\"\" srcset=\"https:\/\/www.rostock-frueher.de\/wordpress\/wp-content\/uploads\/2018\/11\/ruesbueldt-adr-1910.jpg 661w, https:\/\/www.rostock-frueher.de\/wordpress\/wp-content\/uploads\/2018\/11\/ruesbueldt-adr-1910-300x87.jpg 300w\" sizes=\"auto, (max-width: 661px) 100vw, 661px\" \/>\r\n<figcaption>Anzeige aus dem Rostocker Adressbuch 1919<\/figcaption>\r\n<\/figure>\r\n\r\n\r\n\r\n<p>Er blieb nur ca. ein Jahr am Hopfenmarkt. Ich kenne kein Bild, das er dort aufgenommen hat. Er beendete damit den Betrieb eines photographischen Ateliers, der 1873 mit August Best begonnen hatte. Das Haus stand um 1910 zum Verkauf. Der Kaufmann Ernst Ratschow wollte das Haus kaufen, war aber in erster Linie nur am Grundst\u00fcck interessiert. Um den Abriss zu verhindern, griff der Rat der Stadt ein.<\/p>\r\n<p>Zur\u00fcck zu Friedrich R\u00fcsb\u00fcldt. Er er\u00f6ffnete in der Kr\u00f6peliner Vorstadt am Brink im dritten Obergeschoss des Barnstorfer Weges 47 sein Atelier.<\/p>\r\n\r\n\r\n\r\n<div class=\"wp-block-image\">\r\n<figure class=\"aligncenter\"><img loading=\"lazy\" decoding=\"async\" width=\"383\" height=\"591\" class=\"wp-image-4459\" src=\"http:\/\/werner0304.alfahosting.org\/wordpress\/wp-content\/uploads\/2018\/11\/ruesbueldt-anonym-barnstorfer-weg-47-1911-14-fo-fredersdorf.jpg\" alt=\"\" srcset=\"https:\/\/www.rostock-frueher.de\/wordpress\/wp-content\/uploads\/2018\/11\/ruesbueldt-anonym-barnstorfer-weg-47-1911-14-fo-fredersdorf.jpg 383w, https:\/\/www.rostock-frueher.de\/wordpress\/wp-content\/uploads\/2018\/11\/ruesbueldt-anonym-barnstorfer-weg-47-1911-14-fo-fredersdorf-194x300.jpg 194w\" sizes=\"auto, (max-width: 383px) 100vw, 383px\" \/>\r\n<figcaption>Barnstorfer Weg 47<\/figcaption>\r\n<\/figure>\r\n<\/div>\r\n\r\n\r\n\r\n<figure class=\"wp-block-image\"><img loading=\"lazy\" decoding=\"async\" width=\"639\" height=\"495\" class=\"wp-image-4460\" src=\"http:\/\/werner0304.alfahosting.org\/wordpress\/wp-content\/uploads\/2018\/11\/ruesbueldt-anonym-barnstorfer-weg-47-1911-14-fo-fredersdorf-1.jpg\" alt=\"\" srcset=\"https:\/\/www.rostock-frueher.de\/wordpress\/wp-content\/uploads\/2018\/11\/ruesbueldt-anonym-barnstorfer-weg-47-1911-14-fo-fredersdorf-1.jpg 639w, https:\/\/www.rostock-frueher.de\/wordpress\/wp-content\/uploads\/2018\/11\/ruesbueldt-anonym-barnstorfer-weg-47-1911-14-fo-fredersdorf-1-300x232.jpg 300w\" sizes=\"auto, (max-width: 639px) 100vw, 639px\" \/>\r\n<figcaption>Ausschnitt 3. Obergeschoss<\/figcaption>\r\n<\/figure>\r\n\r\n\r\n\r\n<div class=\"wp-block-image\">\r\n<figure class=\"aligncenter\"><img loading=\"lazy\" decoding=\"async\" width=\"472\" height=\"671\" class=\"wp-image-4458\" src=\"http:\/\/werner0304.alfahosting.org\/wordpress\/wp-content\/uploads\/2018\/11\/ruesbueldt-ak-sc.jpg\" alt=\"\" srcset=\"https:\/\/www.rostock-frueher.de\/wordpress\/wp-content\/uploads\/2018\/11\/ruesbueldt-ak-sc.jpg 472w, https:\/\/www.rostock-frueher.de\/wordpress\/wp-content\/uploads\/2018\/11\/ruesbueldt-ak-sc-211x300.jpg 211w\" sizes=\"auto, (max-width: 472px) 100vw, 472px\" \/>\r\n<figcaption>Der Hauseingang<\/figcaption>\r\n<\/figure>\r\n<\/div>\r\n\r\n\r\n\r\n<p style=\"font-size: 20px;\">Hier drei Bildbeispiele:<\/p>\r\n\r\n\r\n\r\n<div class=\"wp-block-image\">\r\n<figure class=\"aligncenter\"><img loading=\"lazy\" decoding=\"async\" width=\"510\" height=\"438\" class=\"wp-image-4461\" src=\"http:\/\/werner0304.alfahosting.org\/wordpress\/wp-content\/uploads\/2018\/11\/ruesbueldt-junger-mann-cdv-2.jpg\" alt=\"\" srcset=\"https:\/\/www.rostock-frueher.de\/wordpress\/wp-content\/uploads\/2018\/11\/ruesbueldt-junger-mann-cdv-2.jpg 510w, https:\/\/www.rostock-frueher.de\/wordpress\/wp-content\/uploads\/2018\/11\/ruesbueldt-junger-mann-cdv-2-300x258.jpg 300w\" sizes=\"auto, (max-width: 510px) 100vw, 510px\" \/>\r\n<figcaption>Visitformat<\/figcaption>\r\n<\/figure>\r\n<\/div>\r\n\r\n\r\n\r\n<div class=\"wp-block-image\">\r\n<figure class=\"aligncenter\"><img loading=\"lazy\" decoding=\"async\" width=\"451\" height=\"473\" class=\"wp-image-4462\" src=\"http:\/\/werner0304.alfahosting.org\/wordpress\/wp-content\/uploads\/2018\/11\/ruesbueldt-kind-moebel-cdv.jpg\" alt=\"\" srcset=\"https:\/\/www.rostock-frueher.de\/wordpress\/wp-content\/uploads\/2018\/11\/ruesbueldt-kind-moebel-cdv.jpg 451w, https:\/\/www.rostock-frueher.de\/wordpress\/wp-content\/uploads\/2018\/11\/ruesbueldt-kind-moebel-cdv-286x300.jpg 286w\" sizes=\"auto, (max-width: 451px) 100vw, 451px\" \/>\r\n<figcaption>Visitformat<\/figcaption>\r\n<\/figure>\r\n<\/div>\r\n\r\n\r\n\r\n<div class=\"wp-block-image\">\r\n<figure class=\"aligncenter\"><img loading=\"lazy\" decoding=\"async\" width=\"824\" height=\"633\" class=\"wp-image-4463\" src=\"http:\/\/werner0304.alfahosting.org\/wordpress\/wp-content\/uploads\/2018\/11\/ruesbueldt-kommunion-kab.jpg\" alt=\"\" srcset=\"https:\/\/www.rostock-frueher.de\/wordpress\/wp-content\/uploads\/2018\/11\/ruesbueldt-kommunion-kab.jpg 824w, https:\/\/www.rostock-frueher.de\/wordpress\/wp-content\/uploads\/2018\/11\/ruesbueldt-kommunion-kab-300x230.jpg 300w, https:\/\/www.rostock-frueher.de\/wordpress\/wp-content\/uploads\/2018\/11\/ruesbueldt-kommunion-kab-768x590.jpg 768w\" sizes=\"auto, (max-width: 824px) 100vw, 824px\" \/>\r\n<figcaption>Kabinettformat<\/figcaption>\r\n<\/figure>\r\n<\/div>\r\n\r\n\r\n\r\n<p style=\"font-size: 20px;\">Im Jahr 1914 zog R\u00fcsb\u00fcldt mit seinem Atelier wieder um. Diesmal ging es nur quer \u00fcber den Platz in die Wismarsche Stra\u00dfe 4. Hier fotografierte er Kleinkinder und Schulanf\u00e4nger und Soldaten.<\/p>\r\n\r\n\r\n\r\n<div class=\"wp-block-image\">\r\n<figure class=\"aligncenter\"><img loading=\"lazy\" decoding=\"async\" width=\"789\" height=\"591\" class=\"wp-image-4486\" src=\"http:\/\/werner0304.alfahosting.org\/wordpress\/wp-content\/uploads\/2018\/11\/ruesbueldt-baby-kab.jpg\" alt=\"\" srcset=\"https:\/\/www.rostock-frueher.de\/wordpress\/wp-content\/uploads\/2018\/11\/ruesbueldt-baby-kab.jpg 789w, https:\/\/www.rostock-frueher.de\/wordpress\/wp-content\/uploads\/2018\/11\/ruesbueldt-baby-kab-300x225.jpg 300w, https:\/\/www.rostock-frueher.de\/wordpress\/wp-content\/uploads\/2018\/11\/ruesbueldt-baby-kab-768x575.jpg 768w\" sizes=\"auto, (max-width: 789px) 100vw, 789px\" \/>\r\n<figcaption>Kabinettformat<\/figcaption>\r\n<\/figure>\r\n<\/div>\r\n\r\n\r\n\r\n<div class=\"wp-block-image\">\r\n<figure class=\"aligncenter\"><img loading=\"lazy\" decoding=\"async\" width=\"423\" height=\"643\" class=\"wp-image-4499\" src=\"http:\/\/werner0304.alfahosting.org\/wordpress\/wp-content\/uploads\/2018\/11\/ruesbueldt-schulkind-kab.jpg\" alt=\"\" srcset=\"https:\/\/www.rostock-frueher.de\/wordpress\/wp-content\/uploads\/2018\/11\/ruesbueldt-schulkind-kab.jpg 423w, https:\/\/www.rostock-frueher.de\/wordpress\/wp-content\/uploads\/2018\/11\/ruesbueldt-schulkind-kab-197x300.jpg 197w\" sizes=\"auto, (max-width: 423px) 100vw, 423px\" \/>\r\n<figcaption>Kabinettformat<\/figcaption>\r\n<\/figure>\r\n<\/div>\r\n\r\n\r\n\r\n<div class=\"wp-block-image\">\r\n<figure class=\"aligncenter\"><img loading=\"lazy\" decoding=\"async\" width=\"421\" height=\"648\" class=\"wp-image-4487\" src=\"http:\/\/werner0304.alfahosting.org\/wordpress\/wp-content\/uploads\/2018\/11\/ruesbueldt-familie-militaer-kab.jpg\" alt=\"\" srcset=\"https:\/\/www.rostock-frueher.de\/wordpress\/wp-content\/uploads\/2018\/11\/ruesbueldt-familie-militaer-kab.jpg 421w, https:\/\/www.rostock-frueher.de\/wordpress\/wp-content\/uploads\/2018\/11\/ruesbueldt-familie-militaer-kab-195x300.jpg 195w\" sizes=\"auto, (max-width: 421px) 100vw, 421px\" \/>\r\n<figcaption>Kabinettformat<\/figcaption>\r\n<\/figure>\r\n<\/div>\r\n\r\n\r\n\r\n<div class=\"wp-block-image\">\r\n<figure class=\"aligncenter\"><img loading=\"lazy\" decoding=\"async\" width=\"260\" height=\"472\" class=\"wp-image-4502\" src=\"http:\/\/werner0304.alfahosting.org\/wordpress\/wp-content\/uploads\/2018\/11\/ruesbueldt-militaer-cdv-schmal.jpg\" alt=\"\" srcset=\"https:\/\/www.rostock-frueher.de\/wordpress\/wp-content\/uploads\/2018\/11\/ruesbueldt-militaer-cdv-schmal.jpg 260w, https:\/\/www.rostock-frueher.de\/wordpress\/wp-content\/uploads\/2018\/11\/ruesbueldt-militaer-cdv-schmal-165x300.jpg 165w\" sizes=\"auto, (max-width: 260px) 100vw, 260px\" \/>\r\n<figcaption>Prinzessformat, fr\u00fchestens Mai 1918<\/figcaption>\r\n<\/figure>\r\n<\/div>\r\n\r\n\r\n\r\n<div class=\"wp-block-image\">\r\n<figure class=\"aligncenter\"><img loading=\"lazy\" decoding=\"async\" width=\"411\" height=\"637\" class=\"wp-image-4490\" src=\"http:\/\/werner0304.alfahosting.org\/wordpress\/wp-content\/uploads\/2018\/11\/ruesbueldt-soldat-kab-1-bearb.jpg\" alt=\"\" srcset=\"https:\/\/www.rostock-frueher.de\/wordpress\/wp-content\/uploads\/2018\/11\/ruesbueldt-soldat-kab-1-bearb.jpg 411w, https:\/\/www.rostock-frueher.de\/wordpress\/wp-content\/uploads\/2018\/11\/ruesbueldt-soldat-kab-1-bearb-194x300.jpg 194w\" sizes=\"auto, (max-width: 411px) 100vw, 411px\" \/>\r\n<figcaption>Kabinettformat<\/figcaption>\r\n<\/figure>\r\n<\/div>\r\n\r\n\r\n\r\n<p style=\"font-size: 20px;\">Mit dem 1. Weltkrieg war auch die Zeit der Fotografien vorbei, die auf Hartkartons gezogen wurden. Nun gab es Bilder im Postkartenformat.\u00a0<\/p>\r\n\r\n\r\n\r\n<div class=\"wp-block-image\">\r\n<figure class=\"aligncenter\"><img loading=\"lazy\" decoding=\"async\" width=\"540\" height=\"388\" class=\"wp-image-4515\" src=\"http:\/\/werner0304.alfahosting.org\/wordpress\/wp-content\/uploads\/2018\/11\/ruesbueldt-soldaten-1915-fo-ak.jpg\" alt=\"\" srcset=\"https:\/\/www.rostock-frueher.de\/wordpress\/wp-content\/uploads\/2018\/11\/ruesbueldt-soldaten-1915-fo-ak.jpg 540w, https:\/\/www.rostock-frueher.de\/wordpress\/wp-content\/uploads\/2018\/11\/ruesbueldt-soldaten-1915-fo-ak-300x216.jpg 300w\" sizes=\"auto, (max-width: 540px) 100vw, 540px\" \/>\r\n<figcaption>Postkarte; r\u00fcckseitiger Namensaufdruck. 1915 gelaufen.<\/figcaption>\r\n<\/figure>\r\n<\/div>\r\n\r\n\r\n\r\n<div class=\"wp-block-image\">\r\n<figure class=\"aligncenter\"><img loading=\"lazy\" decoding=\"async\" width=\"328\" height=\"520\" class=\"wp-image-4510\" src=\"http:\/\/werner0304.alfahosting.org\/wordpress\/wp-content\/uploads\/2018\/11\/22-hagemeister-ruesbueldt-1923-ak-fo.jpg\" alt=\"\" srcset=\"https:\/\/www.rostock-frueher.de\/wordpress\/wp-content\/uploads\/2018\/11\/22-hagemeister-ruesbueldt-1923-ak-fo.jpg 328w, https:\/\/www.rostock-frueher.de\/wordpress\/wp-content\/uploads\/2018\/11\/22-hagemeister-ruesbueldt-1923-ak-fo-189x300.jpg 189w\" sizes=\"auto, (max-width: 328px) 100vw, 328px\" \/>\r\n<figcaption>Postkarte; links unten ist der Urheber einkopiert; 1923 beschriftet<\/figcaption>\r\n<\/figure>\r\n<\/div>\r\n\r\n\r\n\r\n<div class=\"wp-block-image\">\r\n<figure class=\"aligncenter\"><img loading=\"lazy\" decoding=\"async\" width=\"352\" height=\"543\" class=\"wp-image-4514\" src=\"http:\/\/werner0304.alfahosting.org\/wordpress\/wp-content\/uploads\/2018\/11\/ruesbueldt-konfirmation-1927-fo-ak.jpg\" alt=\"\" srcset=\"https:\/\/www.rostock-frueher.de\/wordpress\/wp-content\/uploads\/2018\/11\/ruesbueldt-konfirmation-1927-fo-ak.jpg 352w, https:\/\/www.rostock-frueher.de\/wordpress\/wp-content\/uploads\/2018\/11\/ruesbueldt-konfirmation-1927-fo-ak-194x300.jpg 194w\" sizes=\"auto, (max-width: 352px) 100vw, 352px\" \/>\r\n<figcaption>Konfirmant. Postkarte, links unten ist der Urheber einkopiert; r\u00fcckseitig 1927 datiert<\/figcaption>\r\n<\/figure>\r\n<\/div>\r\n\r\n\r\n\r\n<div class=\"wp-block-image\">\r\n<figure class=\"aligncenter\"><img loading=\"lazy\" decoding=\"async\" width=\"355\" height=\"551\" class=\"wp-image-4512\" src=\"http:\/\/werner0304.alfahosting.org\/wordpress\/wp-content\/uploads\/2018\/11\/ruesbueldt-elli-fo-ak.jpg\" alt=\"\" srcset=\"https:\/\/www.rostock-frueher.de\/wordpress\/wp-content\/uploads\/2018\/11\/ruesbueldt-elli-fo-ak.jpg 355w, https:\/\/www.rostock-frueher.de\/wordpress\/wp-content\/uploads\/2018\/11\/ruesbueldt-elli-fo-ak-193x300.jpg 193w\" sizes=\"auto, (max-width: 355px) 100vw, 355px\" \/>\r\n<figcaption>Postkarte, r\u00fccksitig 1925 datiert<\/figcaption>\r\n<\/figure>\r\n<\/div>\r\n\r\n\r\n\r\n<div class=\"wp-block-image\">\r\n<figure class=\"aligncenter\"><img loading=\"lazy\" decoding=\"async\" width=\"315\" height=\"311\" class=\"wp-image-4513\" src=\"http:\/\/werner0304.alfahosting.org\/wordpress\/wp-content\/uploads\/2018\/11\/ruesbueldt-elli-fo-ak-r-1.jpg\" alt=\"\" srcset=\"https:\/\/www.rostock-frueher.de\/wordpress\/wp-content\/uploads\/2018\/11\/ruesbueldt-elli-fo-ak-r-1.jpg 315w, https:\/\/www.rostock-frueher.de\/wordpress\/wp-content\/uploads\/2018\/11\/ruesbueldt-elli-fo-ak-r-1-300x296.jpg 300w\" sizes=\"auto, (max-width: 315px) 100vw, 315px\" \/>\r\n<figcaption>R\u00fcckseitiger Stempel obiger Postkarte<\/figcaption>\r\n<\/figure>\r\n<\/div>\r\n\r\n\r\n\r\n<div class=\"wp-block-image\">\r\n<figure class=\"aligncenter\"><img loading=\"lazy\" decoding=\"async\" width=\"787\" height=\"548\" class=\"wp-image-4511\" src=\"http:\/\/werner0304.alfahosting.org\/wordpress\/wp-content\/uploads\/2018\/11\/ruesbueldt-bossow-plattdeutsch-ak.jpg\" alt=\"\" srcset=\"https:\/\/www.rostock-frueher.de\/wordpress\/wp-content\/uploads\/2018\/11\/ruesbueldt-bossow-plattdeutsch-ak.jpg 787w, https:\/\/www.rostock-frueher.de\/wordpress\/wp-content\/uploads\/2018\/11\/ruesbueldt-bossow-plattdeutsch-ak-300x209.jpg 300w, https:\/\/www.rostock-frueher.de\/wordpress\/wp-content\/uploads\/2018\/11\/ruesbueldt-bossow-plattdeutsch-ak-768x535.jpg 768w\" sizes=\"auto, (max-width: 787px) 100vw, 787px\" \/>\r\n<figcaption>Plattdeutsch- Verein Fritz Reuter Rostock. R\u00fccksitiger Fotografenstempel<\/figcaption>\r\n<\/figure>\r\n<\/div>\r\n\r\n\r\n\r\n<p style=\"font-size: 20px;\">Friedrich R\u00fcsb\u00fcldt fotografierte auch Ausflugslokale in Rostock und Umgebung:<\/p>\r\n\r\n\r\n\r\n<div class=\"wp-block-image\">\r\n<figure class=\"aligncenter\"><img loading=\"lazy\" decoding=\"async\" width=\"543\" height=\"351\" class=\"wp-image-4522\" src=\"http:\/\/werner0304.alfahosting.org\/wordpress\/wp-content\/uploads\/2018\/11\/ruesbueldt-schweizerhaus-1928-ak.jpg\" alt=\"\" srcset=\"https:\/\/www.rostock-frueher.de\/wordpress\/wp-content\/uploads\/2018\/11\/ruesbueldt-schweizerhaus-1928-ak.jpg 543w, https:\/\/www.rostock-frueher.de\/wordpress\/wp-content\/uploads\/2018\/11\/ruesbueldt-schweizerhaus-1928-ak-300x194.jpg 300w\" sizes=\"auto, (max-width: 543px) 100vw, 543px\" \/>\r\n<figcaption>Schweizerhaus, Veranda. Ansichtskarte, 1928 gelaufen<\/figcaption>\r\n<\/figure>\r\n<\/div>\r\n\r\n\r\n\r\n<div class=\"wp-block-image\">\r\n<figure class=\"aligncenter\"><img loading=\"lazy\" decoding=\"async\" width=\"539\" height=\"346\" class=\"wp-image-4521\" src=\"http:\/\/werner0304.alfahosting.org\/wordpress\/wp-content\/uploads\/2018\/11\/ruesbueldt-hinrichshagen-ak.jpg\" alt=\"\" srcset=\"https:\/\/www.rostock-frueher.de\/wordpress\/wp-content\/uploads\/2018\/11\/ruesbueldt-hinrichshagen-ak.jpg 539w, https:\/\/www.rostock-frueher.de\/wordpress\/wp-content\/uploads\/2018\/11\/ruesbueldt-hinrichshagen-ak-300x193.jpg 300w\" sizes=\"auto, (max-width: 539px) 100vw, 539px\" \/>\r\n<figcaption>Gru\u00df aus der Rostocker Heide. Waldkrug Hinrichshagen. Ansichtskarte, 1920 beschrieben<\/figcaption>\r\n<\/figure>\r\n<\/div>\r\n\r\n\r\n\r\n<div class=\"wp-block-image\">\r\n<figure class=\"aligncenter\"><img loading=\"lazy\" decoding=\"async\" width=\"534\" height=\"534\" class=\"wp-image-4523\" src=\"http:\/\/werner0304.alfahosting.org\/wordpress\/wp-content\/uploads\/2018\/11\/ruesbueldt-ulenflucht-ak.jpg\" alt=\"\" srcset=\"https:\/\/www.rostock-frueher.de\/wordpress\/wp-content\/uploads\/2018\/11\/ruesbueldt-ulenflucht-ak.jpg 534w, https:\/\/www.rostock-frueher.de\/wordpress\/wp-content\/uploads\/2018\/11\/ruesbueldt-ulenflucht-ak-150x150.jpg 150w, https:\/\/www.rostock-frueher.de\/wordpress\/wp-content\/uploads\/2018\/11\/ruesbueldt-ulenflucht-ak-300x300.jpg 300w, https:\/\/www.rostock-frueher.de\/wordpress\/wp-content\/uploads\/2018\/11\/ruesbueldt-ulenflucht-ak-200x200.jpg 200w\" sizes=\"auto, (max-width: 534px) 100vw, 534px\" \/>\r\n<figcaption>Haus Ulenflucht. (bei Graal) Unterkunftsh\u00fctte des Touristen-Vereins der Naturfreunde. Ortsgruppe Rostock in Mecklenburg. Ansichtskarte<\/figcaption>\r\n<\/figure>\r\n<\/div>\r\n\r\n\r\n\r\n<p style=\"font-size: 20px;\">Auch f\u00fcr den Rostocker Anzeiger fotografierte R\u00fcsb\u00fcldt:<\/p>\r\n\r\n\r\n\r\n<div class=\"wp-block-image\">\r\n<figure class=\"aligncenter\"><img loading=\"lazy\" decoding=\"async\" width=\"425\" height=\"592\" class=\"wp-image-4528\" src=\"http:\/\/werner0304.alfahosting.org\/wordpress\/wp-content\/uploads\/2018\/11\/ruesbueldt-friseur-ra-we-1925-28.jpg\" alt=\"\" srcset=\"https:\/\/www.rostock-frueher.de\/wordpress\/wp-content\/uploads\/2018\/11\/ruesbueldt-friseur-ra-we-1925-28.jpg 425w, https:\/\/www.rostock-frueher.de\/wordpress\/wp-content\/uploads\/2018\/11\/ruesbueldt-friseur-ra-we-1925-28-215x300.jpg 215w\" sizes=\"auto, (max-width: 425px) 100vw, 425px\" \/>\r\n<figcaption>Schaufrisieren der Friseur-Innung zu Rostock am 14. Juni 1925 in der Tonhalle.<\/figcaption>\r\n<\/figure>\r\n<\/div>\r\n\r\n\r\n\r\n<p style=\"font-size: 20px;\">Zum Schluss die sch\u00f6nsten bzw. interessantesten Aufnahmen. Zuerst eine stimmungsvolle Familienaufnahme aus Warnem\u00fcnde:<\/p>\r\n\r\n\r\n\r\n<div class=\"wp-block-image\">\r\n<figure class=\"aligncenter\"><img loading=\"lazy\" decoding=\"async\" width=\"892\" height=\"643\" class=\"wp-image-4529\" src=\"http:\/\/werner0304.alfahosting.org\/wordpress\/wp-content\/uploads\/2018\/11\/ruesbueldt-warenemuende-foto-gr-1.jpg\" alt=\"\" srcset=\"https:\/\/www.rostock-frueher.de\/wordpress\/wp-content\/uploads\/2018\/11\/ruesbueldt-warenemuende-foto-gr-1.jpg 892w, https:\/\/www.rostock-frueher.de\/wordpress\/wp-content\/uploads\/2018\/11\/ruesbueldt-warenemuende-foto-gr-1-300x216.jpg 300w, https:\/\/www.rostock-frueher.de\/wordpress\/wp-content\/uploads\/2018\/11\/ruesbueldt-warenemuende-foto-gr-1-768x554.jpg 768w\" sizes=\"auto, (max-width: 892px) 100vw, 892px\" \/><\/figure>\r\n<\/div>\r\n\r\n\r\n\r\n<p style=\"font-size: 20px;\">Die n\u00e4chsten beiden Ansichtskarten wurden im Juni 1922 w\u00e4hrend des Jugendtages der Sozialdemokratie der beiden Mecklenburgs und L\u00fcbecks aufgenommen. Auf der ersten Karte ist eine Massenkundgebung zu sehen, die am Vormittag des 4. Juni am Brink stattfand. Einer der Redner war der sp\u00e4tere Rostocker Oberb\u00fcrgermeister Albert Schulz.<\/p>\r\n\r\n\r\n\r\n<div class=\"wp-block-image\">\r\n<figure class=\"aligncenter\"><img loading=\"lazy\" decoding=\"async\" width=\"543\" height=\"338\" class=\"wp-image-4534\" src=\"http:\/\/werner0304.alfahosting.org\/wordpress\/wp-content\/uploads\/2018\/12\/ruesbueldt-arbeiter-jugendtag-1922-ak.jpg\" alt=\"\" srcset=\"https:\/\/www.rostock-frueher.de\/wordpress\/wp-content\/uploads\/2018\/12\/ruesbueldt-arbeiter-jugendtag-1922-ak.jpg 543w, https:\/\/www.rostock-frueher.de\/wordpress\/wp-content\/uploads\/2018\/12\/ruesbueldt-arbeiter-jugendtag-1922-ak-300x187.jpg 300w\" sizes=\"auto, (max-width: 543px) 100vw, 543px\" \/><\/figure>\r\n<\/div>\r\n\r\n\r\n\r\n<div class=\"wp-block-image\">\r\n<figure class=\"aligncenter\"><img loading=\"lazy\" decoding=\"async\" width=\"322\" height=\"69\" class=\"wp-image-4536\" src=\"http:\/\/werner0304.alfahosting.org\/wordpress\/wp-content\/uploads\/2018\/12\/ruesbueldt-jugendtag-1922-ak-rueck.jpg\" alt=\"\" srcset=\"https:\/\/www.rostock-frueher.de\/wordpress\/wp-content\/uploads\/2018\/12\/ruesbueldt-jugendtag-1922-ak-rueck.jpg 322w, https:\/\/www.rostock-frueher.de\/wordpress\/wp-content\/uploads\/2018\/12\/ruesbueldt-jugendtag-1922-ak-rueck-300x64.jpg 300w\" sizes=\"auto, (max-width: 322px) 100vw, 322px\" \/>\r\n<figcaption>R\u00fcckseitiger Aufdruck<\/figcaption>\r\n<\/figure>\r\n<\/div>\r\n\r\n\r\n\r\n<p style=\"font-size: 20px;\">Am Nachmittag des Folgetages fand am Waldhaus in der Rostocker Heide ein Waldfest statt.<\/p>\r\n\r\n\r\n\r\n<div class=\"wp-block-image\">\r\n<figure class=\"aligncenter\"><img loading=\"lazy\" decoding=\"async\" width=\"530\" height=\"343\" class=\"wp-image-4535\" src=\"http:\/\/werner0304.alfahosting.org\/wordpress\/wp-content\/uploads\/2018\/12\/ruesbueldt-jugendtag-1922-ak.jpg\" alt=\"\" srcset=\"https:\/\/www.rostock-frueher.de\/wordpress\/wp-content\/uploads\/2018\/12\/ruesbueldt-jugendtag-1922-ak.jpg 530w, https:\/\/www.rostock-frueher.de\/wordpress\/wp-content\/uploads\/2018\/12\/ruesbueldt-jugendtag-1922-ak-300x194.jpg 300w\" sizes=\"auto, (max-width: 530px) 100vw, 530px\" \/><\/figure>\r\n<\/div>\r\n\r\n\r\n\r\n<div class=\"wp-block-image\">\r\n<figure class=\"aligncenter\"><img loading=\"lazy\" decoding=\"async\" width=\"544\" height=\"344\" class=\"wp-image-4533\" src=\"http:\/\/werner0304.alfahosting.org\/wordpress\/wp-content\/uploads\/2018\/12\/graal-pluns-waldhaus-ak.jpg\" alt=\"\" srcset=\"https:\/\/www.rostock-frueher.de\/wordpress\/wp-content\/uploads\/2018\/12\/graal-pluns-waldhaus-ak.jpg 544w, https:\/\/www.rostock-frueher.de\/wordpress\/wp-content\/uploads\/2018\/12\/graal-pluns-waldhaus-ak-300x190.jpg 300w\" sizes=\"auto, (max-width: 544px) 100vw, 544px\" \/>\r\n<figcaption>Das Waldhaus in Rostocker Heide bei Graal. Ansichtskarte des Graaler Fotografen Friedrich Pluns<\/figcaption>\r\n<\/figure>\r\n<\/div>\r\n\r\n\r\n\r\n<p style=\"font-size: 20px;\">1928 beendete Friedrich R\u00fcsb\u00fcldt seine T\u00e4tigkeit als Fotograf. Er starb 1931 in Rostock.\u00a0<\/p>\r\n","protected":false},"excerpt":{"rendered":"Friedrich R\u00fcsb\u00fcldt wurde 1885 als Sohn eines Schuhmachermeisters in Rostock geboren. Im Jahr 1909 er\u00f6ffnete er am Hopfenmarkt 28 sein erstes Atelier. Er blieb nur ca. ein Jahr am Hopfenmarkt. Ich kenne kein Bild, das er dort aufgenommen hat. Er beendete damit den Betrieb eines photographischen Ateliers, der 1873 mit August Best begonnen hatte. Das [&hellip;]","protected":false},"author":1,"featured_media":0,"parent":210,"menu_order":28,"comment_status":"closed","ping_status":"closed","template":"","meta":{"footnotes":""},"class_list":["post-4455","page","type-page","status-publish","hentry"],"_links":{"self":[{"href":"https:\/\/www.rostock-frueher.de\/wordpress\/index.php?rest_route=\/wp\/v2\/pages\/4455","targetHints":{"allow":["GET"]}}],"collection":[{"href":"https:\/\/www.rostock-frueher.de\/wordpress\/index.php?rest_route=\/wp\/v2\/pages"}],"about":[{"href":"https:\/\/www.rostock-frueher.de\/wordpress\/index.php?rest_route=\/wp\/v2\/types\/page"}],"author":[{"embeddable":true,"href":"https:\/\/www.rostock-frueher.de\/wordpress\/index.php?rest_route=\/wp\/v2\/users\/1"}],"replies":[{"embeddable":true,"href":"https:\/\/www.rostock-frueher.de\/wordpress\/index.php?rest_route=%2Fwp%2Fv2%2Fcomments&post=4455"}],"version-history":[{"count":35,"href":"https:\/\/www.rostock-frueher.de\/wordpress\/index.php?rest_route=\/wp\/v2\/pages\/4455\/revisions"}],"predecessor-version":[{"id":5703,"href":"https:\/\/www.rostock-frueher.de\/wordpress\/index.php?rest_route=\/wp\/v2\/pages\/4455\/revisions\/5703"}],"up":[{"embeddable":true,"href":"https:\/\/www.rostock-frueher.de\/wordpress\/index.php?rest_route=\/wp\/v2\/pages\/210"}],"wp:attachment":[{"href":"https:\/\/www.rostock-frueher.de\/wordpress\/index.php?rest_route=%2Fwp%2Fv2%2Fmedia&parent=4455"}],"curies":[{"name":"wp","href":"https:\/\/api.w.org\/{rel}","templated":true}]}}