{"id":3923,"date":"2017-08-03T13:33:40","date_gmt":"2017-08-03T12:33:40","guid":{"rendered":"http:\/\/werner0304.alfahosting.org\/wordpress\/?page_id=3923"},"modified":"2022-06-18T12:50:45","modified_gmt":"2022-06-18T11:50:45","slug":"hans-schulz","status":"publish","type":"page","link":"https:\/\/www.rostock-frueher.de\/wordpress\/?page_id=3923","title":{"rendered":"Hans Schulz"},"content":{"rendered":"<p>\u00dcber Hans Schulz ist nur bekannt, dass er von 1903 bis 1910 ein Fotoatelier am Neuen Markt 5 betrieb. Das Atelier pr\u00e4gte baulich die S\u00fcdseite des Neuen Marktes. Es blieb bis zur Zerst\u00f6rung 1942 erhalten und wurde von Schulz\u00b4 Nachfolgern Wilhelm G\u00f6tte und Wilhelm Selck fortgef\u00fchrt.<br \/>\nAuf dem nachfolgenden Bild ist das Haus Neuer Markt 5 als zweites Haus von rechts vor dem Umbau zu Atelier zu sehen:<span style=\"color: #000000; font-family: Calibri;\"><br \/>\n<\/span><\/p>\n<figure id=\"attachment_3920\" aria-describedby=\"caption-attachment-3920\" style=\"width: 657px\" class=\"wp-caption aligncenter\"><a href=\"http:\/\/werner0304.alfahosting.org\/wordpress\/?attachment_id=3920\" rel=\"attachment wp-att-3920\"><img loading=\"lazy\" decoding=\"async\" class=\"size-full wp-image-3920\" src=\"http:\/\/werner0304.alfahosting.org\/wordpress\/wp-content\/uploads\/2017\/08\/unbekannt-neuer-markt-kab.jpg\" alt=\"\" width=\"657\" height=\"430\" srcset=\"https:\/\/www.rostock-frueher.de\/wordpress\/wp-content\/uploads\/2017\/08\/unbekannt-neuer-markt-kab.jpg 657w, https:\/\/www.rostock-frueher.de\/wordpress\/wp-content\/uploads\/2017\/08\/unbekannt-neuer-markt-kab-300x196.jpg 300w\" sizes=\"auto, (max-width: 657px) 100vw, 657px\" \/><\/a><figcaption id=\"caption-attachment-3920\" class=\"wp-caption-text\">Neuer Markt, S\u00fcdseite. Um 1890. Fotograf unbekannt. Kabinettformat<\/figcaption><\/figure>\n<p>Und eine Ansicht nach dem Umbau:\u00a0<span style=\"color: #000000; font-family: Calibri;\"><br \/>\n<\/span><\/p>\n<figure id=\"attachment_3919\" aria-describedby=\"caption-attachment-3919\" style=\"width: 591px\" class=\"wp-caption aligncenter\"><a href=\"http:\/\/werner0304.alfahosting.org\/wordpress\/?attachment_id=3919\" rel=\"attachment wp-att-3919\"><img loading=\"lazy\" decoding=\"async\" class=\"size-full wp-image-3919\" src=\"http:\/\/werner0304.alfahosting.org\/wordpress\/wp-content\/uploads\/2017\/08\/spach-neuer-markt-steinstr-fo.jpg\" alt=\"\" width=\"591\" height=\"354\" srcset=\"https:\/\/www.rostock-frueher.de\/wordpress\/wp-content\/uploads\/2017\/08\/spach-neuer-markt-steinstr-fo.jpg 591w, https:\/\/www.rostock-frueher.de\/wordpress\/wp-content\/uploads\/2017\/08\/spach-neuer-markt-steinstr-fo-300x180.jpg 300w\" sizes=\"auto, (max-width: 591px) 100vw, 591px\" \/><\/a><figcaption id=\"caption-attachment-3919\" class=\"wp-caption-text\">Neuer Markt, S\u00fcdseite. Um 1910, Fotograf: Rudolf Spach (Pr\u00e4gung rechts unten)<\/figcaption><\/figure>\n<p>Und noch eine ganz \u00e4hnliche Ansicht, diesmal als Postkarte:<\/p>\n<figure id=\"attachment_3914\" aria-describedby=\"caption-attachment-3914\" style=\"width: 543px\" class=\"wp-caption aligncenter\"><a href=\"http:\/\/werner0304.alfahosting.org\/wordpress\/?attachment_id=3914\" rel=\"attachment wp-att-3914\"><img loading=\"lazy\" decoding=\"async\" class=\"size-full wp-image-3914\" src=\"http:\/\/werner0304.alfahosting.org\/wordpress\/wp-content\/uploads\/2017\/08\/schulz-neuer-markt-steinstr-1909-ak.jpg\" alt=\"\" width=\"543\" height=\"345\" srcset=\"https:\/\/www.rostock-frueher.de\/wordpress\/wp-content\/uploads\/2017\/08\/schulz-neuer-markt-steinstr-1909-ak.jpg 543w, https:\/\/www.rostock-frueher.de\/wordpress\/wp-content\/uploads\/2017\/08\/schulz-neuer-markt-steinstr-1909-ak-300x191.jpg 300w\" sizes=\"auto, (max-width: 543px) 100vw, 543px\" \/><\/a><figcaption id=\"caption-attachment-3914\" class=\"wp-caption-text\">Ansichtskarte, 1909 gelaufen<\/figcaption><\/figure>\n<p>Das Atelier erstreckte sich nicht \u00fcber die gesamte Glaskonstruktion. Links gab es einen Bereich von vier Glasfeldern Breite, der vom Atelier getrennt war. Die vier Glasfelder lie\u00dfen sich \u00f6ffnen. Eventuell gab es vor den Fenstern Vorrichtungen zum Trocknen der Fotos. Im Atelier befanden sich in der Glaskonstruktion zwei T\u00fcren.<\/p>\n<p>Hierzu ein Ausschnitt aus obiger Ansichtskarte:<br \/>\n<a href=\"http:\/\/werner0304.alfahosting.org\/wordpress\/?attachment_id=3915\" rel=\"attachment wp-att-3915\"><img loading=\"lazy\" decoding=\"async\" class=\"aligncenter size-full wp-image-3915\" src=\"http:\/\/werner0304.alfahosting.org\/wordpress\/wp-content\/uploads\/2017\/08\/schulz-neuer-markt-steinstr-1909-ak-1.jpg\" alt=\"\" width=\"764\" height=\"435\" srcset=\"https:\/\/www.rostock-frueher.de\/wordpress\/wp-content\/uploads\/2017\/08\/schulz-neuer-markt-steinstr-1909-ak-1.jpg 764w, https:\/\/www.rostock-frueher.de\/wordpress\/wp-content\/uploads\/2017\/08\/schulz-neuer-markt-steinstr-1909-ak-1-300x171.jpg 300w\" sizes=\"auto, (max-width: 764px) 100vw, 764px\" \/><\/a>Nun zu den Bildern aus dem Atelier, \u00fcberwiegend in der Reihenfolge ihres Entstehungszeitraumes.<\/p>\n<figure id=\"attachment_3908\" aria-describedby=\"caption-attachment-3908\" style=\"width: 206px\" class=\"wp-caption aligncenter\"><a href=\"http:\/\/werner0304.alfahosting.org\/wordpress\/?attachment_id=3908\" rel=\"attachment wp-att-3908\"><img loading=\"lazy\" decoding=\"async\" class=\"size-full wp-image-3908\" src=\"http:\/\/werner0304.alfahosting.org\/wordpress\/wp-content\/uploads\/2017\/08\/koenig-09-schulz-prinzess.jpg\" alt=\"\" width=\"206\" height=\"478\" srcset=\"https:\/\/www.rostock-frueher.de\/wordpress\/wp-content\/uploads\/2017\/08\/koenig-09-schulz-prinzess.jpg 206w, https:\/\/www.rostock-frueher.de\/wordpress\/wp-content\/uploads\/2017\/08\/koenig-09-schulz-prinzess-129x300.jpg 129w\" sizes=\"auto, (max-width: 206px) 100vw, 206px\" \/><\/a><figcaption id=\"caption-attachment-3908\" class=\"wp-caption-text\">Eine Rostocker Gastwirtstochter. Prinzessformat. R\u00fcckseite blanko<\/figcaption><\/figure>\n<figure id=\"attachment_3917\" aria-describedby=\"caption-attachment-3917\" style=\"width: 250px\" class=\"wp-caption aligncenter\"><a href=\"http:\/\/werner0304.alfahosting.org\/wordpress\/?attachment_id=3917\" rel=\"attachment wp-att-3917\"><img loading=\"lazy\" decoding=\"async\" class=\"size-full wp-image-3917\" src=\"http:\/\/werner0304.alfahosting.org\/wordpress\/wp-content\/uploads\/2017\/08\/schulz-von-bittenfeld-1904-cdv-1.jpg\" alt=\"\" width=\"250\" height=\"411\" srcset=\"https:\/\/www.rostock-frueher.de\/wordpress\/wp-content\/uploads\/2017\/08\/schulz-von-bittenfeld-1904-cdv-1.jpg 250w, https:\/\/www.rostock-frueher.de\/wordpress\/wp-content\/uploads\/2017\/08\/schulz-von-bittenfeld-1904-cdv-1-182x300.jpg 182w\" sizes=\"auto, (max-width: 250px) 100vw, 250px\" \/><\/a><figcaption id=\"caption-attachment-3917\" class=\"wp-caption-text\">Adlige Dame, namentlich bezeichnet. Visitormat. R\u00fcckseite blanko.<\/figcaption><\/figure>\n<figure id=\"attachment_3921\" aria-describedby=\"caption-attachment-3921\" style=\"width: 258px\" class=\"wp-caption aligncenter\"><a href=\"http:\/\/werner0304.alfahosting.org\/wordpress\/?attachment_id=3921\" rel=\"attachment wp-att-3921\"><img loading=\"lazy\" decoding=\"async\" class=\"size-full wp-image-3921\" src=\"http:\/\/werner0304.alfahosting.org\/wordpress\/wp-content\/uploads\/2017\/08\/z-wedemeyer-palack-schulz-emma-1904-cdv.jpg\" alt=\"\" width=\"258\" height=\"420\" srcset=\"https:\/\/www.rostock-frueher.de\/wordpress\/wp-content\/uploads\/2017\/08\/z-wedemeyer-palack-schulz-emma-1904-cdv.jpg 258w, https:\/\/www.rostock-frueher.de\/wordpress\/wp-content\/uploads\/2017\/08\/z-wedemeyer-palack-schulz-emma-1904-cdv-184x300.jpg 184w\" sizes=\"auto, (max-width: 258px) 100vw, 258px\" \/><\/a><figcaption id=\"caption-attachment-3921\" class=\"wp-caption-text\">Visitformat. R\u00fcckseite blanko<\/figcaption><\/figure>\n<figure id=\"attachment_3918\" aria-describedby=\"caption-attachment-3918\" style=\"width: 512px\" class=\"wp-caption aligncenter\"><a href=\"http:\/\/werner0304.alfahosting.org\/wordpress\/?attachment_id=3918\" rel=\"attachment wp-att-3918\"><img loading=\"lazy\" decoding=\"async\" class=\"size-full wp-image-3918\" src=\"http:\/\/werner0304.alfahosting.org\/wordpress\/wp-content\/uploads\/2017\/08\/schulz-zwei-kinder-cdv.jpg\" alt=\"\" width=\"512\" height=\"418\" srcset=\"https:\/\/www.rostock-frueher.de\/wordpress\/wp-content\/uploads\/2017\/08\/schulz-zwei-kinder-cdv.jpg 512w, https:\/\/www.rostock-frueher.de\/wordpress\/wp-content\/uploads\/2017\/08\/schulz-zwei-kinder-cdv-300x245.jpg 300w\" sizes=\"auto, (max-width: 512px) 100vw, 512px\" \/><\/a><figcaption id=\"caption-attachment-3918\" class=\"wp-caption-text\">Visitformat.<\/figcaption><\/figure>\n<figure id=\"attachment_3922\" aria-describedby=\"caption-attachment-3922\" style=\"width: 842px\" class=\"wp-caption aligncenter\"><a href=\"http:\/\/werner0304.alfahosting.org\/wordpress\/?attachment_id=3922\" rel=\"attachment wp-att-3922\"><img loading=\"lazy\" decoding=\"async\" class=\"size-full wp-image-3922\" src=\"http:\/\/werner0304.alfahosting.org\/wordpress\/wp-content\/uploads\/2017\/08\/z-wedemeyer-palack-schulz-lotte-anna-kab.jpg\" alt=\"\" width=\"842\" height=\"630\" srcset=\"https:\/\/www.rostock-frueher.de\/wordpress\/wp-content\/uploads\/2017\/08\/z-wedemeyer-palack-schulz-lotte-anna-kab.jpg 842w, https:\/\/www.rostock-frueher.de\/wordpress\/wp-content\/uploads\/2017\/08\/z-wedemeyer-palack-schulz-lotte-anna-kab-300x224.jpg 300w, https:\/\/www.rostock-frueher.de\/wordpress\/wp-content\/uploads\/2017\/08\/z-wedemeyer-palack-schulz-lotte-anna-kab-768x575.jpg 768w\" sizes=\"auto, (max-width: 842px) 100vw, 842px\" \/><\/a><figcaption id=\"caption-attachment-3922\" class=\"wp-caption-text\">Zwei Schwestern aus Tessin. Kabinettformat<\/figcaption><\/figure>\n<p>Und noch drei Fotos einer Tochter eines Rostocker Bankdirektors:<\/p>\n<figure id=\"attachment_3912\" aria-describedby=\"caption-attachment-3912\" style=\"width: 507px\" class=\"wp-caption aligncenter\"><a href=\"http:\/\/werner0304.alfahosting.org\/wordpress\/?attachment_id=3912\" rel=\"attachment wp-att-3912\"><img loading=\"lazy\" decoding=\"async\" class=\"size-full wp-image-3912\" src=\"http:\/\/werner0304.alfahosting.org\/wordpress\/wp-content\/uploads\/2017\/08\/schulz-keese-louise-cdv.jpg\" alt=\"\" width=\"507\" height=\"417\" srcset=\"https:\/\/www.rostock-frueher.de\/wordpress\/wp-content\/uploads\/2017\/08\/schulz-keese-louise-cdv.jpg 507w, https:\/\/www.rostock-frueher.de\/wordpress\/wp-content\/uploads\/2017\/08\/schulz-keese-louise-cdv-300x247.jpg 300w\" sizes=\"auto, (max-width: 507px) 100vw, 507px\" \/><\/a><figcaption id=\"caption-attachment-3912\" class=\"wp-caption-text\">Visitformat<\/figcaption><\/figure>\n<figure id=\"attachment_3909\" aria-describedby=\"caption-attachment-3909\" style=\"width: 259px\" class=\"wp-caption aligncenter\"><a href=\"http:\/\/werner0304.alfahosting.org\/wordpress\/?attachment_id=3909\" rel=\"attachment wp-att-3909\"><img loading=\"lazy\" decoding=\"async\" class=\"size-full wp-image-3909\" src=\"http:\/\/werner0304.alfahosting.org\/wordpress\/wp-content\/uploads\/2017\/08\/schulz-frau-cdv-sonderformat.jpg\" alt=\"\" width=\"259\" height=\"472\" srcset=\"https:\/\/www.rostock-frueher.de\/wordpress\/wp-content\/uploads\/2017\/08\/schulz-frau-cdv-sonderformat.jpg 259w, https:\/\/www.rostock-frueher.de\/wordpress\/wp-content\/uploads\/2017\/08\/schulz-frau-cdv-sonderformat-165x300.jpg 165w\" sizes=\"auto, (max-width: 259px) 100vw, 259px\" \/><\/a><figcaption id=\"caption-attachment-3909\" class=\"wp-caption-text\">R\u00fcckseite blanko<\/figcaption><\/figure>\n<figure id=\"attachment_3910\" aria-describedby=\"caption-attachment-3910\" style=\"width: 654px\" class=\"wp-caption alignnone\"><a href=\"http:\/\/werner0304.alfahosting.org\/wordpress\/?attachment_id=3910\" rel=\"attachment wp-att-3910\"><img loading=\"lazy\" decoding=\"async\" class=\"wp-image-3910 size-full\" src=\"http:\/\/werner0304.alfahosting.org\/wordpress\/wp-content\/uploads\/2017\/08\/schulz-gruppe-kab.jpg\" alt=\"\" width=\"654\" height=\"424\" srcset=\"https:\/\/www.rostock-frueher.de\/wordpress\/wp-content\/uploads\/2017\/08\/schulz-gruppe-kab.jpg 654w, https:\/\/www.rostock-frueher.de\/wordpress\/wp-content\/uploads\/2017\/08\/schulz-gruppe-kab-300x194.jpg 300w\" sizes=\"auto, (max-width: 654px) 100vw, 654px\" \/><\/a><figcaption id=\"caption-attachment-3910\" class=\"wp-caption-text\">Kabinettformat. R\u00fcckseite blanko<\/figcaption><\/figure>\n<p class=\"mceTemp\">Hans Schulz verwendete verschiedene qualitativ hochwertige Hintergr\u00fcnde, die teilweise sogar recht echt wirkten:<\/p>\n<figure id=\"attachment_3916\" aria-describedby=\"caption-attachment-3916\" style=\"width: 711px\" class=\"wp-caption aligncenter\"><a href=\"http:\/\/werner0304.alfahosting.org\/wordpress\/?attachment_id=3916\" rel=\"attachment wp-att-3916\"><img loading=\"lazy\" decoding=\"async\" class=\"size-full wp-image-3916\" src=\"http:\/\/werner0304.alfahosting.org\/wordpress\/wp-content\/uploads\/2017\/08\/schulz-vier-maenner-eine-frau-kab-gross.jpg\" alt=\"\" width=\"711\" height=\"436\" srcset=\"https:\/\/www.rostock-frueher.de\/wordpress\/wp-content\/uploads\/2017\/08\/schulz-vier-maenner-eine-frau-kab-gross.jpg 711w, https:\/\/www.rostock-frueher.de\/wordpress\/wp-content\/uploads\/2017\/08\/schulz-vier-maenner-eine-frau-kab-gross-300x184.jpg 300w\" sizes=\"auto, (max-width: 711px) 100vw, 711px\" \/><\/a><figcaption id=\"caption-attachment-3916\" class=\"wp-caption-text\">\u00dcberformat. R\u00fcckseite blanko<\/figcaption><\/figure>\n<p>Zu Ostern 1906 fotografierte Schulz einen Hund namens Mohrli.<\/p>\n<figure id=\"attachment_3913\" aria-describedby=\"caption-attachment-3913\" style=\"width: 258px\" class=\"wp-caption aligncenter\"><a href=\"http:\/\/werner0304.alfahosting.org\/wordpress\/?attachment_id=3913\" rel=\"attachment wp-att-3913\"><img loading=\"lazy\" decoding=\"async\" class=\"size-full wp-image-3913\" src=\"http:\/\/werner0304.alfahosting.org\/wordpress\/wp-content\/uploads\/2017\/08\/schulz-mohrli-1906-cdv.jpg\" alt=\"\" width=\"258\" height=\"420\" srcset=\"https:\/\/www.rostock-frueher.de\/wordpress\/wp-content\/uploads\/2017\/08\/schulz-mohrli-1906-cdv.jpg 258w, https:\/\/www.rostock-frueher.de\/wordpress\/wp-content\/uploads\/2017\/08\/schulz-mohrli-1906-cdv-184x300.jpg 184w\" sizes=\"auto, (max-width: 258px) 100vw, 258px\" \/><\/a><figcaption id=\"caption-attachment-3913\" class=\"wp-caption-text\">Visitformat. R\u00fcckseite blanko<\/figcaption><\/figure>\n<p>Auch Studenten geh\u00f6rten zu Schulz\u00b4 Kunden.<\/p>\n<figure id=\"attachment_3911\" aria-describedby=\"caption-attachment-3911\" style=\"width: 250px\" class=\"wp-caption aligncenter\"><a href=\"http:\/\/werner0304.alfahosting.org\/wordpress\/?attachment_id=3911\" rel=\"attachment wp-att-3911\"><img loading=\"lazy\" decoding=\"async\" class=\"size-full wp-image-3911\" src=\"http:\/\/werner0304.alfahosting.org\/wordpress\/wp-content\/uploads\/2017\/08\/schulz-holscher-1908-cdv-klein.jpg\" alt=\"\" width=\"250\" height=\"407\" srcset=\"https:\/\/www.rostock-frueher.de\/wordpress\/wp-content\/uploads\/2017\/08\/schulz-holscher-1908-cdv-klein.jpg 250w, https:\/\/www.rostock-frueher.de\/wordpress\/wp-content\/uploads\/2017\/08\/schulz-holscher-1908-cdv-klein-184x300.jpg 184w\" sizes=\"auto, (max-width: 250px) 100vw, 250px\" \/><\/a><figcaption id=\"caption-attachment-3911\" class=\"wp-caption-text\">Visitformat. R\u00fcckseite blanko.<\/figcaption><\/figure>\n<p>Abgebildet ist Ernst Holscher. Er studierte 1908 Theologie in Rostock und war Mitglied der studentischen Verbindung Wingolf. Als Offiziers-Stellvertreter starb er im Jahr 1915 im 1. Weltkrieg.<\/p>\n<p>Auf Hans Schulz folgte die Firma Hans Schulz Nachfolger. Inhaber waren Wilhelm G\u00f6tte und Wilhelm Selck.<\/p>\n<p>Hier geht\u00b4s zum Artikel zu G\u00f6tte und Selck:\u00a0<a href=\"http:\/\/werner0304.alfahosting.org\/wordpress\/?page_id=3936\">http:\/\/werner0304.alfahosting.org\/wordpress\/?page_id=3936<\/a><\/p>\n<p><span style=\"color: #000000; font-family: Calibri;\">\u00a0<\/span><\/p>\n<p>&nbsp;<\/p>\n<h4><span style=\"color: #000000; font-family: Calibri;\">\u00a0<\/span><\/h4>\n","protected":false},"excerpt":{"rendered":"\u00dcber Hans Schulz ist nur bekannt, dass er von 1903 bis 1910 ein Fotoatelier am Neuen Markt 5 betrieb. Das Atelier pr\u00e4gte baulich die S\u00fcdseite des Neuen Marktes. Es blieb bis zur Zerst\u00f6rung 1942 erhalten und wurde von Schulz\u00b4 Nachfolgern Wilhelm G\u00f6tte und Wilhelm Selck fortgef\u00fchrt. Auf dem nachfolgenden Bild ist das Haus Neuer Markt [&hellip;]","protected":false},"author":1,"featured_media":0,"parent":210,"menu_order":29,"comment_status":"closed","ping_status":"closed","template":"","meta":{"footnotes":""},"class_list":["post-3923","page","type-page","status-publish","hentry"],"_links":{"self":[{"href":"https:\/\/www.rostock-frueher.de\/wordpress\/index.php?rest_route=\/wp\/v2\/pages\/3923","targetHints":{"allow":["GET"]}}],"collection":[{"href":"https:\/\/www.rostock-frueher.de\/wordpress\/index.php?rest_route=\/wp\/v2\/pages"}],"about":[{"href":"https:\/\/www.rostock-frueher.de\/wordpress\/index.php?rest_route=\/wp\/v2\/types\/page"}],"author":[{"embeddable":true,"href":"https:\/\/www.rostock-frueher.de\/wordpress\/index.php?rest_route=\/wp\/v2\/users\/1"}],"replies":[{"embeddable":true,"href":"https:\/\/www.rostock-frueher.de\/wordpress\/index.php?rest_route=%2Fwp%2Fv2%2Fcomments&post=3923"}],"version-history":[{"count":10,"href":"https:\/\/www.rostock-frueher.de\/wordpress\/index.php?rest_route=\/wp\/v2\/pages\/3923\/revisions"}],"predecessor-version":[{"id":5704,"href":"https:\/\/www.rostock-frueher.de\/wordpress\/index.php?rest_route=\/wp\/v2\/pages\/3923\/revisions\/5704"}],"up":[{"embeddable":true,"href":"https:\/\/www.rostock-frueher.de\/wordpress\/index.php?rest_route=\/wp\/v2\/pages\/210"}],"wp:attachment":[{"href":"https:\/\/www.rostock-frueher.de\/wordpress\/index.php?rest_route=%2Fwp%2Fv2%2Fmedia&parent=3923"}],"curies":[{"name":"wp","href":"https:\/\/api.w.org\/{rel}","templated":true}]}}