{"id":3310,"date":"2016-08-22T16:53:42","date_gmt":"2016-08-22T15:53:42","guid":{"rendered":"http:\/\/werner0304.alfahosting.org\/wordpress\/?page_id=3310"},"modified":"2022-06-18T12:56:50","modified_gmt":"2022-06-18T11:56:50","slug":"oswald-klaunig","status":"publish","type":"page","link":"https:\/\/www.rostock-frueher.de\/wordpress\/?page_id=3310","title":{"rendered":"Oswald Klaunig"},"content":{"rendered":"<p>\u00dcber Oswald Klaunig gibt es nicht viel zu berichten, aber das wenige zeugt doch von einem umtriebigen Leben.<br \/>\nOswald Klaunig wurde 1841 als Sohn eines H\u00fcttenmeisters im oberschlesischen Mittel-Lagiewnitz geboren.<br \/>\nIn den Jahren 1883\/84 betrieb er in Wiesbaden eine &#8222;chromo-photographische Anstalt und Oel-Glasmalerei&#8220;.<\/p>\n<figure id=\"attachment_5699\" aria-describedby=\"caption-attachment-5699\" style=\"width: 391px\" class=\"wp-caption aligncenter\"><a href=\"http:\/\/werner0304.alfahosting.org\/wordpress\/?attachment_id=5699\" rel=\"attachment wp-att-5699\"><img loading=\"lazy\" decoding=\"async\" class=\"size-full wp-image-5699\" src=\"http:\/\/werner0304.alfahosting.org\/wordpress\/wp-content\/uploads\/2021\/06\/Scannen0008-2.jpg\" alt=\"\" width=\"391\" height=\"591\" srcset=\"https:\/\/www.rostock-frueher.de\/wordpress\/wp-content\/uploads\/2021\/06\/Scannen0008-2.jpg 391w, https:\/\/www.rostock-frueher.de\/wordpress\/wp-content\/uploads\/2021\/06\/Scannen0008-2-198x300.jpg 198w\" sizes=\"auto, (max-width: 391px) 100vw, 391px\" \/><\/a><figcaption id=\"caption-attachment-5699\" class=\"wp-caption-text\">Kolorierte Fotografie auf Glasplatte<\/figcaption><\/figure>\n<p>In den 1880er Jahren wurde er in Rostock als Maler ans\u00e4ssig. Er warb f\u00fcr das Kolorieren von Fotografien.<\/p>\n<figure id=\"attachment_3304\" aria-describedby=\"caption-attachment-3304\" style=\"width: 406px\" class=\"wp-caption aligncenter\"><a href=\"http:\/\/werner0304.alfahosting.org\/wordpress\/?attachment_id=3304\" rel=\"attachment wp-att-3304\"><img loading=\"lazy\" decoding=\"async\" class=\"size-full wp-image-3304\" src=\"http:\/\/werner0304.alfahosting.org\/wordpress\/wp-content\/uploads\/2016\/08\/klaunig-rz-1885-07-23-1.jpg\" alt=\"Rostocker Zeitung, 23.07.1885\" width=\"406\" height=\"260\" srcset=\"https:\/\/www.rostock-frueher.de\/wordpress\/wp-content\/uploads\/2016\/08\/klaunig-rz-1885-07-23-1.jpg 406w, https:\/\/www.rostock-frueher.de\/wordpress\/wp-content\/uploads\/2016\/08\/klaunig-rz-1885-07-23-1-300x192.jpg 300w\" sizes=\"auto, (max-width: 406px) 100vw, 406px\" \/><\/a><figcaption id=\"caption-attachment-3304\" class=\"wp-caption-text\">Rostocker Zeitung, 23.07.1885<\/figcaption><\/figure>\n<p>Im Sommer war er in Warnem\u00fcnde t\u00e4tig.<\/p>\n<figure id=\"attachment_3305\" aria-describedby=\"caption-attachment-3305\" style=\"width: 406px\" class=\"wp-caption aligncenter\"><a href=\"http:\/\/werner0304.alfahosting.org\/wordpress\/?attachment_id=3305\" rel=\"attachment wp-att-3305\"><img loading=\"lazy\" decoding=\"async\" class=\"size-full wp-image-3305\" src=\"http:\/\/werner0304.alfahosting.org\/wordpress\/wp-content\/uploads\/2016\/08\/klaunig-rz-1885-10-05.jpg\" alt=\"Rostocker Zeitung, 05.10.1885\" width=\"406\" height=\"265\" srcset=\"https:\/\/www.rostock-frueher.de\/wordpress\/wp-content\/uploads\/2016\/08\/klaunig-rz-1885-10-05.jpg 406w, https:\/\/www.rostock-frueher.de\/wordpress\/wp-content\/uploads\/2016\/08\/klaunig-rz-1885-10-05-300x196.jpg 300w\" sizes=\"auto, (max-width: 406px) 100vw, 406px\" \/><\/a><figcaption id=\"caption-attachment-3305\" class=\"wp-caption-text\">Rostocker Zeitung, 05.10.1885<\/figcaption><\/figure>\n<p>1888\/89 ist Klaunig im Adressbuch als Fotograf in der Gro\u00dfen M\u00f6nchenstra\u00dfe 9\u00a0verzeichnet. In den 1890er Jahren wurde er mit der Berufsbezeichnung Masseur in den Adressb\u00fcchern gef\u00fchrt, war aber wohl weiterhin als Maler t\u00e4tig.<span style=\"margin: 0px; color: #444444; font-family: 'Droid Sans'; font-size: 10pt;\"><br \/>\n<\/span><\/p>\n<figure id=\"attachment_3303\" aria-describedby=\"caption-attachment-3303\" style=\"width: 353px\" class=\"wp-caption aligncenter\"><a href=\"http:\/\/werner0304.alfahosting.org\/wordpress\/?attachment_id=3303\" rel=\"attachment wp-att-3303\"><img loading=\"lazy\" decoding=\"async\" class=\"size-full wp-image-3303\" src=\"http:\/\/werner0304.alfahosting.org\/wordpress\/wp-content\/uploads\/2016\/08\/klaunig-ra-1894-06-16.jpg\" alt=\"Rostocker Anzeiger, 16.06.1894\" width=\"353\" height=\"256\" srcset=\"https:\/\/www.rostock-frueher.de\/wordpress\/wp-content\/uploads\/2016\/08\/klaunig-ra-1894-06-16.jpg 353w, https:\/\/www.rostock-frueher.de\/wordpress\/wp-content\/uploads\/2016\/08\/klaunig-ra-1894-06-16-300x218.jpg 300w\" sizes=\"auto, (max-width: 353px) 100vw, 353px\" \/><\/a><figcaption id=\"caption-attachment-3303\" class=\"wp-caption-text\">Rostocker Anzeiger, 16.06.1894<\/figcaption><\/figure>\n<p>Im Jahr 1900 heiratete Oswald Klaunig (mit fast 60 Jahren) in Berlin-Charlottenburg und kirchlich in Neustrelitz. Im Neustrelitzer Kirchenbuch ist zum Beruf notiert: \u201ePhotograph in Warnem\u00fcnde \u2013 im Winter Operns\u00e4nger hieselbst\u201c.<\/p>\n<p>Folgendes Bild weist Klaunig als Fotografen bzw. Verleger aus: \u201eO. KLAUNIG fr\u00fcher F. MIEDE WARNEM\u00dcNDE\u201c.<\/p>\n<figure id=\"attachment_3316\" aria-describedby=\"caption-attachment-3316\" style=\"width: 664px\" class=\"wp-caption aligncenter\"><a href=\"http:\/\/werner0304.alfahosting.org\/wordpress\/?attachment_id=3316\" rel=\"attachment wp-att-3316\"><img loading=\"lazy\" decoding=\"async\" class=\"size-full wp-image-3316\" src=\"http:\/\/werner0304.alfahosting.org\/wordpress\/wp-content\/uploads\/2016\/08\/Miede-Moltkestr-Koch-klaunig-warnemuende-utp-kab-Kopie-1.jpg\" alt=\"O. Klaunig, fr\u00fcher F. Miede, Warnem\u00fcnde. Am Strom. 1890er Jahre. rechts unten Nummer \u201e8\u201c und Pr\u00e4gung \u201eH. Koch 1898\u201c, Kabinettformat, R\u00fcckseite blanko; \u00a9 Sammlung J\u00f6rg Utpatel\" width=\"664\" height=\"431\" srcset=\"https:\/\/www.rostock-frueher.de\/wordpress\/wp-content\/uploads\/2016\/08\/Miede-Moltkestr-Koch-klaunig-warnemuende-utp-kab-Kopie-1.jpg 664w, https:\/\/www.rostock-frueher.de\/wordpress\/wp-content\/uploads\/2016\/08\/Miede-Moltkestr-Koch-klaunig-warnemuende-utp-kab-Kopie-1-300x195.jpg 300w\" sizes=\"auto, (max-width: 664px) 100vw, 664px\" \/><\/a><figcaption id=\"caption-attachment-3316\" class=\"wp-caption-text\">O. Klaunig, fr\u00fcher F. Miede, Warnem\u00fcnde. Am Strom. 1890er Jahre. rechts unten Nummer \u201e8\u201c und Pr\u00e4gung \u201eH. Koch 1898\u201c, Kabinettformat, R\u00fcckseite blanko; \u00a9 Sammlung J\u00f6rg Utpatel<\/figcaption><\/figure>\n<p>Es kann davon ausgegangen werden, dass Klaunig der Verleger war und Miede der Fotograf.<br \/>\nAus dem Schriftzug ist auch zu schlie\u00dfen, dass Klaunig Miedes Atelier bzw. Strandbude in Warnem\u00fcnde \u00fcbernahm, wohl um 1895.<br \/>\nBekannt ist von Klaunig, dass er Ferrotypien herstellte, was f\u00fcr Strandfotografen typisch war. Da Ferrotypien nur vereinzelt auf Papier geklebt oder in eine Passepartouth\u00fclle gesteckt wurden, auf dem auf der R\u00fcckseite der Name des Fotografen gedruckt ist, sind die Urheber von Ferrotypien nur selten zu identifizieren.<br \/>\nSo gibt es nur wenige Belege der fotografischen T\u00e4tigkeit Klaunigs.<\/p>\n<figure id=\"attachment_3182\" aria-describedby=\"caption-attachment-3182\" style=\"width: 353px\" class=\"wp-caption aligncenter\"><a href=\"http:\/\/werner0304.alfahosting.org\/wordpress\/?attachment_id=3182\" rel=\"attachment wp-att-3182\"><img loading=\"lazy\" decoding=\"async\" class=\"size-full wp-image-3182\" src=\"http:\/\/werner0304.alfahosting.org\/wordpress\/wp-content\/uploads\/2016\/08\/klaunig-warnemuende-familie-fo-ak.jpg\" alt=\"Fotopostkarte\" width=\"353\" height=\"579\" srcset=\"https:\/\/www.rostock-frueher.de\/wordpress\/wp-content\/uploads\/2016\/08\/klaunig-warnemuende-familie-fo-ak.jpg 353w, https:\/\/www.rostock-frueher.de\/wordpress\/wp-content\/uploads\/2016\/08\/klaunig-warnemuende-familie-fo-ak-183x300.jpg 183w\" sizes=\"auto, (max-width: 353px) 100vw, 353px\" \/><\/a><figcaption id=\"caption-attachment-3182\" class=\"wp-caption-text\">Fotopostkarte<\/figcaption><\/figure>\n<p>Die Strandbude von Klaunig ist zuf\u00e4llig auf einer Ansichtskarte festgehalten:<\/p>\n<figure id=\"attachment_3306\" aria-describedby=\"caption-attachment-3306\" style=\"width: 549px\" class=\"wp-caption aligncenter\"><a href=\"http:\/\/werner0304.alfahosting.org\/wordpress\/?attachment_id=3306\" rel=\"attachment wp-att-3306\"><img loading=\"lazy\" decoding=\"async\" class=\"size-full wp-image-3306\" src=\"http:\/\/werner0304.alfahosting.org\/wordpress\/wp-content\/uploads\/2016\/08\/klaunig-warnemuende-1917-ak-Kopie-1.jpg\" alt=\"Ansichtskarte, 1917 gealufen\" width=\"549\" height=\"357\" srcset=\"https:\/\/www.rostock-frueher.de\/wordpress\/wp-content\/uploads\/2016\/08\/klaunig-warnemuende-1917-ak-Kopie-1.jpg 549w, https:\/\/www.rostock-frueher.de\/wordpress\/wp-content\/uploads\/2016\/08\/klaunig-warnemuende-1917-ak-Kopie-1-300x195.jpg 300w\" sizes=\"auto, (max-width: 549px) 100vw, 549px\" \/><\/a><figcaption id=\"caption-attachment-3306\" class=\"wp-caption-text\">Strand. Ansichtskarte, 1917 gelaufen<\/figcaption><\/figure>\n<p>Und noch ein Ausschnitt:<\/p>\n<p><a href=\"http:\/\/werner0304.alfahosting.org\/wordpress\/?attachment_id=3307\" rel=\"attachment wp-att-3307\"><img loading=\"lazy\" decoding=\"async\" class=\"aligncenter size-full wp-image-3307\" src=\"http:\/\/werner0304.alfahosting.org\/wordpress\/wp-content\/uploads\/2016\/08\/klaunig-warnemuende-1917-ak-Kopie-k1.jpg\" alt=\"klaunig-warnemuende-1917-ak-Kopie-k1\" width=\"539\" height=\"295\" srcset=\"https:\/\/www.rostock-frueher.de\/wordpress\/wp-content\/uploads\/2016\/08\/klaunig-warnemuende-1917-ak-Kopie-k1.jpg 539w, https:\/\/www.rostock-frueher.de\/wordpress\/wp-content\/uploads\/2016\/08\/klaunig-warnemuende-1917-ak-Kopie-k1-300x164.jpg 300w\" sizes=\"auto, (max-width: 539px) 100vw, 539px\" \/><\/a><\/p>\n<p><span style=\"margin: 0px; color: #444444; font-family: 'Droid Sans'; font-size: 10pt;\">\u00a0<\/span>1915 verstarb der malende, singende und massierende Photograph in Neustrelitz.<\/p>\n","protected":false},"excerpt":{"rendered":"\u00dcber Oswald Klaunig gibt es nicht viel zu berichten, aber das wenige zeugt doch von einem umtriebigen Leben. Oswald Klaunig wurde 1841 als Sohn eines H\u00fcttenmeisters im oberschlesischen Mittel-Lagiewnitz geboren. In den Jahren 1883\/84 betrieb er in Wiesbaden eine &#8222;chromo-photographische Anstalt und Oel-Glasmalerei&#8220;. In den 1880er Jahren wurde er in Rostock als Maler ans\u00e4ssig. Er [&hellip;]","protected":false},"author":1,"featured_media":0,"parent":210,"menu_order":15,"comment_status":"closed","ping_status":"closed","template":"","meta":{"footnotes":""},"class_list":["post-3310","page","type-page","status-publish","hentry"],"_links":{"self":[{"href":"https:\/\/www.rostock-frueher.de\/wordpress\/index.php?rest_route=\/wp\/v2\/pages\/3310","targetHints":{"allow":["GET"]}}],"collection":[{"href":"https:\/\/www.rostock-frueher.de\/wordpress\/index.php?rest_route=\/wp\/v2\/pages"}],"about":[{"href":"https:\/\/www.rostock-frueher.de\/wordpress\/index.php?rest_route=\/wp\/v2\/types\/page"}],"author":[{"embeddable":true,"href":"https:\/\/www.rostock-frueher.de\/wordpress\/index.php?rest_route=\/wp\/v2\/users\/1"}],"replies":[{"embeddable":true,"href":"https:\/\/www.rostock-frueher.de\/wordpress\/index.php?rest_route=%2Fwp%2Fv2%2Fcomments&post=3310"}],"version-history":[{"count":8,"href":"https:\/\/www.rostock-frueher.de\/wordpress\/index.php?rest_route=\/wp\/v2\/pages\/3310\/revisions"}],"predecessor-version":[{"id":5700,"href":"https:\/\/www.rostock-frueher.de\/wordpress\/index.php?rest_route=\/wp\/v2\/pages\/3310\/revisions\/5700"}],"up":[{"embeddable":true,"href":"https:\/\/www.rostock-frueher.de\/wordpress\/index.php?rest_route=\/wp\/v2\/pages\/210"}],"wp:attachment":[{"href":"https:\/\/www.rostock-frueher.de\/wordpress\/index.php?rest_route=%2Fwp%2Fv2%2Fmedia&parent=3310"}],"curies":[{"name":"wp","href":"https:\/\/api.w.org\/{rel}","templated":true}]}}