{"id":1545,"date":"2014-05-05T19:19:42","date_gmt":"2014-05-05T19:19:42","guid":{"rendered":"http:\/\/werner0304.alfahosting.org\/wordpress\/?page_id=1545"},"modified":"2022-06-18T12:45:05","modified_gmt":"2022-06-18T11:45:05","slug":"detlev-vahlendick","status":"publish","type":"page","link":"https:\/\/www.rostock-frueher.de\/wordpress\/?page_id=1545","title":{"rendered":"Detlev Vahlendick"},"content":{"rendered":"<p>Detlev Vahlendick (1866-1946) stammte aus einer Fotografenfamilie in Kellinghusen in Schleswig-Holstein. Sein Vater Johann Vahlendick war dort von 1862 bis zu seinem Tod 1879 als Fotograf t\u00e4tig.<\/p>\n<figure id=\"attachment_1538\" aria-describedby=\"caption-attachment-1538\" style=\"width: 623px\" class=\"wp-caption aligncenter\"><a href=\"http:\/\/werner0304.alfahosting.org\/wordpress\/wp-content\/uploads\/2014\/05\/vahlendick-kellinghusen-j-cdv-Kopie.jpg\"><img loading=\"lazy\" decoding=\"async\" class=\"size-full wp-image-1538\" src=\"http:\/\/werner0304.alfahosting.org\/wordpress\/wp-content\/uploads\/2014\/05\/vahlendick-kellinghusen-j-cdv-Kopie.jpg\" alt=\"Visitformat\" width=\"623\" height=\"473\" srcset=\"https:\/\/www.rostock-frueher.de\/wordpress\/wp-content\/uploads\/2014\/05\/vahlendick-kellinghusen-j-cdv-Kopie.jpg 623w, https:\/\/www.rostock-frueher.de\/wordpress\/wp-content\/uploads\/2014\/05\/vahlendick-kellinghusen-j-cdv-Kopie-300x227.jpg 300w\" sizes=\"auto, (max-width: 623px) 100vw, 623px\" \/><\/a><figcaption id=\"caption-attachment-1538\" class=\"wp-caption-text\">Visitformat<\/figcaption><\/figure>\n<p>Die Witwe Elisabeth Vahlendick f\u00fchrte das Gesch\u00e4ft fort.<\/p>\n<figure id=\"attachment_1544\" aria-describedby=\"caption-attachment-1544\" style=\"width: 592px\" class=\"wp-caption aligncenter\"><a href=\"http:\/\/werner0304.alfahosting.org\/wordpress\/wp-content\/uploads\/2014\/05\/vahlendick-witwe-kellinghusen-mann-cdv-Kopie.jpg\"><img loading=\"lazy\" decoding=\"async\" class=\"size-full wp-image-1544\" src=\"http:\/\/werner0304.alfahosting.org\/wordpress\/wp-content\/uploads\/2014\/05\/vahlendick-witwe-kellinghusen-mann-cdv-Kopie.jpg\" alt=\"Visitformat\" width=\"592\" height=\"472\" srcset=\"https:\/\/www.rostock-frueher.de\/wordpress\/wp-content\/uploads\/2014\/05\/vahlendick-witwe-kellinghusen-mann-cdv-Kopie.jpg 592w, https:\/\/www.rostock-frueher.de\/wordpress\/wp-content\/uploads\/2014\/05\/vahlendick-witwe-kellinghusen-mann-cdv-Kopie-300x239.jpg 300w\" sizes=\"auto, (max-width: 592px) 100vw, 592px\" \/><\/a><figcaption id=\"caption-attachment-1544\" class=\"wp-caption-text\">Visitformat<\/figcaption><\/figure>\n<p>Detlevs Bruder Johann f\u00fchrte ein Atelier in Schleswig.<\/p>\n<figure id=\"attachment_1532\" aria-describedby=\"caption-attachment-1532\" style=\"width: 287px\" class=\"wp-caption aligncenter\"><a href=\"http:\/\/werner0304.alfahosting.org\/wordpress\/wp-content\/uploads\/2014\/05\/schleswig-vahlendick-soldat-cdv-Kopie.jpg\"><img loading=\"lazy\" decoding=\"async\" class=\"size-full wp-image-1532\" src=\"http:\/\/werner0304.alfahosting.org\/wordpress\/wp-content\/uploads\/2014\/05\/schleswig-vahlendick-soldat-cdv-Kopie.jpg\" alt=\"Visitformat\" width=\"287\" height=\"472\" srcset=\"https:\/\/www.rostock-frueher.de\/wordpress\/wp-content\/uploads\/2014\/05\/schleswig-vahlendick-soldat-cdv-Kopie.jpg 287w, https:\/\/www.rostock-frueher.de\/wordpress\/wp-content\/uploads\/2014\/05\/schleswig-vahlendick-soldat-cdv-Kopie-182x300.jpg 182w\" sizes=\"auto, (max-width: 287px) 100vw, 287px\" \/><\/a><figcaption id=\"caption-attachment-1532\" class=\"wp-caption-text\">Visitformat<\/figcaption><\/figure>\n<p>Detlev Vahlendick war wie sein Vater gelernter Buchbinder. Im Oktober 1891 er\u00f6ffnete er in Rostock ein Fotoatelier. Er \u00fcbernahm das Atelier in der Kr\u00e4merstra\u00dfe 13, das zuvor von Raphael Peters betrieben wurde.<\/p>\n<figure id=\"attachment_1541\" aria-describedby=\"caption-attachment-1541\" style=\"width: 612px\" class=\"wp-caption aligncenter\"><a href=\"http:\/\/werner0304.alfahosting.org\/wordpress\/wp-content\/uploads\/2014\/05\/vahlendick-ra-1891-10-15.jpg\"><img loading=\"lazy\" decoding=\"async\" class=\"size-full wp-image-1541\" src=\"http:\/\/werner0304.alfahosting.org\/wordpress\/wp-content\/uploads\/2014\/05\/vahlendick-ra-1891-10-15.jpg\" alt=\"Rostocker Anzeiger, 15.10.1891\" width=\"612\" height=\"329\" srcset=\"https:\/\/www.rostock-frueher.de\/wordpress\/wp-content\/uploads\/2014\/05\/vahlendick-ra-1891-10-15.jpg 612w, https:\/\/www.rostock-frueher.de\/wordpress\/wp-content\/uploads\/2014\/05\/vahlendick-ra-1891-10-15-300x161.jpg 300w\" sizes=\"auto, (max-width: 612px) 100vw, 612px\" \/><\/a><figcaption id=\"caption-attachment-1541\" class=\"wp-caption-text\">Rostocker Anzeiger, 15.10.1891<\/figcaption><\/figure>\n<p>Im Jahr 1892 nahm Vahlendick an der Mecklenburgischen Landes-Gewerbe- und Industrieausstellung teil. Die Offerte im Ausstellerkatalog lautete \u201eD. Vahlendieck, Photograph, Rostock. Photographien. Aussteller liefert Portraits, Vergr\u00f6sserungen, Landschaften, industrielle, gewerbliche Aufnahmen u. s. w.\u201c<\/p>\n<p>Der Rostocker Anzeiger lobte am 23.07.1892 seine \u201ePortr\u00e4ts von sauberster Ausf\u00fchrung\u201c, f\u00fcr die er mit einer Bronzemedaille ausgezeichnet wurde.<\/p>\n<p>Sp\u00e4testens im April 1894 ging Vahlendick\u00a0zur\u00fcck nach Kellinghusen und \u00fcbernahm das Atelier von seiner Mutter. Sein Bruder Johann war auch Fotograf geworden und betrieb ein Atelier in Schleswig.<br \/>\nDas Rostocker Atelier \u00fcbernahm Karl Brucksch. <a title=\"Karl Brucksch\" href=\"http:\/\/werner0304.alfahosting.org\/wordpress\/?page_id=1057\">http:\/\/werner0304.alfahosting.org\/wordpress\/?page_id=1057<\/a><\/p>\n<p>Aufgrund seines relativ kurzen Aufenthalts in Rostock sind nur einige wenige Bilder aus dieser Zeit erhalten.<\/p>\n<figure id=\"attachment_1531\" aria-describedby=\"caption-attachment-1531\" style=\"width: 298px\" class=\"wp-caption aligncenter\"><a href=\"http:\/\/werner0304.alfahosting.org\/wordpress\/wp-content\/uploads\/2014\/05\/diederici-1893-94-cdv-Kopie.jpg\"><img loading=\"lazy\" decoding=\"async\" class=\"size-full wp-image-1531\" src=\"http:\/\/werner0304.alfahosting.org\/wordpress\/wp-content\/uploads\/2014\/05\/diederici-1893-94-cdv-Kopie.jpg\" alt=\"Visitformat, R\u00fcckseite blanko\" width=\"298\" height=\"472\" srcset=\"https:\/\/www.rostock-frueher.de\/wordpress\/wp-content\/uploads\/2014\/05\/diederici-1893-94-cdv-Kopie.jpg 298w, https:\/\/www.rostock-frueher.de\/wordpress\/wp-content\/uploads\/2014\/05\/diederici-1893-94-cdv-Kopie-189x300.jpg 189w\" sizes=\"auto, (max-width: 298px) 100vw, 298px\" \/><\/a><figcaption id=\"caption-attachment-1531\" class=\"wp-caption-text\">Visitformat, R\u00fcckseite blanko<\/figcaption><\/figure>\n<figure id=\"attachment_1533\" aria-describedby=\"caption-attachment-1533\" style=\"width: 441px\" class=\"wp-caption aligncenter\"><a href=\"http:\/\/werner0304.alfahosting.org\/wordpress\/wp-content\/uploads\/2014\/05\/vahlendick-am-schilde-1893-kab-Kopie.jpg\"><img loading=\"lazy\" decoding=\"async\" class=\"size-full wp-image-1533\" src=\"http:\/\/werner0304.alfahosting.org\/wordpress\/wp-content\/uploads\/2014\/05\/vahlendick-am-schilde-1893-kab-Kopie.jpg\" alt=\"Kabinettformat, R\u00fcckseite blanko\" width=\"441\" height=\"670\" srcset=\"https:\/\/www.rostock-frueher.de\/wordpress\/wp-content\/uploads\/2014\/05\/vahlendick-am-schilde-1893-kab-Kopie.jpg 441w, https:\/\/www.rostock-frueher.de\/wordpress\/wp-content\/uploads\/2014\/05\/vahlendick-am-schilde-1893-kab-Kopie-197x300.jpg 197w\" sizes=\"auto, (max-width: 441px) 100vw, 441px\" \/><\/a><figcaption id=\"caption-attachment-1533\" class=\"wp-caption-text\">Kabinettformat, R\u00fcckseite blanko<\/figcaption><\/figure>\n<p>Abgebildet sind die H\u00e4user Am Schilde 7 und 8. In der Bildmitte die Nr. 7 mit der Tuchhandlung \u201eRaspe &amp; Weber\u201c des Kaufmanns C. Asmus, rechts daneben in der Nr. 8 das Gesch\u00e4ft des Goldschmieds D. Severien.<\/p>\n<p>Das n\u00e4chste Bild zeigt die H\u00e4user Am Schilde 4 bis 7. Links die Nummer 4 mit dem Bank- und Wechsel-Gesch\u00e4ft von S. Neumann, daneben in der Nr. 5 die Pelzwaaren-Fabrik und \u2013handlung von Ernst Stemmer und rechts das Schaufenster des Uhrmachers Albert M\u00fcller. In der Nummer 6 befand sich links Ernst Sch\u00f6nes Conditorei und Cafe, rechts war Carl Meyer\u00b4s Buchhandlung, wo auch die beiden Kabinettfotos verlegt wurden.<\/p>\n<figure id=\"attachment_1543\" aria-describedby=\"caption-attachment-1543\" style=\"width: 668px\" class=\"wp-caption aligncenter\"><a href=\"http:\/\/werner0304.alfahosting.org\/wordpress\/wp-content\/uploads\/2014\/05\/vahlendick-vielleicht-am-schilde-1893-kab-Kopie.jpg\"><img loading=\"lazy\" decoding=\"async\" class=\"size-full wp-image-1543\" src=\"http:\/\/werner0304.alfahosting.org\/wordpress\/wp-content\/uploads\/2014\/05\/vahlendick-vielleicht-am-schilde-1893-kab-Kopie.jpg\" alt=\"Kabinettformat, R\u00fcckseite blanko\" width=\"668\" height=\"441\" srcset=\"https:\/\/www.rostock-frueher.de\/wordpress\/wp-content\/uploads\/2014\/05\/vahlendick-vielleicht-am-schilde-1893-kab-Kopie.jpg 668w, https:\/\/www.rostock-frueher.de\/wordpress\/wp-content\/uploads\/2014\/05\/vahlendick-vielleicht-am-schilde-1893-kab-Kopie-300x198.jpg 300w\" sizes=\"auto, (max-width: 668px) 100vw, 668px\" \/><\/a><figcaption id=\"caption-attachment-1543\" class=\"wp-caption-text\">Kabinettformat, R\u00fcckseite blanko<\/figcaption><\/figure>\n<p>S\u00e4mtliche H\u00e4user Am Schilde wurden im 2. Weltkrieg zerst\u00f6rt, der platzartige Stra\u00dfenzug zwischen Neuem Markt und Gro\u00dfer M\u00f6nchenstra\u00dfe ist heute eine (noch) unbebaute Fl\u00e4che.<\/p>\n<p>Nach Vahlendicks R\u00fcckkehr nach Kellinghusen zierte die Bronzemedaille aus Rostock noch lange Zeit die Untersetzkartons.<\/p>\n<figure id=\"attachment_1534\" aria-describedby=\"caption-attachment-1534\" style=\"width: 575px\" class=\"wp-caption aligncenter\"><a href=\"http:\/\/werner0304.alfahosting.org\/wordpress\/wp-content\/uploads\/2014\/05\/vahlendick-frau-kellinghusen-rostock-cdv-Kopie.jpg\"><img loading=\"lazy\" decoding=\"async\" class=\"size-full wp-image-1534\" src=\"http:\/\/werner0304.alfahosting.org\/wordpress\/wp-content\/uploads\/2014\/05\/vahlendick-frau-kellinghusen-rostock-cdv-Kopie.jpg\" alt=\"Visitformat\" width=\"575\" height=\"472\" srcset=\"https:\/\/www.rostock-frueher.de\/wordpress\/wp-content\/uploads\/2014\/05\/vahlendick-frau-kellinghusen-rostock-cdv-Kopie.jpg 575w, https:\/\/www.rostock-frueher.de\/wordpress\/wp-content\/uploads\/2014\/05\/vahlendick-frau-kellinghusen-rostock-cdv-Kopie-300x246.jpg 300w\" sizes=\"auto, (max-width: 575px) 100vw, 575px\" \/><\/a><figcaption id=\"caption-attachment-1534\" class=\"wp-caption-text\">Visitformat<\/figcaption><\/figure>\n<p>1899 er\u00f6ffnete Vahlendick eine Filiale in der Gemeinde Winseldorf im Lockstedter Lager. Die dort in Garnison liegenden Soldaten bildeten eine stabile Kundenschicht. 1912 verkaufte Detlef Vahlendick die Niederlassung an den Photographen Ludwig Wahrmann.<\/p>\n<figure id=\"attachment_1540\" aria-describedby=\"caption-attachment-1540\" style=\"width: 647px\" class=\"wp-caption aligncenter\"><a href=\"http:\/\/werner0304.alfahosting.org\/wordpress\/wp-content\/uploads\/2014\/05\/vahlendick-lockstedter-lager-1910-fo-ak-Kopie.jpg\"><img loading=\"lazy\" decoding=\"async\" class=\"size-full wp-image-1540\" src=\"http:\/\/werner0304.alfahosting.org\/wordpress\/wp-content\/uploads\/2014\/05\/vahlendick-lockstedter-lager-1910-fo-ak-Kopie.jpg\" alt=\"Fotopostkarte mit r\u00fcckseitigem Aufdruck \" width=\"647\" height=\"343\" srcset=\"https:\/\/www.rostock-frueher.de\/wordpress\/wp-content\/uploads\/2014\/05\/vahlendick-lockstedter-lager-1910-fo-ak-Kopie.jpg 647w, https:\/\/www.rostock-frueher.de\/wordpress\/wp-content\/uploads\/2014\/05\/vahlendick-lockstedter-lager-1910-fo-ak-Kopie-300x159.jpg 300w\" sizes=\"auto, (max-width: 647px) 100vw, 647px\" \/><\/a><figcaption id=\"caption-attachment-1540\" class=\"wp-caption-text\">Fotopostkarte mit r\u00fcckseitigem Aufdruck<\/figcaption><\/figure>\n<figure id=\"attachment_1587\" aria-describedby=\"caption-attachment-1587\" style=\"width: 459px\" class=\"wp-caption aligncenter\"><a href=\"http:\/\/werner0304.alfahosting.org\/wordpress\/wp-content\/uploads\/2014\/05\/vahlendick-museum-kellinghusen-4.jpg\"><img loading=\"lazy\" decoding=\"async\" class=\"size-full wp-image-1587\" src=\"http:\/\/werner0304.alfahosting.org\/wordpress\/wp-content\/uploads\/2014\/05\/vahlendick-museum-kellinghusen-4.jpg\" alt=\"Selbstbildnis Detlev Vahlendick. \u00a9 Museum Kellinghusen\" width=\"459\" height=\"524\" srcset=\"https:\/\/www.rostock-frueher.de\/wordpress\/wp-content\/uploads\/2014\/05\/vahlendick-museum-kellinghusen-4.jpg 459w, https:\/\/www.rostock-frueher.de\/wordpress\/wp-content\/uploads\/2014\/05\/vahlendick-museum-kellinghusen-4-262x300.jpg 262w\" sizes=\"auto, (max-width: 459px) 100vw, 459px\" \/><\/a><figcaption id=\"caption-attachment-1587\" class=\"wp-caption-text\">Selbstbildnis Detlev Vahlendick. \u00a9 Museum Kellinghusen<\/figcaption><\/figure>\n<p>Detlev Vahlendick hat \u00fcber Jahrzehnte das Stadtbild Kellinghusens und seine Bewohner fotografisch festgehalten. Dazu nachfolgend noch einige Beispiele.<\/p>\n<figure id=\"attachment_1539\" aria-describedby=\"caption-attachment-1539\" style=\"width: 858px\" class=\"wp-caption aligncenter\"><a href=\"http:\/\/werner0304.alfahosting.org\/wordpress\/wp-content\/uploads\/2014\/05\/vahlendick-kellinghusen-paar-kab-Kopie.jpg\"><img loading=\"lazy\" decoding=\"async\" class=\"size-full wp-image-1539\" src=\"http:\/\/werner0304.alfahosting.org\/wordpress\/wp-content\/uploads\/2014\/05\/vahlendick-kellinghusen-paar-kab-Kopie.jpg\" alt=\"Kabinettformat\" width=\"858\" height=\"660\" srcset=\"https:\/\/www.rostock-frueher.de\/wordpress\/wp-content\/uploads\/2014\/05\/vahlendick-kellinghusen-paar-kab-Kopie.jpg 858w, https:\/\/www.rostock-frueher.de\/wordpress\/wp-content\/uploads\/2014\/05\/vahlendick-kellinghusen-paar-kab-Kopie-300x230.jpg 300w\" sizes=\"auto, (max-width: 858px) 100vw, 858px\" \/><\/a><figcaption id=\"caption-attachment-1539\" class=\"wp-caption-text\">Kabinettformat<\/figcaption><\/figure>\n<figure id=\"attachment_1535\" aria-describedby=\"caption-attachment-1535\" style=\"width: 548px\" class=\"wp-caption aligncenter\"><a href=\"http:\/\/werner0304.alfahosting.org\/wordpress\/wp-content\/uploads\/2014\/05\/vahlendick-kellinghusen-ak-1-Kopie.jpg\"><img loading=\"lazy\" decoding=\"async\" class=\"size-full wp-image-1535\" src=\"http:\/\/werner0304.alfahosting.org\/wordpress\/wp-content\/uploads\/2014\/05\/vahlendick-kellinghusen-ak-1-Kopie.jpg\" alt=\"Ansichtskarte, 1901 gelaufen. Links aufgedruckt: Verlag Phot. Vahlendick, Kellinghusen\" width=\"548\" height=\"355\" srcset=\"https:\/\/www.rostock-frueher.de\/wordpress\/wp-content\/uploads\/2014\/05\/vahlendick-kellinghusen-ak-1-Kopie.jpg 548w, https:\/\/www.rostock-frueher.de\/wordpress\/wp-content\/uploads\/2014\/05\/vahlendick-kellinghusen-ak-1-Kopie-300x194.jpg 300w\" sizes=\"auto, (max-width: 548px) 100vw, 548px\" \/><\/a><figcaption id=\"caption-attachment-1535\" class=\"wp-caption-text\">Ansichtskarte, 1901 gelaufen. Links aufgedruckt: Verlag Phot. Vahlendick, Kellinghusen<\/figcaption><\/figure>\n<figure id=\"attachment_1537\" aria-describedby=\"caption-attachment-1537\" style=\"width: 545px\" class=\"wp-caption aligncenter\"><a href=\"http:\/\/werner0304.alfahosting.org\/wordpress\/wp-content\/uploads\/2014\/05\/vahlendick-kellinghusen-ak-1912-Kopie.jpg\"><img loading=\"lazy\" decoding=\"async\" class=\"size-full wp-image-1537\" src=\"http:\/\/werner0304.alfahosting.org\/wordpress\/wp-content\/uploads\/2014\/05\/vahlendick-kellinghusen-ak-1912-Kopie.jpg\" alt=\"Ansichtskarte, 1912 gelaufen, r\u00fcckseitiger Aufdruck vergr\u00f6\u00dfert dargestellt\" width=\"545\" height=\"410\" srcset=\"https:\/\/www.rostock-frueher.de\/wordpress\/wp-content\/uploads\/2014\/05\/vahlendick-kellinghusen-ak-1912-Kopie.jpg 545w, https:\/\/www.rostock-frueher.de\/wordpress\/wp-content\/uploads\/2014\/05\/vahlendick-kellinghusen-ak-1912-Kopie-300x225.jpg 300w\" sizes=\"auto, (max-width: 545px) 100vw, 545px\" \/><\/a><figcaption id=\"caption-attachment-1537\" class=\"wp-caption-text\">Ansichtskarte, 1912 gelaufen, r\u00fcckseitiger Aufdruck vergr\u00f6\u00dfert dargestellt<\/figcaption><\/figure>\n<figure id=\"attachment_1536\" aria-describedby=\"caption-attachment-1536\" style=\"width: 333px\" class=\"wp-caption aligncenter\"><a href=\"http:\/\/werner0304.alfahosting.org\/wordpress\/wp-content\/uploads\/2014\/05\/vahlendick-kellinghusen-ak-2-Kopie.jpg\"><img loading=\"lazy\" decoding=\"async\" class=\"size-full wp-image-1536\" src=\"http:\/\/werner0304.alfahosting.org\/wordpress\/wp-content\/uploads\/2014\/05\/vahlendick-kellinghusen-ak-2-Kopie.jpg\" alt=\"Ansichtkarte, ungelaufen, r\u00fcckseitiger Aufdruck (nicht abgebildet): Verlag Photograph Vahlendiek, Kellinghusen\" width=\"333\" height=\"535\" srcset=\"https:\/\/www.rostock-frueher.de\/wordpress\/wp-content\/uploads\/2014\/05\/vahlendick-kellinghusen-ak-2-Kopie.jpg 333w, https:\/\/www.rostock-frueher.de\/wordpress\/wp-content\/uploads\/2014\/05\/vahlendick-kellinghusen-ak-2-Kopie-186x300.jpg 186w\" sizes=\"auto, (max-width: 333px) 100vw, 333px\" \/><\/a><figcaption id=\"caption-attachment-1536\" class=\"wp-caption-text\">Ansichtskarte, ungelaufen, r\u00fcckseitiger Aufdruck (nicht abgebildet): Verlag Photograph Vahlendiek, Kellinghusen<\/figcaption><\/figure>\n<p>Detlef Vahlendick war \u00fcber die Grenzen von Kellinghusen hinaus ein bekannter Photograph. Er war mehrere Jahre der Vorsitzende des \u201eSchleswig-Holsteinischen Photographenvereins.\u201c Etwa 1937 mit 71 Jahren gab Vahlendick das Atelier auf. Damit endet nach 74 Jahren in Kellinghusen die Photographen-Dynastie Vahlendick.<\/p>\n<p>Ich danke Hans-Georg Bluhm, Leiter des Museums Kellinghusen, f\u00fcr die Unterst\u00fctzung.<\/p>\n<p>Quellen:<br \/>\nBettina Roggmann. Bitte recht freundlich! Der Kellinghusener Photograph Detlev Vahlendick. in: Steinburger Jahrbuch 1990. Itzehoe 1989.<br \/>\n\u201eAuf die Platte gebannt \u2013 Ansichten des Photographen Detlev Vahlendick\u201c Faltblatt zur Ausstellung im Museum Kellinghusen 3.12.1988-5.2.1989<\/p>\n<p>&nbsp;<\/p>\n<p>&nbsp;<\/p>\n<p>&nbsp;<\/p>\n","protected":false},"excerpt":{"rendered":"Detlev Vahlendick (1866-1946) stammte aus einer Fotografenfamilie in Kellinghusen in Schleswig-Holstein. Sein Vater Johann Vahlendick war dort von 1862 bis zu seinem Tod 1879 als Fotograf t\u00e4tig. Die Witwe Elisabeth Vahlendick f\u00fchrte das Gesch\u00e4ft fort. Detlevs Bruder Johann f\u00fchrte ein Atelier in Schleswig. Detlev Vahlendick war wie sein Vater gelernter Buchbinder. Im Oktober 1891 er\u00f6ffnete [&hellip;]","protected":false},"author":1,"featured_media":0,"parent":210,"menu_order":34,"comment_status":"open","ping_status":"open","template":"","meta":{"footnotes":""},"class_list":["post-1545","page","type-page","status-publish","hentry"],"_links":{"self":[{"href":"https:\/\/www.rostock-frueher.de\/wordpress\/index.php?rest_route=\/wp\/v2\/pages\/1545","targetHints":{"allow":["GET"]}}],"collection":[{"href":"https:\/\/www.rostock-frueher.de\/wordpress\/index.php?rest_route=\/wp\/v2\/pages"}],"about":[{"href":"https:\/\/www.rostock-frueher.de\/wordpress\/index.php?rest_route=\/wp\/v2\/types\/page"}],"author":[{"embeddable":true,"href":"https:\/\/www.rostock-frueher.de\/wordpress\/index.php?rest_route=\/wp\/v2\/users\/1"}],"replies":[{"embeddable":true,"href":"https:\/\/www.rostock-frueher.de\/wordpress\/index.php?rest_route=%2Fwp%2Fv2%2Fcomments&post=1545"}],"version-history":[{"count":14,"href":"https:\/\/www.rostock-frueher.de\/wordpress\/index.php?rest_route=\/wp\/v2\/pages\/1545\/revisions"}],"predecessor-version":[{"id":4874,"href":"https:\/\/www.rostock-frueher.de\/wordpress\/index.php?rest_route=\/wp\/v2\/pages\/1545\/revisions\/4874"}],"up":[{"embeddable":true,"href":"https:\/\/www.rostock-frueher.de\/wordpress\/index.php?rest_route=\/wp\/v2\/pages\/210"}],"wp:attachment":[{"href":"https:\/\/www.rostock-frueher.de\/wordpress\/index.php?rest_route=%2Fwp%2Fv2%2Fmedia&parent=1545"}],"curies":[{"name":"wp","href":"https:\/\/api.w.org\/{rel}","templated":true}]}}