{"id":1383,"date":"2014-01-26T18:55:46","date_gmt":"2014-01-26T18:55:46","guid":{"rendered":"http:\/\/werner0304.alfahosting.org\/wordpress\/?page_id=1383"},"modified":"2022-06-18T12:58:15","modified_gmt":"2022-06-18T11:58:15","slug":"george-hornemann","status":"publish","type":"page","link":"https:\/\/www.rostock-frueher.de\/wordpress\/?page_id=1383","title":{"rendered":"George Hornemann"},"content":{"rendered":"<p>George Hornemann kam Anfang des Jahres 1863 nach Rostock. Die folgende Anzeige ist der fr\u00fcheste Beleg seiner T\u00e4tigkeit in Rostock.<\/p>\n<figure id=\"attachment_1377\" aria-describedby=\"caption-attachment-1377\" style=\"width: 547px\" class=\"wp-caption aligncenter\"><a href=\"http:\/\/werner0304.alfahosting.org\/wordpress\/wp-content\/uploads\/2014\/01\/hornemann-rz-1863-02-26-k.jpg\"><img loading=\"lazy\" decoding=\"async\" class=\"size-full wp-image-1377\" src=\"http:\/\/werner0304.alfahosting.org\/wordpress\/wp-content\/uploads\/2014\/01\/hornemann-rz-1863-02-26-k.jpg\" alt=\"Rostocker Zeitung, 26.02.1863\" width=\"547\" height=\"343\" srcset=\"https:\/\/www.rostock-frueher.de\/wordpress\/wp-content\/uploads\/2014\/01\/hornemann-rz-1863-02-26-k.jpg 547w, https:\/\/www.rostock-frueher.de\/wordpress\/wp-content\/uploads\/2014\/01\/hornemann-rz-1863-02-26-k-300x188.jpg 300w\" sizes=\"auto, (max-width: 547px) 100vw, 547px\" \/><\/a><figcaption id=\"caption-attachment-1377\" class=\"wp-caption-text\">Rostocker Zeitung, 26.02.1863<\/figcaption><\/figure>\n<p>Hornemann wurde am 06. Januar 1837 in Stavenhagen geboren. Das Fotografenhandwerk lernte er wohl bei seinem Vater Carl (Jg. 1808), mit dem er in den 1850er Jahren unter dem Namen C. Hornemann und Sohn als Wanderfotograf durch Mecklenburg zog. Von 1860 bis 1862 waren Vater und Sohn als Fotografen in Stavenhagen ans\u00e4ssig.<br \/>\nDas Atelier in Rostock lag parterre, die Aufnahmen selbst wurden in einem Glashaus im Hof gemacht.<\/p>\n<figure id=\"attachment_1387\" aria-describedby=\"caption-attachment-1387\" style=\"width: 490px\" class=\"wp-caption aligncenter\"><a href=\"http:\/\/werner0304.alfahosting.org\/wordpress\/wp-content\/uploads\/2014\/01\/hornemann-rz-1863-05-24.jpg\"><img loading=\"lazy\" decoding=\"async\" class=\"size-full wp-image-1387\" src=\"http:\/\/werner0304.alfahosting.org\/wordpress\/wp-content\/uploads\/2014\/01\/hornemann-rz-1863-05-24.jpg\" alt=\"Rostocker Zeitung, 24.05.1863\" width=\"490\" height=\"154\" srcset=\"https:\/\/www.rostock-frueher.de\/wordpress\/wp-content\/uploads\/2014\/01\/hornemann-rz-1863-05-24.jpg 490w, https:\/\/www.rostock-frueher.de\/wordpress\/wp-content\/uploads\/2014\/01\/hornemann-rz-1863-05-24-300x94.jpg 300w\" sizes=\"auto, (max-width: 490px) 100vw, 490px\" \/><\/a><figcaption id=\"caption-attachment-1387\" class=\"wp-caption-text\">Rostocker Zeitung, 24.05.1863<\/figcaption><\/figure>\n<p>Der Glassalon hatte wahrscheinlich eine feste Wand auf der S\u00fcdseite. Die Seitenw\u00e4nde werden ca. einen Meter an die S\u00fcdseite anschlie\u00dfend fest gewesen sein und dann fortlaufend aus Glas. Das Dach war ebenso konstruiert. Die Wand zur Nordseite war wohl vollst\u00e4ndig aus Glas. Die Kunden sa\u00dfen vor der S\u00fcdwand und Hornemann stand mit seinem Apparat auf der Nordseite. Diese Verfahrensweise hatte zur Folge, dass die Kunden mit viel Ober- und Vorderlicht fotografiert wurden. Von den anderen Rostocker Fotografen der 1860er Jahre unterschied sich Hornemann vor allem dadurch, dass er seine Modelle oft vor Hintergr\u00fcnden fotografierte, die Raumwirkungen suggerierten.<br \/>\n<a href=\"http:\/\/werner0304.alfahosting.org\/wordpress\/wp-content\/uploads\/2014\/01\/hornemann-mann-hintergrund-1860er-cdv-Kopie.jpg\"><img loading=\"lazy\" decoding=\"async\" class=\"aligncenter size-full wp-image-1373\" src=\"http:\/\/werner0304.alfahosting.org\/wordpress\/wp-content\/uploads\/2014\/01\/hornemann-mann-hintergrund-1860er-cdv-Kopie.jpg\" alt=\"hornemann-mann-hintergrund-1860er-cdv-Kopie\" width=\"568\" height=\"472\" srcset=\"https:\/\/www.rostock-frueher.de\/wordpress\/wp-content\/uploads\/2014\/01\/hornemann-mann-hintergrund-1860er-cdv-Kopie.jpg 568w, https:\/\/www.rostock-frueher.de\/wordpress\/wp-content\/uploads\/2014\/01\/hornemann-mann-hintergrund-1860er-cdv-Kopie-300x249.jpg 300w\" sizes=\"auto, (max-width: 568px) 100vw, 568px\" \/><\/a>W\u00e4hrend beim rechten Bild die Illusion eines Raumeindrucks wegen des Vorhangs nicht funktioniert (vielleicht auch nicht gewollt war), ist diese bei dem Bild mit dem Herrn recht gut gelungen. Gut zu erkennen ist die Wirkung des reichlichen Ober- und Vorderlichts, z.B. auf den Gesichtern und auf dem Blatt (Zeitung?), das der Herr in der Hand h\u00e4lt. Und es sind einige weitere typische Accessoires der 1860er in beiden Bildern zu erkennen: der kleine runde Tisch, der Vorhang, dicke Kordeln mit Quasten, ein Teppich (oft etwas wellig, oft auch zu kurz).<br \/>\nAuch die Kleidung der Herrschaften best\u00e4tigt die Entstehungszeit. Der Herr tr\u00e4gt einen (etwas merkw\u00fcrdig gekn\u00f6pften) Gehrock, eine typische Oberbekleidung der fr\u00fchen 1860er Jahre. Die Frau tr\u00e4gt ein Krinolinenkleid mit weit ausfallenden sogenannten Pagoden\u00e4rmeln mit Posamenten &#8211; ebenfalls ein typisches Kleidungsst\u00fcck der fr\u00fchen und mittleren 1860er Jahre.<br \/>\nDas Bildnis des Herrn wird wohl etwas \u00e4lter sein, nicht zuletzt deshalb, weil die R\u00fcckseite des Bildes etwas schlichter gehalten ist.<\/p>\n<figure id=\"attachment_1374\" aria-describedby=\"caption-attachment-1374\" style=\"width: 562px\" class=\"wp-caption aligncenter\"><a href=\"http:\/\/werner0304.alfahosting.org\/wordpress\/wp-content\/uploads\/2014\/01\/hornemann-mann-hintergrund-1860er-cdv-r-Kopie.jpg\"><img loading=\"lazy\" decoding=\"async\" class=\"size-full wp-image-1374\" src=\"http:\/\/werner0304.alfahosting.org\/wordpress\/wp-content\/uploads\/2014\/01\/hornemann-mann-hintergrund-1860er-cdv-r-Kopie.jpg\" alt=\"R\u00fcckseiten obiger Bilder\" width=\"562\" height=\"455\" srcset=\"https:\/\/www.rostock-frueher.de\/wordpress\/wp-content\/uploads\/2014\/01\/hornemann-mann-hintergrund-1860er-cdv-r-Kopie.jpg 562w, https:\/\/www.rostock-frueher.de\/wordpress\/wp-content\/uploads\/2014\/01\/hornemann-mann-hintergrund-1860er-cdv-r-Kopie-300x242.jpg 300w\" sizes=\"auto, (max-width: 562px) 100vw, 562px\" \/><\/a><figcaption id=\"caption-attachment-1374\" class=\"wp-caption-text\">R\u00fcckseiten obiger Bilder<\/figcaption><\/figure>\n<p>Die beiden n\u00e4chsten Bilder zeigen einen anderen perspektivischen Hintergrund.<br \/>\n<a href=\"http:\/\/werner0304.alfahosting.org\/wordpress\/wp-content\/uploads\/2014\/01\/hornemann-jaeger-cdv-Kopie.jpg\"><img loading=\"lazy\" decoding=\"async\" class=\"aligncenter size-full wp-image-1370\" src=\"http:\/\/werner0304.alfahosting.org\/wordpress\/wp-content\/uploads\/2014\/01\/hornemann-jaeger-cdv-Kopie.jpg\" alt=\"hornemann-jaeger-cdv-Kopie\" width=\"586\" height=\"472\" srcset=\"https:\/\/www.rostock-frueher.de\/wordpress\/wp-content\/uploads\/2014\/01\/hornemann-jaeger-cdv-Kopie.jpg 586w, https:\/\/www.rostock-frueher.de\/wordpress\/wp-content\/uploads\/2014\/01\/hornemann-jaeger-cdv-Kopie-300x241.jpg 300w\" sizes=\"auto, (max-width: 586px) 100vw, 586px\" \/><\/a>Entstanden sind diese Bilder Ende der 1860er Jahre. Hier ist es das rechte Bild, das am ehesten einen r\u00e4umlichen Eindruck entstehen l\u00e4sst. Die abgebildete Dame verdeckt mit ihrem Krinolinenrock den vermeintlichen Fu\u00dfboden des Hintergrunds, dessen \u00dcbergang zu dem eigentlichen Teppichfu\u00dfboden bei der Betrachtung des Herrenbildnisses als misslungen anzusehen ist. Wie auf den obigen Abbildungen h\u00e4ngt auch hier etwas unpassend ein Vorhang mit dicken Kordeln \u00fcber dem Hintergrund. Und es stellt sich die Frage, warum ein J\u00e4ger in der Nachbildung eines Interieurs fotografiert wird und nicht vor einer Landschaft wie oben. Otto Buehler schrieb 1869 in seinem Werk \u201eAtelier und Apparat des Photographen\u201c: \u201eDie gemalten Hintergr\u00fcnde stellen in verschiedenen Graden der Geschmacklosigkeit entweder landschaftliche oder architektonische Gegenst\u00e4nde dar \u2026\u201c<br \/>\nAuf dem rechten Bild ist mit dem geschnitzten Sekret\u00e4r ein weiteres typisches Accessoire der 1860er Jahre zu sehen.<\/p>\n<p><a href=\"http:\/\/werner0304.alfahosting.org\/wordpress\/wp-content\/uploads\/2014\/01\/hornemann-jaeger-cdv-rueck-Kopie.jpg\"><img loading=\"lazy\" decoding=\"async\" class=\"aligncenter size-full wp-image-1382\" src=\"http:\/\/werner0304.alfahosting.org\/wordpress\/wp-content\/uploads\/2014\/01\/hornemann-jaeger-cdv-rueck-Kopie.jpg\" alt=\"hornemann-jaeger-cdv-rueck-Kopie\" width=\"295\" height=\"472\" srcset=\"https:\/\/www.rostock-frueher.de\/wordpress\/wp-content\/uploads\/2014\/01\/hornemann-jaeger-cdv-rueck-Kopie.jpg 295w, https:\/\/www.rostock-frueher.de\/wordpress\/wp-content\/uploads\/2014\/01\/hornemann-jaeger-cdv-rueck-Kopie-187x300.jpg 187w\" sizes=\"auto, (max-width: 295px) 100vw, 295px\" \/><\/a>Beide Visitportr\u00e4ts haben auf der R\u00fcckseite obigen Aufdruck.<br \/>\nHornemann war mittlerweile in die Bl\u00fccherstra\u00dfe 13 umgezogen. 1867 hatte\u00a0er die Bl\u00fccherstra\u00dfe 13 vom Maurermeister Vo\u00df gekauft. Bevor\u00a0er das Haus kaufte, hatte dort 1866\/67 hatte H. Steffens ein Atelier betrieben. Mindestens bis zu seinem Auszug 1894 bleibt Hornemann Hauseigent\u00fcmer.<br \/>\nEs ist zu vermuten, dass das Glashaus im Hof dasselbe blieb wie unter der Adresse am Hopfenmarkt.<\/p>\n<figure id=\"attachment_1381\" aria-describedby=\"caption-attachment-1381\" style=\"width: 328px\" class=\"wp-caption aligncenter\"><a href=\"http:\/\/werner0304.alfahosting.org\/wordpress\/wp-content\/uploads\/2014\/01\/saniter-1859-ausschn-k-Kopie.jpg\"><img loading=\"lazy\" decoding=\"async\" class=\"size-full wp-image-1381\" src=\"http:\/\/werner0304.alfahosting.org\/wordpress\/wp-content\/uploads\/2014\/01\/saniter-1859-ausschn-k-Kopie.jpg\" alt=\"Ausschnitt aus dem Saniter-Plan von 1859, rot: Hopfenmarkt 13, blau: Bl\u00fccherstra\u00dfe 13, gr\u00fcn: wahrscheinlicher Standort des Glashauses.\" width=\"328\" height=\"254\" srcset=\"https:\/\/www.rostock-frueher.de\/wordpress\/wp-content\/uploads\/2014\/01\/saniter-1859-ausschn-k-Kopie.jpg 328w, https:\/\/www.rostock-frueher.de\/wordpress\/wp-content\/uploads\/2014\/01\/saniter-1859-ausschn-k-Kopie-300x232.jpg 300w\" sizes=\"auto, (max-width: 328px) 100vw, 328px\" \/><\/a><figcaption id=\"caption-attachment-1381\" class=\"wp-caption-text\">Ausschnitt aus dem Saniter-Plan von 1859, rot: Hopfenmarkt 13, blau: Bl\u00fccherstra\u00dfe 13, gr\u00fcn: wahrscheinlicher Standort des Glashauses.<\/figcaption><\/figure>\n<p><img loading=\"lazy\" decoding=\"async\" class=\"aligncenter size-full wp-image-1375\" src=\"http:\/\/werner0304.alfahosting.org\/wordpress\/wp-content\/uploads\/2014\/01\/hornemann-paar-cdv-Kopie.jpg\" alt=\"hornemann-paar-cdv-Kopie\" width=\"587\" height=\"473\" srcset=\"https:\/\/www.rostock-frueher.de\/wordpress\/wp-content\/uploads\/2014\/01\/hornemann-paar-cdv-Kopie.jpg 587w, https:\/\/www.rostock-frueher.de\/wordpress\/wp-content\/uploads\/2014\/01\/hornemann-paar-cdv-Kopie-300x241.jpg 300w\" sizes=\"auto, (max-width: 587px) 100vw, 587px\" \/><\/p>\n<p>Dieses Visitportr\u00e4t wurde um 1870 aufgenommen. Der Herr lehnt am schon erw\u00e4hnten Sekret\u00e4r. Am linken Bildrand ist \u00fcber dem Sekret\u00e4r zu erkennen, dass der Hintergrund mit Rei\u00dfzwecken an der Wand befestigt ist. Rechts neben der Dame der ebenfalls schon bekannte Vorhang, die Kordel wurde etwas zur Seite genommen. Der Teppich ist faltig und zu kurz. Die Frau macht durch ihren Blick in die Kamera einen selbstbewussten Eindruck. Das Kleid hat enge \u00c4rmel, was auf das Ende der 1860er Jahre hinweist. Auch die seitlichen Locken und der Zopfkranz waren Ende der 1860er Jahre in Mode.<br \/>\nDer Vorhang rechts im Bild hatte neben der dekorativen auch eine praktische Funktion. Wahrscheinlich hatte Hornemann zwei verschiedene Hintergr\u00fcnde nebeneinander angebracht, der Vorhang verdeckte jeweils den zweiten. Im n\u00e4chsten Bild fehlt dieser Vorhang und so ist rechts ein Hintergrund zu sehen, der sich doch deutlich von jenem links neben der \u201eS\u00e4ule\u201c unterscheidet.<\/p>\n<figure id=\"attachment_1380\" aria-describedby=\"caption-attachment-1380\" style=\"width: 268px\" class=\"wp-caption aligncenter\"><a href=\"http:\/\/werner0304.alfahosting.org\/wordpress\/wp-content\/uploads\/2014\/01\/hornemann-soldat-hintergrund-cdv-b-Kopie.jpg\"><img loading=\"lazy\" decoding=\"async\" class=\"size-full wp-image-1380\" src=\"http:\/\/werner0304.alfahosting.org\/wordpress\/wp-content\/uploads\/2014\/01\/hornemann-soldat-hintergrund-cdv-b-Kopie.jpg\" alt=\"Visitformat, 1880er, digital bearbeitet\" width=\"268\" height=\"423\" srcset=\"https:\/\/www.rostock-frueher.de\/wordpress\/wp-content\/uploads\/2014\/01\/hornemann-soldat-hintergrund-cdv-b-Kopie.jpg 268w, https:\/\/www.rostock-frueher.de\/wordpress\/wp-content\/uploads\/2014\/01\/hornemann-soldat-hintergrund-cdv-b-Kopie-190x300.jpg 190w\" sizes=\"auto, (max-width: 268px) 100vw, 268px\" \/><\/a><figcaption id=\"caption-attachment-1380\" class=\"wp-caption-text\">Visitformat, 1880er, digital bearbeitet<\/figcaption><\/figure>\n<p><a href=\"http:\/\/werner0304.alfahosting.org\/wordpress\/wp-content\/uploads\/2014\/01\/hornemann-frau-serie-2-cdv-Kopie.jpg\"><img loading=\"lazy\" decoding=\"async\" class=\"aligncenter size-full wp-image-1368\" src=\"http:\/\/werner0304.alfahosting.org\/wordpress\/wp-content\/uploads\/2014\/01\/hornemann-frau-serie-2-cdv-Kopie.jpg\" alt=\"hornemann-frau-serie-2-cdv-Kopie\" width=\"583\" height=\"472\" srcset=\"https:\/\/www.rostock-frueher.de\/wordpress\/wp-content\/uploads\/2014\/01\/hornemann-frau-serie-2-cdv-Kopie.jpg 583w, https:\/\/www.rostock-frueher.de\/wordpress\/wp-content\/uploads\/2014\/01\/hornemann-frau-serie-2-cdv-Kopie-300x242.jpg 300w\" sizes=\"auto, (max-width: 583px) 100vw, 583px\" \/><\/a>Auf diesem Bild aus den 1870ern findet sich wieder der Sekret\u00e4r. Die Gestaltung der R\u00fcckseite gibt es ganz \u00e4hnlich auch bei anderen Fotografen, so bei H. Kriegsmann aus Flensburg.<br \/>\n<a href=\"http:\/\/werner0304.alfahosting.org\/wordpress\/wp-content\/uploads\/2014\/01\/flensburg-kriegsmann-siehe-hornemann-cdv-r-Kopie.jpg\"><img loading=\"lazy\" decoding=\"async\" class=\"aligncenter size-full wp-image-1365\" src=\"http:\/\/werner0304.alfahosting.org\/wordpress\/wp-content\/uploads\/2014\/01\/flensburg-kriegsmann-siehe-hornemann-cdv-r-Kopie.jpg\" alt=\"flensburg-kriegsmann-siehe-hornemann-cdv-r-Kopie\" width=\"288\" height=\"472\" srcset=\"https:\/\/www.rostock-frueher.de\/wordpress\/wp-content\/uploads\/2014\/01\/flensburg-kriegsmann-siehe-hornemann-cdv-r-Kopie.jpg 288w, https:\/\/www.rostock-frueher.de\/wordpress\/wp-content\/uploads\/2014\/01\/flensburg-kriegsmann-siehe-hornemann-cdv-r-Kopie-183x300.jpg 183w\" sizes=\"auto, (max-width: 288px) 100vw, 288px\" \/><\/a><br \/>\n<a href=\"http:\/\/werner0304.alfahosting.org\/wordpress\/wp-content\/uploads\/2014\/01\/hornemann-frau-serie-3-cdv-Kopie.jpg\"><img loading=\"lazy\" decoding=\"async\" class=\"aligncenter size-full wp-image-1369\" src=\"http:\/\/werner0304.alfahosting.org\/wordpress\/wp-content\/uploads\/2014\/01\/hornemann-frau-serie-3-cdv-Kopie.jpg\" alt=\"hornemann-frau-serie-3-cdv-Kopie\" width=\"576\" height=\"472\" srcset=\"https:\/\/www.rostock-frueher.de\/wordpress\/wp-content\/uploads\/2014\/01\/hornemann-frau-serie-3-cdv-Kopie.jpg 576w, https:\/\/www.rostock-frueher.de\/wordpress\/wp-content\/uploads\/2014\/01\/hornemann-frau-serie-3-cdv-Kopie-300x245.jpg 300w\" sizes=\"auto, (max-width: 576px) 100vw, 576px\" \/><\/a>Hier hat eine Dame ihren Hausrat aufgetischt: Miniherd mit T\u00f6pfen, Sauciere, Teller und Sch\u00fcssel. In der Hand h\u00e4lt die Frau wohl einen Schneebesen. Der Fotograf hat den Teppich eingerollt, die M\u00f6bel wirken sachlich.<br \/>\n<a href=\"http:\/\/werner0304.alfahosting.org\/wordpress\/wp-content\/uploads\/2014\/01\/hornemann-90er-cdv-1-kopie.jpg\"><img loading=\"lazy\" decoding=\"async\" class=\"aligncenter size-full wp-image-1366\" src=\"http:\/\/werner0304.alfahosting.org\/wordpress\/wp-content\/uploads\/2014\/01\/hornemann-90er-cdv-1-kopie.jpg\" alt=\"hornemann-90er-cdv-1-kopie\" width=\"589\" height=\"473\" srcset=\"https:\/\/www.rostock-frueher.de\/wordpress\/wp-content\/uploads\/2014\/01\/hornemann-90er-cdv-1-kopie.jpg 589w, https:\/\/www.rostock-frueher.de\/wordpress\/wp-content\/uploads\/2014\/01\/hornemann-90er-cdv-1-kopie-300x240.jpg 300w\" sizes=\"auto, (max-width: 589px) 100vw, 589px\" \/><\/a>Milit\u00e4rs gingen zu Hornemann (1870er Jahre) &#8230;<\/p>\n<p><a href=\"http:\/\/werner0304.alfahosting.org\/wordpress\/wp-content\/uploads\/2014\/01\/hornemann-frau-holst-cdv-Kopie.jpg\"><img loading=\"lazy\" decoding=\"async\" class=\"aligncenter size-full wp-image-1367\" src=\"http:\/\/werner0304.alfahosting.org\/wordpress\/wp-content\/uploads\/2014\/01\/hornemann-frau-holst-cdv-Kopie.jpg\" alt=\"hornemann-frau-holst-cdv-Kopie\" width=\"584\" height=\"472\" srcset=\"https:\/\/www.rostock-frueher.de\/wordpress\/wp-content\/uploads\/2014\/01\/hornemann-frau-holst-cdv-Kopie.jpg 584w, https:\/\/www.rostock-frueher.de\/wordpress\/wp-content\/uploads\/2014\/01\/hornemann-frau-holst-cdv-Kopie-300x242.jpg 300w\" sizes=\"auto, (max-width: 584px) 100vw, 584px\" \/><\/a>Frauen (1880er) &#8230;<br \/>\n<a href=\"http:\/\/werner0304.alfahosting.org\/wordpress\/wp-content\/uploads\/2014\/01\/hornemann-maedchen-1868-96-cdv-Kopie.jpg\"><img loading=\"lazy\" decoding=\"async\" class=\"aligncenter size-full wp-image-1372\" src=\"http:\/\/werner0304.alfahosting.org\/wordpress\/wp-content\/uploads\/2014\/01\/hornemann-maedchen-1868-96-cdv-Kopie.jpg\" alt=\"hornemann-maedchen-1868-96-cdv-Kopie\" width=\"573\" height=\"472\" srcset=\"https:\/\/www.rostock-frueher.de\/wordpress\/wp-content\/uploads\/2014\/01\/hornemann-maedchen-1868-96-cdv-Kopie.jpg 573w, https:\/\/www.rostock-frueher.de\/wordpress\/wp-content\/uploads\/2014\/01\/hornemann-maedchen-1868-96-cdv-Kopie-300x247.jpg 300w\" sizes=\"auto, (max-width: 573px) 100vw, 573px\" \/><\/a>und Kinder (um 1890).<\/p>\n<p>In den 1880er und 1890er Jahren verweist Hornemann in den Zeitungsanzeigen in steter Regelm\u00e4\u00dfigkeit auf sauberste Ausf\u00fchrung und billige Preise.<\/p>\n<figure id=\"attachment_1378\" aria-describedby=\"caption-attachment-1378\" style=\"width: 347px\" class=\"wp-caption aligncenter\"><a href=\"http:\/\/werner0304.alfahosting.org\/wordpress\/wp-content\/uploads\/2014\/01\/hornemann-rz-1885-11-21.jpg\"><img loading=\"lazy\" decoding=\"async\" class=\"size-full wp-image-1378\" src=\"http:\/\/werner0304.alfahosting.org\/wordpress\/wp-content\/uploads\/2014\/01\/hornemann-rz-1885-11-21.jpg\" alt=\"Rostocker Zeitung, 21.11.1885\" width=\"347\" height=\"367\" srcset=\"https:\/\/www.rostock-frueher.de\/wordpress\/wp-content\/uploads\/2014\/01\/hornemann-rz-1885-11-21.jpg 347w, https:\/\/www.rostock-frueher.de\/wordpress\/wp-content\/uploads\/2014\/01\/hornemann-rz-1885-11-21-283x300.jpg 283w\" sizes=\"auto, (max-width: 347px) 100vw, 347px\" \/><\/a><figcaption id=\"caption-attachment-1378\" class=\"wp-caption-text\">Rostocker Zeitung, 21.11.1885<\/figcaption><\/figure>\n<figure id=\"attachment_1376\" aria-describedby=\"caption-attachment-1376\" style=\"width: 630px\" class=\"wp-caption aligncenter\"><a href=\"http:\/\/werner0304.alfahosting.org\/wordpress\/wp-content\/uploads\/2014\/01\/hornemann-ra-1893-05-27.jpg\"><img loading=\"lazy\" decoding=\"async\" class=\"size-full wp-image-1376\" src=\"http:\/\/werner0304.alfahosting.org\/wordpress\/wp-content\/uploads\/2014\/01\/hornemann-ra-1893-05-27.jpg\" alt=\"Rostocker Anzeiger, 27.05.1893\" width=\"630\" height=\"125\" srcset=\"https:\/\/www.rostock-frueher.de\/wordpress\/wp-content\/uploads\/2014\/01\/hornemann-ra-1893-05-27.jpg 630w, https:\/\/www.rostock-frueher.de\/wordpress\/wp-content\/uploads\/2014\/01\/hornemann-ra-1893-05-27-300x59.jpg 300w\" sizes=\"auto, (max-width: 630px) 100vw, 630px\" \/><\/a><figcaption id=\"caption-attachment-1376\" class=\"wp-caption-text\">Rostocker Anzeiger, 27.05.1893<\/figcaption><\/figure>\n<p>Im Jahr 1894 gibt er sein Atelier nach mehr als 30 Jahren auf und zieht in die St.-Georg-Stra\u00dfe 54. Max<br \/>\nHoth, der Besitzer des neuerbauten Hotels \u201eRostocker Hof\u201c, das unter anderem den Platz des Hauses Hopfenmarkt 13 einnahm, versuchte das Hornemannsche Atelier zu verkaufen. Ohne Erfolg.<\/p>\n<figure id=\"attachment_1379\" aria-describedby=\"caption-attachment-1379\" style=\"width: 354px\" class=\"wp-caption aligncenter\"><a href=\"http:\/\/werner0304.alfahosting.org\/wordpress\/wp-content\/uploads\/2014\/01\/hornemann-rz-1894-05-13.jpg\"><img loading=\"lazy\" decoding=\"async\" class=\"size-full wp-image-1379\" src=\"http:\/\/werner0304.alfahosting.org\/wordpress\/wp-content\/uploads\/2014\/01\/hornemann-rz-1894-05-13.jpg\" alt=\"Rostocker Zeitung, 13.05.1894\" width=\"354\" height=\"207\" srcset=\"https:\/\/www.rostock-frueher.de\/wordpress\/wp-content\/uploads\/2014\/01\/hornemann-rz-1894-05-13.jpg 354w, https:\/\/www.rostock-frueher.de\/wordpress\/wp-content\/uploads\/2014\/01\/hornemann-rz-1894-05-13-300x175.jpg 300w\" sizes=\"auto, (max-width: 354px) 100vw, 354px\" \/><\/a><figcaption id=\"caption-attachment-1379\" class=\"wp-caption-text\">Rostocker Zeitung, 13.05.1894<\/figcaption><\/figure>\n<p>In den 1860er und 1870er Jahren hat er nicht wenige Vertreter der Rostocker Oberschicht fotografiert (z.B. Burchard, Mann). In dieser Zeit geh\u00f6rte er zusammen mit Steenbock, Dethleff und Strauss wohl zu den erfolgreichsten Rostocker Fotografen.<br \/>\nUnd noch etwas Biografisches: Hornemann hatte bereits kurz nach seiner Ankunft in Rostock im Juli 1863 das Rostocker B\u00fcrgerrecht erworben. Auch das Wahlrecht erwarb er. Zumindest zeitweise geh\u00f6rte er der W\u00e4hlerklasse II an, was f\u00fcr einen relativen Wohlstand spricht. Von 1871-1876 war Hornemann Mitglied im Kunstverein. Er\u00a0war mit einer Franz\u00f6sin verheiratet. Sie hatten einen Sohn. Ab 1915 finden sich die Hornemanns nicht mehr im Adressbuch.<\/p>\n","protected":false},"excerpt":{"rendered":"George Hornemann kam Anfang des Jahres 1863 nach Rostock. Die folgende Anzeige ist der fr\u00fcheste Beleg seiner T\u00e4tigkeit in Rostock. Hornemann wurde am 06. Januar 1837 in Stavenhagen geboren. Das Fotografenhandwerk lernte er wohl bei seinem Vater Carl (Jg. 1808), mit dem er in den 1850er Jahren unter dem Namen C. Hornemann und Sohn als [&hellip;]","protected":false},"author":1,"featured_media":0,"parent":210,"menu_order":13,"comment_status":"open","ping_status":"open","template":"","meta":{"footnotes":""},"class_list":["post-1383","page","type-page","status-publish","hentry"],"_links":{"self":[{"href":"https:\/\/www.rostock-frueher.de\/wordpress\/index.php?rest_route=\/wp\/v2\/pages\/1383","targetHints":{"allow":["GET"]}}],"collection":[{"href":"https:\/\/www.rostock-frueher.de\/wordpress\/index.php?rest_route=\/wp\/v2\/pages"}],"about":[{"href":"https:\/\/www.rostock-frueher.de\/wordpress\/index.php?rest_route=\/wp\/v2\/types\/page"}],"author":[{"embeddable":true,"href":"https:\/\/www.rostock-frueher.de\/wordpress\/index.php?rest_route=\/wp\/v2\/users\/1"}],"replies":[{"embeddable":true,"href":"https:\/\/www.rostock-frueher.de\/wordpress\/index.php?rest_route=%2Fwp%2Fv2%2Fcomments&post=1383"}],"version-history":[{"count":16,"href":"https:\/\/www.rostock-frueher.de\/wordpress\/index.php?rest_route=\/wp\/v2\/pages\/1383\/revisions"}],"predecessor-version":[{"id":2014,"href":"https:\/\/www.rostock-frueher.de\/wordpress\/index.php?rest_route=\/wp\/v2\/pages\/1383\/revisions\/2014"}],"up":[{"embeddable":true,"href":"https:\/\/www.rostock-frueher.de\/wordpress\/index.php?rest_route=\/wp\/v2\/pages\/210"}],"wp:attachment":[{"href":"https:\/\/www.rostock-frueher.de\/wordpress\/index.php?rest_route=%2Fwp%2Fv2%2Fmedia&parent=1383"}],"curies":[{"name":"wp","href":"https:\/\/api.w.org\/{rel}","templated":true}]}}