{"id":1333,"date":"2013-12-26T20:03:08","date_gmt":"2013-12-26T20:03:08","guid":{"rendered":"http:\/\/werner0304.alfahosting.org\/wordpress\/?page_id=1333"},"modified":"2022-06-18T12:52:13","modified_gmt":"2022-06-18T11:52:13","slug":"wilhelm-poelck","status":"publish","type":"page","link":"https:\/\/www.rostock-frueher.de\/wordpress\/?page_id=1333","title":{"rendered":"Wilhelm P\u00f6lck"},"content":{"rendered":"<p>Wilhelm P\u00f6lck war der Schwiegersohn von Alexander Neuwerth, beide sind auf folgendem Bild zu sehen:<\/p>\n<figure id=\"attachment_1326\" aria-describedby=\"caption-attachment-1326\" style=\"width: 653px\" class=\"wp-caption aligncenter\"><a href=\"http:\/\/werner0304.alfahosting.org\/wordpress\/wp-content\/uploads\/2013\/12\/poelck-Neuwerth-b-Kopie.jpg\"><img loading=\"lazy\" decoding=\"async\" class=\"size-full wp-image-1326\" src=\"http:\/\/werner0304.alfahosting.org\/wordpress\/wp-content\/uploads\/2013\/12\/poelck-Neuwerth-b-Kopie.jpg\" alt=\"von links nach rechts: Emma Neuwerth, Wilhelm P\u00f6lck junior, Alexander Neuwerth, Wilhem P\u00f6lck, Frieda P\u00f6lck, geb. Neuwerth. Das Bild ist etwa 1892\/3 entstanden. (Rechte: Stadtarchiv der Hansestadt Rostock) \" width=\"653\" height=\"463\" srcset=\"https:\/\/www.rostock-frueher.de\/wordpress\/wp-content\/uploads\/2013\/12\/poelck-Neuwerth-b-Kopie.jpg 653w, https:\/\/www.rostock-frueher.de\/wordpress\/wp-content\/uploads\/2013\/12\/poelck-Neuwerth-b-Kopie-300x212.jpg 300w\" sizes=\"auto, (max-width: 653px) 100vw, 653px\" \/><\/a><figcaption id=\"caption-attachment-1326\" class=\"wp-caption-text\">von links nach rechts:<br \/>Emma Neuwerth, Wilhelm P\u00f6lck junior, Alexander Neuwerth, Wilhem P\u00f6lck, Frieda P\u00f6lck, geb. Neuwerth. Das Bild ist etwa 1892\/3 entstanden. (Rechte: Stadtarchiv der Hansestadt Rostock)<\/figcaption><\/figure>\n<p>Wilhelm P\u00f6lck wurde 1860 als Sohn eines Malermeisters in Demmin geboren. Im Laufe des Jahres 1889 \u00fcbernahm er das Photographische Atelier von seinem Schwiegervater Alexander Neuwerth und f\u00fchrte es unter dessen Namen weiter.<\/p>\n<figure id=\"attachment_1327\" aria-describedby=\"caption-attachment-1327\" style=\"width: 892px\" class=\"wp-caption aligncenter\"><a href=\"http:\/\/werner0304.alfahosting.org\/wordpress\/wp-content\/uploads\/2013\/12\/poelck-neuwerth-rz-1889-11-29-k.jpg\"><img loading=\"lazy\" decoding=\"async\" class=\"size-full wp-image-1327\" src=\"http:\/\/werner0304.alfahosting.org\/wordpress\/wp-content\/uploads\/2013\/12\/poelck-neuwerth-rz-1889-11-29-k.jpg\" alt=\"Rostocker Zeitung, 29.11.1889\" width=\"892\" height=\"269\" srcset=\"https:\/\/www.rostock-frueher.de\/wordpress\/wp-content\/uploads\/2013\/12\/poelck-neuwerth-rz-1889-11-29-k.jpg 892w, https:\/\/www.rostock-frueher.de\/wordpress\/wp-content\/uploads\/2013\/12\/poelck-neuwerth-rz-1889-11-29-k-300x90.jpg 300w\" sizes=\"auto, (max-width: 892px) 100vw, 892px\" \/><\/a><figcaption id=\"caption-attachment-1327\" class=\"wp-caption-text\">Rostocker Zeitung, 29.11.1889<\/figcaption><\/figure>\n<p><a href=\"http:\/\/werner0304.alfahosting.org\/wordpress\/wp-content\/uploads\/2013\/12\/poelck-beruf-1-cdv-Kopie.jpg\"><img loading=\"lazy\" decoding=\"async\" class=\"aligncenter size-full wp-image-1321\" src=\"http:\/\/werner0304.alfahosting.org\/wordpress\/wp-content\/uploads\/2013\/12\/poelck-beruf-1-cdv-Kopie.jpg\" alt=\"poelck-beruf-1-cdv-Kopie\" width=\"589\" height=\"472\" srcset=\"https:\/\/www.rostock-frueher.de\/wordpress\/wp-content\/uploads\/2013\/12\/poelck-beruf-1-cdv-Kopie.jpg 589w, https:\/\/www.rostock-frueher.de\/wordpress\/wp-content\/uploads\/2013\/12\/poelck-beruf-1-cdv-Kopie-300x240.jpg 300w\" sizes=\"auto, (max-width: 589px) 100vw, 589px\" \/><\/a>In Neubukow unterhielt P\u00f6lck ab 1894 ein weiteres Atelier und betrieb dieses wohl mindestens bis 1904.<\/p>\n<figure id=\"attachment_1329\" aria-describedby=\"caption-attachment-1329\" style=\"width: 891px\" class=\"wp-caption aligncenter\"><a href=\"http:\/\/werner0304.alfahosting.org\/wordpress\/wp-content\/uploads\/2013\/12\/poelck-ra-1894-05-09-k.jpg\"><img loading=\"lazy\" decoding=\"async\" class=\"size-full wp-image-1329\" src=\"http:\/\/werner0304.alfahosting.org\/wordpress\/wp-content\/uploads\/2013\/12\/poelck-ra-1894-05-09-k.jpg\" alt=\"Rostocker Anzeiger, 09.05.1894\" width=\"891\" height=\"436\" srcset=\"https:\/\/www.rostock-frueher.de\/wordpress\/wp-content\/uploads\/2013\/12\/poelck-ra-1894-05-09-k.jpg 891w, https:\/\/www.rostock-frueher.de\/wordpress\/wp-content\/uploads\/2013\/12\/poelck-ra-1894-05-09-k-300x146.jpg 300w\" sizes=\"auto, (max-width: 891px) 100vw, 891px\" \/><\/a><figcaption id=\"caption-attachment-1329\" class=\"wp-caption-text\">Rostocker Anzeiger, 09.05.1894<\/figcaption><\/figure>\n<p>&nbsp;<\/p>\n<figure id=\"attachment_1338\" aria-describedby=\"caption-attachment-1338\" style=\"width: 354px\" class=\"wp-caption aligncenter\"><a href=\"http:\/\/werner0304.alfahosting.org\/wordpress\/wp-content\/uploads\/2013\/12\/neubukow-ra-1904-12-16-k.jpg\"><img loading=\"lazy\" decoding=\"async\" class=\"size-full wp-image-1338\" src=\"http:\/\/werner0304.alfahosting.org\/wordpress\/wp-content\/uploads\/2013\/12\/neubukow-ra-1904-12-16-k.jpg\" alt=\"Rostocker Anzeiger, 16.12.1904\" width=\"354\" height=\"194\" srcset=\"https:\/\/www.rostock-frueher.de\/wordpress\/wp-content\/uploads\/2013\/12\/neubukow-ra-1904-12-16-k.jpg 354w, https:\/\/www.rostock-frueher.de\/wordpress\/wp-content\/uploads\/2013\/12\/neubukow-ra-1904-12-16-k-300x164.jpg 300w\" sizes=\"auto, (max-width: 354px) 100vw, 354px\" \/><\/a><figcaption id=\"caption-attachment-1338\" class=\"wp-caption-text\">Rostocker Anzeiger, 16.12.1904<\/figcaption><\/figure>\n<figure id=\"attachment_4324\" aria-describedby=\"caption-attachment-4324\" style=\"width: 543px\" class=\"wp-caption aligncenter\"><a href=\"http:\/\/werner0304.alfahosting.org\/wordpress\/?attachment_id=4324\" rel=\"attachment wp-att-4324\"><img loading=\"lazy\" decoding=\"async\" class=\"size-full wp-image-4324\" src=\"http:\/\/werner0304.alfahosting.org\/wordpress\/wp-content\/uploads\/2018\/08\/poelck-neubukow-hotel-stadt-hamburg-1901-gel-ak.jpg\" alt=\"\" width=\"543\" height=\"352\" srcset=\"https:\/\/www.rostock-frueher.de\/wordpress\/wp-content\/uploads\/2018\/08\/poelck-neubukow-hotel-stadt-hamburg-1901-gel-ak.jpg 543w, https:\/\/www.rostock-frueher.de\/wordpress\/wp-content\/uploads\/2018\/08\/poelck-neubukow-hotel-stadt-hamburg-1901-gel-ak-300x194.jpg 300w\" sizes=\"auto, (max-width: 543px) 100vw, 543px\" \/><\/a><figcaption id=\"caption-attachment-4324\" class=\"wp-caption-text\">Gruss aus Neubukow, Hotel Stadt Hamburg. Verlag Wilhelm P\u00f6lck, Rostock. 1901 gelaufen<\/figcaption><\/figure>\n<p>Da auf den Visitportr\u00e4ts beide Atelierorte vermerkt sind, ist nicht festzustellen, ob die Aufnahmen in Rostock oder in Neubukow gemacht wurden.<br \/>\nBei der Schreibweise von Neubukow gibt es Unterschiede auf den Untersetzkartons.<br \/>\nBis ca. 1900 wurde Neubukow noch mit \u201eck\u201c geschrieben. Hier nun zwei Beispiele der unterschiedlichen Schreibweisen. Es sind Kinderaufnahmen, die nach P\u00f6lckscher Werbung eine Specialit\u00e4t des Hauses waren.<br \/>\n<a href=\"http:\/\/werner0304.alfahosting.org\/wordpress\/wp-content\/uploads\/2013\/12\/poelck-junge-tennis-cdv-Kopie.jpg\"><img loading=\"lazy\" decoding=\"async\" class=\"aligncenter size-full wp-image-1323\" src=\"http:\/\/werner0304.alfahosting.org\/wordpress\/wp-content\/uploads\/2013\/12\/poelck-junge-tennis-cdv-Kopie.jpg\" alt=\"poelck-junge-tennis-cdv-Kopie\" width=\"583\" height=\"472\" srcset=\"https:\/\/www.rostock-frueher.de\/wordpress\/wp-content\/uploads\/2013\/12\/poelck-junge-tennis-cdv-Kopie.jpg 583w, https:\/\/www.rostock-frueher.de\/wordpress\/wp-content\/uploads\/2013\/12\/poelck-junge-tennis-cdv-Kopie-300x242.jpg 300w\" sizes=\"auto, (max-width: 583px) 100vw, 583px\" \/><\/a><br \/>\n<a href=\"http:\/\/werner0304.alfahosting.org\/wordpress\/wp-content\/uploads\/2013\/12\/poelck-kinder-cdv-Kopie.jpg\"><img loading=\"lazy\" decoding=\"async\" class=\"aligncenter size-full wp-image-1324\" src=\"http:\/\/werner0304.alfahosting.org\/wordpress\/wp-content\/uploads\/2013\/12\/poelck-kinder-cdv-Kopie.jpg\" alt=\"poelck-kinder-cdv-Kopie\" width=\"570\" height=\"472\" srcset=\"https:\/\/www.rostock-frueher.de\/wordpress\/wp-content\/uploads\/2013\/12\/poelck-kinder-cdv-Kopie.jpg 570w, https:\/\/www.rostock-frueher.de\/wordpress\/wp-content\/uploads\/2013\/12\/poelck-kinder-cdv-Kopie-300x248.jpg 300w\" sizes=\"auto, (max-width: 570px) 100vw, 570px\" \/><\/a>Nat\u00fcrlich fotografierte P\u00f6lck auch Soldaten des Regiments Nr. 90 und Studenten.<br \/>\n<a href=\"http:\/\/werner0304.alfahosting.org\/wordpress\/wp-content\/uploads\/2013\/12\/poelck-soldat-cdv-2-Kopie.jpg\"><img loading=\"lazy\" decoding=\"async\" class=\"aligncenter size-full wp-image-1330\" src=\"http:\/\/werner0304.alfahosting.org\/wordpress\/wp-content\/uploads\/2013\/12\/poelck-soldat-cdv-2-Kopie.jpg\" alt=\"poelck-soldat-cdv-2-Kopie\" width=\"293\" height=\"472\" srcset=\"https:\/\/www.rostock-frueher.de\/wordpress\/wp-content\/uploads\/2013\/12\/poelck-soldat-cdv-2-Kopie.jpg 293w, https:\/\/www.rostock-frueher.de\/wordpress\/wp-content\/uploads\/2013\/12\/poelck-soldat-cdv-2-Kopie-186x300.jpg 186w\" sizes=\"auto, (max-width: 293px) 100vw, 293px\" \/><\/a><br \/>\n<a href=\"http:\/\/werner0304.alfahosting.org\/wordpress\/wp-content\/uploads\/2013\/12\/poelck-student-cdv-1-Kopie.jpg\"><img loading=\"lazy\" decoding=\"async\" class=\"aligncenter size-full wp-image-1331\" src=\"http:\/\/werner0304.alfahosting.org\/wordpress\/wp-content\/uploads\/2013\/12\/poelck-student-cdv-1-Kopie.jpg\" alt=\"poelck-student-cdv-1-Kopie\" width=\"296\" height=\"472\" srcset=\"https:\/\/www.rostock-frueher.de\/wordpress\/wp-content\/uploads\/2013\/12\/poelck-student-cdv-1-Kopie.jpg 296w, https:\/\/www.rostock-frueher.de\/wordpress\/wp-content\/uploads\/2013\/12\/poelck-student-cdv-1-Kopie-188x300.jpg 188w\" sizes=\"auto, (max-width: 296px) 100vw, 296px\" \/><\/a>Im Jahr 1894 portr\u00e4tierte P\u00f6lck mehrere Rostocker Pastoren.<\/p>\n<figure id=\"attachment_1328\" aria-describedby=\"caption-attachment-1328\" style=\"width: 430px\" class=\"wp-caption aligncenter\"><a href=\"http:\/\/werner0304.alfahosting.org\/wordpress\/wp-content\/uploads\/2013\/12\/poelck-pastor-1894-kab-Kopie.jpg\"><img loading=\"lazy\" decoding=\"async\" class=\"size-full wp-image-1328\" src=\"http:\/\/werner0304.alfahosting.org\/wordpress\/wp-content\/uploads\/2013\/12\/poelck-pastor-1894-kab-Kopie.jpg\" alt=\"Kabinettformat\" width=\"430\" height=\"651\" srcset=\"https:\/\/www.rostock-frueher.de\/wordpress\/wp-content\/uploads\/2013\/12\/poelck-pastor-1894-kab-Kopie.jpg 430w, https:\/\/www.rostock-frueher.de\/wordpress\/wp-content\/uploads\/2013\/12\/poelck-pastor-1894-kab-Kopie-198x300.jpg 198w\" sizes=\"auto, (max-width: 430px) 100vw, 430px\" \/><\/a><figcaption id=\"caption-attachment-1328\" class=\"wp-caption-text\">Kabinettformat<\/figcaption><\/figure>\n<p>P\u00f6lck fotografierte auch gastronomische Einrichtungen als Postkartenmotive, so das Restaurant \u201eZur Klause\u201c in der Alexandrinenstra\u00dfe \u2026<br \/>\n<a href=\"http:\/\/werner0304.alfahosting.org\/wordpress\/wp-content\/uploads\/2013\/12\/poelck-alexandrinenstr-65-klause-k.jpg\"><img loading=\"lazy\" decoding=\"async\" class=\"aligncenter size-full wp-image-1320\" src=\"http:\/\/werner0304.alfahosting.org\/wordpress\/wp-content\/uploads\/2013\/12\/poelck-alexandrinenstr-65-klause-k.jpg\" alt=\"poelck-alexandrinenstr-65-klause-k\" width=\"544\" height=\"360\" srcset=\"https:\/\/www.rostock-frueher.de\/wordpress\/wp-content\/uploads\/2013\/12\/poelck-alexandrinenstr-65-klause-k.jpg 544w, https:\/\/www.rostock-frueher.de\/wordpress\/wp-content\/uploads\/2013\/12\/poelck-alexandrinenstr-65-klause-k-300x198.jpg 300w\" sizes=\"auto, (max-width: 544px) 100vw, 544px\" \/><\/a><\/p>\n<p>und Reineckes Etablissement in der Breiten Stra\u00dfe:<br \/>\n<a href=\"http:\/\/werner0304.alfahosting.org\/wordpress\/wp-content\/uploads\/2013\/12\/poelck-wintergarten-1903-ak-k.jpg\"><img loading=\"lazy\" decoding=\"async\" class=\"aligncenter size-full wp-image-1332\" src=\"http:\/\/werner0304.alfahosting.org\/wordpress\/wp-content\/uploads\/2013\/12\/poelck-wintergarten-1903-ak-k.jpg\" alt=\"poelck-wintergarten-1903-ak-k\" width=\"500\" height=\"328\" srcset=\"https:\/\/www.rostock-frueher.de\/wordpress\/wp-content\/uploads\/2013\/12\/poelck-wintergarten-1903-ak-k.jpg 500w, https:\/\/www.rostock-frueher.de\/wordpress\/wp-content\/uploads\/2013\/12\/poelck-wintergarten-1903-ak-k-300x196.jpg 300w\" sizes=\"auto, (max-width: 500px) 100vw, 500px\" \/><\/a>Beide Ansichtskarten sind 1902 gelaufen.<\/p>\n<p>Zur Volksz\u00e4hlung 1900 lebte P\u00f6lck mit Ehefrau Frieda und den Kindern Emmi und Wilhelm sowie dem Gehilfen Johannis Geppert und dem Dienstm\u00e4dchen Bertha Kliesoth in der Eself\u00f6terstra\u00dfe. P\u00f6lck war Mitglied in der Freimaurerloge \u201eZu den drei Sternen\u201c und hatte das Wahlrecht erworben.<\/p>\n<p>Im Jahr 1906 verlie\u00df P\u00f6lck Rostock. Von seiner Ehefrau Frieda lie\u00df er sich scheiden. Frieda P\u00f6lck wird in den Jahren 1909 bis 1911 als Inhaberin des Ateliers in der Eself\u00f6terstra\u00dfe gef\u00fchrt.<\/p>\n<p>Wilhelm P\u00f6lck zog nach Gnoien, wo er als Restaurateur und Fotograf t\u00e4tig war.<\/p>\n<figure id=\"attachment_1322\" aria-describedby=\"caption-attachment-1322\" style=\"width: 656px\" class=\"wp-caption aligncenter\"><a href=\"http:\/\/werner0304.alfahosting.org\/wordpress\/wp-content\/uploads\/2013\/12\/poelck-gnoien-paar-kab-Kopie.jpg\"><img loading=\"lazy\" decoding=\"async\" class=\"size-full wp-image-1322\" src=\"http:\/\/werner0304.alfahosting.org\/wordpress\/wp-content\/uploads\/2013\/12\/poelck-gnoien-paar-kab-Kopie.jpg\" alt=\"Kabinettformat\" width=\"656\" height=\"426\" srcset=\"https:\/\/www.rostock-frueher.de\/wordpress\/wp-content\/uploads\/2013\/12\/poelck-gnoien-paar-kab-Kopie.jpg 656w, https:\/\/www.rostock-frueher.de\/wordpress\/wp-content\/uploads\/2013\/12\/poelck-gnoien-paar-kab-Kopie-300x194.jpg 300w\" sizes=\"auto, (max-width: 656px) 100vw, 656px\" \/><\/a><figcaption id=\"caption-attachment-1322\" class=\"wp-caption-text\">Kabinettformat<\/figcaption><\/figure>\n<p>Wilhelm P\u00f6lck heiratete ein zweites Mal und zog sp\u00e4testens 1910 nach Grevesm\u00fchlen, wo er als Restaurateur arbeitete und im Jahr 1913 verstarb.<\/p>\n<p>&nbsp;<\/p>\n","protected":false},"excerpt":{"rendered":"Wilhelm P\u00f6lck war der Schwiegersohn von Alexander Neuwerth, beide sind auf folgendem Bild zu sehen: Wilhelm P\u00f6lck wurde 1860 als Sohn eines Malermeisters in Demmin geboren. Im Laufe des Jahres 1889 \u00fcbernahm er das Photographische Atelier von seinem Schwiegervater Alexander Neuwerth und f\u00fchrte es unter dessen Namen weiter. In Neubukow unterhielt P\u00f6lck ab 1894 ein [&hellip;]","protected":false},"author":1,"featured_media":0,"parent":210,"menu_order":27,"comment_status":"open","ping_status":"open","template":"","meta":{"footnotes":""},"class_list":["post-1333","page","type-page","status-publish","hentry"],"_links":{"self":[{"href":"https:\/\/www.rostock-frueher.de\/wordpress\/index.php?rest_route=\/wp\/v2\/pages\/1333","targetHints":{"allow":["GET"]}}],"collection":[{"href":"https:\/\/www.rostock-frueher.de\/wordpress\/index.php?rest_route=\/wp\/v2\/pages"}],"about":[{"href":"https:\/\/www.rostock-frueher.de\/wordpress\/index.php?rest_route=\/wp\/v2\/types\/page"}],"author":[{"embeddable":true,"href":"https:\/\/www.rostock-frueher.de\/wordpress\/index.php?rest_route=\/wp\/v2\/users\/1"}],"replies":[{"embeddable":true,"href":"https:\/\/www.rostock-frueher.de\/wordpress\/index.php?rest_route=%2Fwp%2Fv2%2Fcomments&post=1333"}],"version-history":[{"count":10,"href":"https:\/\/www.rostock-frueher.de\/wordpress\/index.php?rest_route=\/wp\/v2\/pages\/1333\/revisions"}],"predecessor-version":[{"id":4341,"href":"https:\/\/www.rostock-frueher.de\/wordpress\/index.php?rest_route=\/wp\/v2\/pages\/1333\/revisions\/4341"}],"up":[{"embeddable":true,"href":"https:\/\/www.rostock-frueher.de\/wordpress\/index.php?rest_route=\/wp\/v2\/pages\/210"}],"wp:attachment":[{"href":"https:\/\/www.rostock-frueher.de\/wordpress\/index.php?rest_route=%2Fwp%2Fv2%2Fmedia&parent=1333"}],"curies":[{"name":"wp","href":"https:\/\/api.w.org\/{rel}","templated":true}]}}