{"id":1251,"date":"2013-12-03T19:55:01","date_gmt":"2013-12-03T19:55:01","guid":{"rendered":"http:\/\/werner0304.alfahosting.org\/wordpress\/?page_id=1251"},"modified":"2022-06-18T12:53:48","modified_gmt":"2022-06-18T11:53:48","slug":"alexander-neuwerth","status":"publish","type":"page","link":"https:\/\/www.rostock-frueher.de\/wordpress\/?page_id=1251","title":{"rendered":"Alexander Neuwerth"},"content":{"rendered":"<p>Alexander Neuwerth wurde 1840 in Hamburg geboren. In den 1870er Jahren betrieb er ein Fotoatelier in Wandsbeck, heute Hamburg-Wandsbek.<br \/>\n<a href=\"http:\/\/werner0304.alfahosting.org\/wordpress\/wp-content\/uploads\/2013\/12\/neuwerth-wandsbeck-militaer-cdv-k.jpg\"><img loading=\"lazy\" decoding=\"async\" class=\"aligncenter size-full wp-image-1248\" src=\"http:\/\/werner0304.alfahosting.org\/wordpress\/wp-content\/uploads\/2013\/12\/neuwerth-wandsbeck-militaer-cdv-k.jpg\" alt=\"neuwerth-wandsbeck-militaer-cdv-k\" width=\"572\" height=\"472\" srcset=\"https:\/\/www.rostock-frueher.de\/wordpress\/wp-content\/uploads\/2013\/12\/neuwerth-wandsbeck-militaer-cdv-k.jpg 572w, https:\/\/www.rostock-frueher.de\/wordpress\/wp-content\/uploads\/2013\/12\/neuwerth-wandsbeck-militaer-cdv-k-300x247.jpg 300w\" sizes=\"auto, (max-width: 572px) 100vw, 572px\" \/><\/a>1869 heiratet Neuwerth Emma Hinz, J\u00e4gerstochter und vom Schnatermann bei Rostock stammend.<br \/>\nIm Jahr 1880 er\u00f6ffnet Alexander Neuwerth in Rostock in der Eself\u00f6terstra\u00dfe 28\u00a0ein Atelier. Dieses Atelier hatte keinen Vorbesitzer und es wird, nachdem es viele Jahre von Neuwerth und weiteren Familienmitgliedern betrieben wurde, auch keinen Nachnutzer haben.<br \/>\n<a href=\"http:\/\/werner0304.alfahosting.org\/wordpress\/wp-content\/uploads\/2013\/12\/neuwerth-rz-1880-10-30-Kopie.jpg\"><img loading=\"lazy\" decoding=\"async\" class=\"aligncenter size-full wp-image-1253\" src=\"http:\/\/werner0304.alfahosting.org\/wordpress\/wp-content\/uploads\/2013\/12\/neuwerth-rz-1880-10-30-Kopie.jpg\" alt=\"neuwerth-rz-1880-10-30-Kopie\" width=\"580\" height=\"304\" srcset=\"https:\/\/www.rostock-frueher.de\/wordpress\/wp-content\/uploads\/2013\/12\/neuwerth-rz-1880-10-30-Kopie.jpg 580w, https:\/\/www.rostock-frueher.de\/wordpress\/wp-content\/uploads\/2013\/12\/neuwerth-rz-1880-10-30-Kopie-300x157.jpg 300w\" sizes=\"auto, (max-width: 580px) 100vw, 580px\" \/><\/a>Rostocker Zeitung, 30.10.1880<\/p>\n<p>In den folgenden Wochen inseriert Neuwerth mehrfach:<br \/>\n<a href=\"http:\/\/werner0304.alfahosting.org\/wordpress\/wp-content\/uploads\/2013\/12\/neuwerth-rz-1880-11-06-Kopie.jpg\"><img loading=\"lazy\" decoding=\"async\" class=\"aligncenter size-full wp-image-1255\" src=\"http:\/\/werner0304.alfahosting.org\/wordpress\/wp-content\/uploads\/2013\/12\/neuwerth-rz-1880-11-06-Kopie.jpg\" alt=\"neuwerth-rz-1880-11-06-Kopie\" width=\"575\" height=\"189\" srcset=\"https:\/\/www.rostock-frueher.de\/wordpress\/wp-content\/uploads\/2013\/12\/neuwerth-rz-1880-11-06-Kopie.jpg 575w, https:\/\/www.rostock-frueher.de\/wordpress\/wp-content\/uploads\/2013\/12\/neuwerth-rz-1880-11-06-Kopie-300x98.jpg 300w\" sizes=\"auto, (max-width: 575px) 100vw, 575px\" \/><\/a>Rostocker Zeitung, 06.11.1880<br \/>\nAufschlussreich an der Anzeige sind die nicht unbedingt \u00fcblichen Preisangaben.<\/p>\n<p><a href=\"http:\/\/werner0304.alfahosting.org\/wordpress\/wp-content\/uploads\/2013\/12\/neuwerth-archiv-hro-k1.jpg\"><img loading=\"lazy\" decoding=\"async\" class=\"aligncenter size-full wp-image-1235\" src=\"http:\/\/werner0304.alfahosting.org\/wordpress\/wp-content\/uploads\/2013\/12\/neuwerth-archiv-hro-k1.jpg\" alt=\"neuwerth-archiv-hro-k1\" width=\"293\" height=\"472\" srcset=\"https:\/\/www.rostock-frueher.de\/wordpress\/wp-content\/uploads\/2013\/12\/neuwerth-archiv-hro-k1.jpg 293w, https:\/\/www.rostock-frueher.de\/wordpress\/wp-content\/uploads\/2013\/12\/neuwerth-archiv-hro-k1-186x300.jpg 186w\" sizes=\"auto, (max-width: 293px) 100vw, 293px\" \/><\/a>Selbstportr\u00e4t aus den 1880er Jahren. Rechte: Archiv der Hansestadt Rostock<\/p>\n<p>Das Atelier war in einem r\u00fcckw\u00e4rtigen Anbau des Hauses gelegen. Es hatte ein nach Norden geneigtes Glasdach. Im hinteren (\u00f6stlichen) Bereich des Ateliers posierten die Modelle. Dies ist bei allen folgenden Abbildungen zu erkennen, da immer die rechte Gesichtsh\u00e4lfte dem Licht zugewandt ist, (wenn denn die Modelle zumindest halbwegs in die Kamera schauen)<br \/>\nNeuwerth verwendete in den zehn Jahren, die das Atelier bestand, relativ viele verschieden gestaltete Untersetzkartons. Diese kamen z.B. aus Berlin von Carl Ernst &amp; Co. und aus Dresden von der Photographischen Kartendruckerei E. Kaders in Dresden.<\/p>\n<figure id=\"attachment_1986\" aria-describedby=\"caption-attachment-1986\" style=\"width: 763px\" class=\"wp-caption aligncenter\"><a href=\"http:\/\/werner0304.alfahosting.org\/wordpress\/wp-content\/uploads\/2015\/02\/neuwerth-pressentin-cdv-Kopie.jpg\"><img loading=\"lazy\" decoding=\"async\" class=\"size-full wp-image-1986\" src=\"http:\/\/werner0304.alfahosting.org\/wordpress\/wp-content\/uploads\/2015\/02\/neuwerth-pressentin-cdv-Kopie.jpg\" alt=\" Eleonore v. Pressentin, geb. 1859, wohl sp\u00e4testens 1884 \" width=\"763\" height=\"478\" srcset=\"https:\/\/www.rostock-frueher.de\/wordpress\/wp-content\/uploads\/2015\/02\/neuwerth-pressentin-cdv-Kopie.jpg 763w, https:\/\/www.rostock-frueher.de\/wordpress\/wp-content\/uploads\/2015\/02\/neuwerth-pressentin-cdv-Kopie-300x188.jpg 300w\" sizes=\"auto, (max-width: 763px) 100vw, 763px\" \/><\/a><figcaption id=\"caption-attachment-1986\" class=\"wp-caption-text\">Abgebildet ist Eleonore v. Pressentin, geb. 1859. Aufnahme sp\u00e4testens 1884. Visitformat<\/figcaption><\/figure>\n<p><a href=\"http:\/\/werner0304.alfahosting.org\/wordpress\/wp-content\/uploads\/2013\/12\/neuwerth-frau-sekretaer-cdv-Kopie.jpg\"><img loading=\"lazy\" decoding=\"async\" class=\"aligncenter size-full wp-image-1238\" src=\"http:\/\/werner0304.alfahosting.org\/wordpress\/wp-content\/uploads\/2013\/12\/neuwerth-frau-sekretaer-cdv-Kopie.jpg\" alt=\"neuwerth-frau-sekretaer-cdv-Kopie\" width=\"594\" height=\"472\" srcset=\"https:\/\/www.rostock-frueher.de\/wordpress\/wp-content\/uploads\/2013\/12\/neuwerth-frau-sekretaer-cdv-Kopie.jpg 594w, https:\/\/www.rostock-frueher.de\/wordpress\/wp-content\/uploads\/2013\/12\/neuwerth-frau-sekretaer-cdv-Kopie-300x238.jpg 300w\" sizes=\"auto, (max-width: 594px) 100vw, 594px\" \/><\/a><\/p>\n<p><a href=\"http:\/\/werner0304.alfahosting.org\/wordpress\/wp-content\/uploads\/2013\/12\/neuwerth-kind-cdv-k1-k-Kopie.jpg\"><img loading=\"lazy\" decoding=\"async\" class=\"aligncenter size-full wp-image-1240\" src=\"http:\/\/werner0304.alfahosting.org\/wordpress\/wp-content\/uploads\/2013\/12\/neuwerth-kind-cdv-k1-k-Kopie.jpg\" alt=\"neuwerth-kind-cdv-k1-k-Kopie\" width=\"288\" height=\"472\" srcset=\"https:\/\/www.rostock-frueher.de\/wordpress\/wp-content\/uploads\/2013\/12\/neuwerth-kind-cdv-k1-k-Kopie.jpg 288w, https:\/\/www.rostock-frueher.de\/wordpress\/wp-content\/uploads\/2013\/12\/neuwerth-kind-cdv-k1-k-Kopie-183x300.jpg 183w\" sizes=\"auto, (max-width: 288px) 100vw, 288px\" \/><\/a><\/p>\n<p>&nbsp;<\/p>\n<p><a href=\"http:\/\/werner0304.alfahosting.org\/wordpress\/wp-content\/uploads\/2013\/12\/neuwerth-maedchen-vor-1889-cdv-Kopie.jpg\"><img loading=\"lazy\" decoding=\"async\" class=\"aligncenter size-full wp-image-1242\" src=\"http:\/\/werner0304.alfahosting.org\/wordpress\/wp-content\/uploads\/2013\/12\/neuwerth-maedchen-vor-1889-cdv-Kopie.jpg\" alt=\"neuwerth-maedchen-vor-1889-cdv-Kopie\" width=\"604\" height=\"477\" srcset=\"https:\/\/www.rostock-frueher.de\/wordpress\/wp-content\/uploads\/2013\/12\/neuwerth-maedchen-vor-1889-cdv-Kopie.jpg 604w, https:\/\/www.rostock-frueher.de\/wordpress\/wp-content\/uploads\/2013\/12\/neuwerth-maedchen-vor-1889-cdv-Kopie-300x236.jpg 300w\" sizes=\"auto, (max-width: 604px) 100vw, 604px\" \/><\/a><\/p>\n<p><a href=\"http:\/\/werner0304.alfahosting.org\/wordpress\/wp-content\/uploads\/2013\/12\/neuwerth-junge-cdv-Kopie.jpg\"><img loading=\"lazy\" decoding=\"async\" class=\"aligncenter size-full wp-image-1239\" src=\"http:\/\/werner0304.alfahosting.org\/wordpress\/wp-content\/uploads\/2013\/12\/neuwerth-junge-cdv-Kopie.jpg\" alt=\"neuwerth-junge-cdv-Kopie\" width=\"772\" height=\"472\" srcset=\"https:\/\/www.rostock-frueher.de\/wordpress\/wp-content\/uploads\/2013\/12\/neuwerth-junge-cdv-Kopie.jpg 772w, https:\/\/www.rostock-frueher.de\/wordpress\/wp-content\/uploads\/2013\/12\/neuwerth-junge-cdv-Kopie-300x183.jpg 300w\" sizes=\"auto, (max-width: 772px) 100vw, 772px\" \/><\/a><\/p>\n<p><a href=\"http:\/\/werner0304.alfahosting.org\/wordpress\/wp-content\/uploads\/2013\/12\/neuwerth-frau-kreuz-cdv-r-Kopie.jpg\"><img loading=\"lazy\" decoding=\"async\" class=\"aligncenter size-full wp-image-1237\" src=\"http:\/\/werner0304.alfahosting.org\/wordpress\/wp-content\/uploads\/2013\/12\/neuwerth-frau-kreuz-cdv-r-Kopie.jpg\" alt=\"neuwerth-frau-kreuz-cdv-r-Kopie\" width=\"291\" height=\"472\" \/><\/a>Auf dieser R\u00fcckseite ist sogar Platz f\u00fcr eine eigene Widmung gelassen. Urspr\u00fcnglich war das der Sinn der Visitportr\u00e4ts \u2013 bis sich die Fotografen mit ihrer Eigenwerbung ausbreiteten.<br \/>\nNach Auswertung der abgebildeten Personen, die namentlich bekannt sind, kann angenommen werden, dass Neuwerth \u00fcberwiegend Angeh\u00f6rige mittelst\u00e4ndischer Schichten fotografierte und eher nicht die Oberschicht.<br \/>\nIm Jahr 1886 oder 1887 er\u00f6ffnet Neuwerth auch in Warnem\u00fcnde in seinem neuerbauten Haus in der Friedrichfranzstra\u00dfe 50 ein Atelier.<br \/>\n<a href=\"http:\/\/werner0304.alfahosting.org\/wordpress\/wp-content\/uploads\/2013\/12\/neuwerth-maedchen-warnemuende-cdv-Kopie.jpg\"><img loading=\"lazy\" decoding=\"async\" class=\"aligncenter size-full wp-image-1243\" src=\"http:\/\/werner0304.alfahosting.org\/wordpress\/wp-content\/uploads\/2013\/12\/neuwerth-maedchen-warnemuende-cdv-Kopie.jpg\" alt=\"neuwerth-maedchen-warnemuende-cdv-Kopie\" width=\"585\" height=\"473\" srcset=\"https:\/\/www.rostock-frueher.de\/wordpress\/wp-content\/uploads\/2013\/12\/neuwerth-maedchen-warnemuende-cdv-Kopie.jpg 585w, https:\/\/www.rostock-frueher.de\/wordpress\/wp-content\/uploads\/2013\/12\/neuwerth-maedchen-warnemuende-cdv-Kopie-300x242.jpg 300w\" sizes=\"auto, (max-width: 585px) 100vw, 585px\" \/><\/a><br \/>\n<a href=\"http:\/\/werner0304.alfahosting.org\/wordpress\/wp-content\/uploads\/2013\/12\/neuwerth-maedchen-warnemuende-cdv-Kopie-k.jpg\"><img loading=\"lazy\" decoding=\"async\" class=\"aligncenter size-full wp-image-1244\" src=\"http:\/\/werner0304.alfahosting.org\/wordpress\/wp-content\/uploads\/2013\/12\/neuwerth-maedchen-warnemuende-cdv-Kopie-k.jpg\" alt=\"neuwerth-maedchen-warnemuende-cdv-Kopie-k\" width=\"659\" height=\"219\" srcset=\"https:\/\/www.rostock-frueher.de\/wordpress\/wp-content\/uploads\/2013\/12\/neuwerth-maedchen-warnemuende-cdv-Kopie-k.jpg 659w, https:\/\/www.rostock-frueher.de\/wordpress\/wp-content\/uploads\/2013\/12\/neuwerth-maedchen-warnemuende-cdv-Kopie-k-300x99.jpg 300w\" sizes=\"auto, (max-width: 659px) 100vw, 659px\" \/><\/a>Dieser Ausschnitt aus obigem Visitportr\u00e4t belegt, dass auch Neuwerth der Unsitte der 1880er und 1890er Jahre verfallen war, seinen von dem Foto etwas \u00fcberklebten Namenszug mit Goldfarbe auf dem Foto nachzuzeichnen.<br \/>\nBis 1889 f\u00fchrt Neuwerth das Rostocker Atelier weiter, das er dann an seinen Schwiegersohn Wilhelm P\u00f6lck \u00fcbergibt. Bis ca. 1900 f\u00fchrt Neuwerth das Warnem\u00fcnder Atelier.<br \/>\n<a href=\"http:\/\/werner0304.alfahosting.org\/wordpress\/wp-content\/uploads\/2013\/12\/neuwerth-warnemuende-frau-cdv-Kopie.jpg\"><img loading=\"lazy\" decoding=\"async\" class=\"aligncenter size-full wp-image-1249\" src=\"http:\/\/werner0304.alfahosting.org\/wordpress\/wp-content\/uploads\/2013\/12\/neuwerth-warnemuende-frau-cdv-Kopie.jpg\" alt=\"neuwerth-warnemuende-frau-cdv-Kopie\" width=\"582\" height=\"472\" srcset=\"https:\/\/www.rostock-frueher.de\/wordpress\/wp-content\/uploads\/2013\/12\/neuwerth-warnemuende-frau-cdv-Kopie.jpg 582w, https:\/\/www.rostock-frueher.de\/wordpress\/wp-content\/uploads\/2013\/12\/neuwerth-warnemuende-frau-cdv-Kopie-300x243.jpg 300w\" sizes=\"auto, (max-width: 582px) 100vw, 582px\" \/><\/a>Auch einige Au\u00dfenaufnahmen entstanden in Warnem\u00fcnde, wie das folgende aus dem Winter 1892\/93. Bei den Eisbergen in der Bildmitte hat Neuwerth erheblich nachgeholfen.<br \/>\n<a href=\"http:\/\/werner0304.alfahosting.org\/wordpress\/wp-content\/uploads\/2013\/12\/neuwerth-1893-wmde-kab-k.jpg\"><img loading=\"lazy\" decoding=\"async\" class=\"aligncenter size-full wp-image-1234\" src=\"http:\/\/werner0304.alfahosting.org\/wordpress\/wp-content\/uploads\/2013\/12\/neuwerth-1893-wmde-kab-k.jpg\" alt=\"neuwerth-1893-wmde-kab-k\" width=\"628\" height=\"417\" srcset=\"https:\/\/www.rostock-frueher.de\/wordpress\/wp-content\/uploads\/2013\/12\/neuwerth-1893-wmde-kab-k.jpg 628w, https:\/\/www.rostock-frueher.de\/wordpress\/wp-content\/uploads\/2013\/12\/neuwerth-1893-wmde-kab-k-300x199.jpg 300w\" sizes=\"auto, (max-width: 628px) 100vw, 628px\" \/><\/a><\/p>\n<figure id=\"attachment_3486\" aria-describedby=\"caption-attachment-3486\" style=\"width: 683px\" class=\"wp-caption aligncenter\"><a href=\"http:\/\/werner0304.alfahosting.org\/wordpress\/?attachment_id=3486\" rel=\"attachment wp-att-3486\"><img loading=\"lazy\" decoding=\"async\" class=\"size-full wp-image-3486\" src=\"http:\/\/werner0304.alfahosting.org\/wordpress\/wp-content\/uploads\/2016\/10\/neuwerth-schiff-1894-gestrandet-kab.jpg\" alt=\"Kabinettformat\" width=\"683\" height=\"461\" srcset=\"https:\/\/www.rostock-frueher.de\/wordpress\/wp-content\/uploads\/2016\/10\/neuwerth-schiff-1894-gestrandet-kab.jpg 683w, https:\/\/www.rostock-frueher.de\/wordpress\/wp-content\/uploads\/2016\/10\/neuwerth-schiff-1894-gestrandet-kab-300x202.jpg 300w\" sizes=\"auto, (max-width: 683px) 100vw, 683px\" \/><\/a><figcaption id=\"caption-attachment-3486\" class=\"wp-caption-text\">Kabinettformat<\/figcaption><\/figure>\n<figure id=\"attachment_3487\" aria-describedby=\"caption-attachment-3487\" style=\"width: 684px\" class=\"wp-caption aligncenter\"><a href=\"http:\/\/werner0304.alfahosting.org\/wordpress\/?attachment_id=3487\" rel=\"attachment wp-att-3487\"><img loading=\"lazy\" decoding=\"async\" class=\"size-full wp-image-3487\" src=\"http:\/\/werner0304.alfahosting.org\/wordpress\/wp-content\/uploads\/2016\/10\/neuwerth-zwei-schiffe-kab.jpg\" alt=\"Die beiden abgebildeten Schiffe sollen laut r\u00fcckseitigem Vermerk &quot;Pfeil&quot; und &quot;Blitz&quot; hei\u00dfen. Kabinettformat \" width=\"684\" height=\"459\" srcset=\"https:\/\/www.rostock-frueher.de\/wordpress\/wp-content\/uploads\/2016\/10\/neuwerth-zwei-schiffe-kab.jpg 684w, https:\/\/www.rostock-frueher.de\/wordpress\/wp-content\/uploads\/2016\/10\/neuwerth-zwei-schiffe-kab-300x201.jpg 300w\" sizes=\"auto, (max-width: 684px) 100vw, 684px\" \/><\/a><figcaption id=\"caption-attachment-3487\" class=\"wp-caption-text\">Die beiden abgebildeten Schiffe sollen laut r\u00fcckseitigem Vermerk &#8222;Pfeil&#8220; und &#8222;Blitz&#8220; hei\u00dfen. Kabinettformat<\/figcaption><\/figure>\n<p><a href=\"http:\/\/werner0304.alfahosting.org\/wordpress\/wp-content\/uploads\/2013\/12\/neuwerth-leuchtturm-1899-ak-Kopie.jpg\"><img loading=\"lazy\" decoding=\"async\" class=\"aligncenter size-full wp-image-1241\" src=\"http:\/\/werner0304.alfahosting.org\/wordpress\/wp-content\/uploads\/2013\/12\/neuwerth-leuchtturm-1899-ak-Kopie.jpg\" alt=\"neuwerth-leuchtturm-1899-ak-Kopie\" width=\"349\" height=\"543\" srcset=\"https:\/\/www.rostock-frueher.de\/wordpress\/wp-content\/uploads\/2013\/12\/neuwerth-leuchtturm-1899-ak-Kopie.jpg 349w, https:\/\/www.rostock-frueher.de\/wordpress\/wp-content\/uploads\/2013\/12\/neuwerth-leuchtturm-1899-ak-Kopie-192x300.jpg 192w\" sizes=\"auto, (max-width: 349px) 100vw, 349px\" \/><\/a>Bei dieser 1899 gelaufenen Ansichtskarte ist erst auf den zweiten Blick der Fotograf zu erkennen. In der rechten unteren Ecke des Motivs ist die obere H\u00e4lfte einer ovalen Pr\u00e4gung zu erkennen, wobei das Wort NEU (die Anfangsbuchstaben von Neuwerth) gut zu lesen ist. Die Pr\u00e4gung ist auf der Ansichtskarte nat\u00fcrlich nicht vorhanden, wohl aber war sie es im Original, das als Vorlage f\u00fcr die Karte diente.<br \/>\nWohl kurz nach 1900 verkauft Neuwerth Haus und Atelier an Eggert Hansen und zieht in die Rostocker Innenstadt an den Hopfenmarkt 19. 1905 kauft Neuwerth dann die Eself\u00f6terstr. 28 und zieht auch dort ein. Um 1918 verkauft Neuwerth das Haus an das Kaffeehaus Berndt. Zu dieser Zeit ist das Atelier schon seit Jahren geschlossen. 1922, zehn Jahre nach seiner Frau, verstirbt Neuwerth in Rostock. Die Geschichte der Fotografenfamilie Neuwerth hat noch ein zweites Kapitel. Dazu demn\u00e4chst mehr.<\/p>\n","protected":false},"excerpt":{"rendered":"Alexander Neuwerth wurde 1840 in Hamburg geboren. In den 1870er Jahren betrieb er ein Fotoatelier in Wandsbeck, heute Hamburg-Wandsbek. 1869 heiratet Neuwerth Emma Hinz, J\u00e4gerstochter und vom Schnatermann bei Rostock stammend. Im Jahr 1880 er\u00f6ffnet Alexander Neuwerth in Rostock in der Eself\u00f6terstra\u00dfe 28\u00a0ein Atelier. Dieses Atelier hatte keinen Vorbesitzer und es wird, nachdem es viele [&hellip;]","protected":false},"author":1,"featured_media":0,"parent":210,"menu_order":23,"comment_status":"open","ping_status":"open","template":"","meta":{"footnotes":""},"class_list":["post-1251","page","type-page","status-publish","hentry"],"_links":{"self":[{"href":"https:\/\/www.rostock-frueher.de\/wordpress\/index.php?rest_route=\/wp\/v2\/pages\/1251","targetHints":{"allow":["GET"]}}],"collection":[{"href":"https:\/\/www.rostock-frueher.de\/wordpress\/index.php?rest_route=\/wp\/v2\/pages"}],"about":[{"href":"https:\/\/www.rostock-frueher.de\/wordpress\/index.php?rest_route=\/wp\/v2\/types\/page"}],"author":[{"embeddable":true,"href":"https:\/\/www.rostock-frueher.de\/wordpress\/index.php?rest_route=\/wp\/v2\/users\/1"}],"replies":[{"embeddable":true,"href":"https:\/\/www.rostock-frueher.de\/wordpress\/index.php?rest_route=%2Fwp%2Fv2%2Fcomments&post=1251"}],"version-history":[{"count":12,"href":"https:\/\/www.rostock-frueher.de\/wordpress\/index.php?rest_route=\/wp\/v2\/pages\/1251\/revisions"}],"predecessor-version":[{"id":3489,"href":"https:\/\/www.rostock-frueher.de\/wordpress\/index.php?rest_route=\/wp\/v2\/pages\/1251\/revisions\/3489"}],"up":[{"embeddable":true,"href":"https:\/\/www.rostock-frueher.de\/wordpress\/index.php?rest_route=\/wp\/v2\/pages\/210"}],"wp:attachment":[{"href":"https:\/\/www.rostock-frueher.de\/wordpress\/index.php?rest_route=%2Fwp%2Fv2%2Fmedia&parent=1251"}],"curies":[{"name":"wp","href":"https:\/\/api.w.org\/{rel}","templated":true}]}}