{"id":1057,"date":"2013-09-13T19:12:05","date_gmt":"2013-09-13T19:12:05","guid":{"rendered":"http:\/\/werner0304.alfahosting.org\/wordpress\/?page_id=1057"},"modified":"2018-08-04T18:27:02","modified_gmt":"2018-08-04T17:27:02","slug":"karl-brucksch","status":"publish","type":"page","link":"https:\/\/www.rostock-frueher.de\/wordpress\/?page_id=1057","title":{"rendered":"Karl Brucksch"},"content":{"rendered":"<p>Karl Brucksch wurde 1866 in Breslau geboren. Er kam mit Frau und Sohn wohl aus Aschersleben nach Rostock. 1894 \u00fcbernahm Brucksch von D. Vahlendick das Atelier in der Kr\u00e4merstra\u00dfe. Vahlendick war nur drei oder vier Jahre Atelierinhaber gewesen. Gegr\u00fcndet wurde das Atelier bereits 1857 von F.H. Dethleff.<br><a href=\"http:\/\/werner0304.alfahosting.org\/wordpress\/wp-content\/uploads\/2013\/09\/brucksch-rz-1894-04-06.jpg\"><img loading=\"lazy\" decoding=\"async\" width=\"2760\" height=\"1955\" class=\"aligncenter size-full wp-image-1051\" alt=\"brucksch-rz-1894-04-06\" src=\"http:\/\/werner0304.alfahosting.org\/wordpress\/wp-content\/uploads\/2013\/09\/brucksch-rz-1894-04-06.jpg\" srcset=\"https:\/\/www.rostock-frueher.de\/wordpress\/wp-content\/uploads\/2013\/09\/brucksch-rz-1894-04-06.jpg 2760w, https:\/\/www.rostock-frueher.de\/wordpress\/wp-content\/uploads\/2013\/09\/brucksch-rz-1894-04-06-300x212.jpg 300w, https:\/\/www.rostock-frueher.de\/wordpress\/wp-content\/uploads\/2013\/09\/brucksch-rz-1894-04-06-1024x725.jpg 1024w\" sizes=\"auto, (max-width: 2760px) 100vw, 2760px\" \/><\/a>Rostocker Zeitung 06.04.1894<\/p>\n<p><a href=\"http:\/\/werner0304.alfahosting.org\/wordpress\/wp-content\/uploads\/2013\/09\/brucksch-ra-1894-04-15.jpg\"><img loading=\"lazy\" decoding=\"async\" width=\"1307\" height=\"653\" class=\"aligncenter size-full wp-image-1050\" alt=\"brucksch-ra-1894-04-15\" src=\"http:\/\/werner0304.alfahosting.org\/wordpress\/wp-content\/uploads\/2013\/09\/brucksch-ra-1894-04-15.jpg\" srcset=\"https:\/\/www.rostock-frueher.de\/wordpress\/wp-content\/uploads\/2013\/09\/brucksch-ra-1894-04-15.jpg 1307w, https:\/\/www.rostock-frueher.de\/wordpress\/wp-content\/uploads\/2013\/09\/brucksch-ra-1894-04-15-300x149.jpg 300w, https:\/\/www.rostock-frueher.de\/wordpress\/wp-content\/uploads\/2013\/09\/brucksch-ra-1894-04-15-1024x511.jpg 1024w\" sizes=\"auto, (max-width: 1307px) 100vw, 1307px\" \/><\/a>Rostocker Anzeiger 15.04.1894<\/p>\n<p>Nicht lange nach Er\u00f6ffnung des Ateliers wandte sich Brucksch an den mecklenburgischen Gro\u00dfherzog Friedrich Franz III.: \u201eRostock, 20. September 1894<br>Durchl\u00e4uchtigster Gro\u00dfherzog, Gn\u00e4digster Gro\u00dfherzog und Herr!<br>Euer K\u00f6niglichen Hoheit naht sich der Unterzeichnete ehrfurchtsvoll mit nachstehender Bitte.<br>Der Mangel wirklich guter photographischer Portraits von H\u00f6chstihrer Person im Lande einerseits, die h\u00e4ufige Nachfrage H\u00f6chstihrer getreuen Unterthanen nach solchen Bildern andererseits gibt mir Veranlassung, Eure K\u00f6nigliche Hoheit zu bitten, da\u00df mir von Euer K\u00f6niglichen Hoheit die erlaubnis ertheilt werde, H\u00f6chstdieselben photographieren zu d\u00fcrfen zum Zwecke des Verkaufs der Bilder im Kunsthandel.<br>Proben meiner photographischen Leistungen erlaube ich mir gehorsamst beizulegen.<br>Sollten Eure K\u00f6nigliche Hoheit meine unterth\u00e4nigste Bitte zu erf\u00fcllen geneigt sein, so werde ich mich auf Befehl Euer K\u00f6niglichen Hoheit mit meinem Apparat in Gelbensande einstellen.<br>In tiefster Ehrfurcht erstehe ich<br>Euer K\u00f6niglichen Hoheit<br>Unterth\u00e4nigster<br>Karl Brucksch<br>Photograph\u201c<br>Der Brief ging am 21.09. im Jagdschlo\u00df Gelbensande ein. Der Gro\u00dfherzog verf\u00fcgte die Bitte &nbsp;\u201eabzuschlagen, da ich Rostock verlasse.\u201c<\/p>\n<p>Auf den fr\u00fchen Rostocker Aufnahmen von Brucksch wird noch auf den Vorbesitzer des Ateliers verwiesen.<br><a href=\"http:\/\/werner0304.alfahosting.org\/wordpress\/wp-content\/uploads\/2013\/09\/brucksch-suse-cdv-Kopie.jpg\"><img loading=\"lazy\" decoding=\"async\" width=\"612\" height=\"491\" class=\"aligncenter size-full wp-image-1052\" alt=\"brucksch-suse-cdv-Kopie\" src=\"http:\/\/werner0304.alfahosting.org\/wordpress\/wp-content\/uploads\/2013\/09\/brucksch-suse-cdv-Kopie.jpg\" srcset=\"https:\/\/www.rostock-frueher.de\/wordpress\/wp-content\/uploads\/2013\/09\/brucksch-suse-cdv-Kopie.jpg 612w, https:\/\/www.rostock-frueher.de\/wordpress\/wp-content\/uploads\/2013\/09\/brucksch-suse-cdv-Kopie-300x240.jpg 300w\" sizes=\"auto, (max-width: 612px) 100vw, 612px\" \/><\/a>Aus dem Jahr 1895 sind einige Stadtansichten (als Reproduktionen von Foto-Eggers aus den 1980er Jahren) \u00fcberliefert, die von Carl Meyers Kunsthandlung verlegt wurden.<br><a href=\"http:\/\/werner0304.alfahosting.org\/wordpress\/wp-content\/uploads\/2013\/09\/hopfenmarkt-1895-brucksch-eggers-Kopie.jpg\"><img loading=\"lazy\" decoding=\"async\" width=\"588\" height=\"375\" class=\"aligncenter size-full wp-image-1054\" alt=\"hopfenmarkt-1895-brucksch-eggers-Kopie\" src=\"http:\/\/werner0304.alfahosting.org\/wordpress\/wp-content\/uploads\/2013\/09\/hopfenmarkt-1895-brucksch-eggers-Kopie.jpg\" srcset=\"https:\/\/www.rostock-frueher.de\/wordpress\/wp-content\/uploads\/2013\/09\/hopfenmarkt-1895-brucksch-eggers-Kopie.jpg 588w, https:\/\/www.rostock-frueher.de\/wordpress\/wp-content\/uploads\/2013\/09\/hopfenmarkt-1895-brucksch-eggers-Kopie-300x191.jpg 300w\" sizes=\"auto, (max-width: 588px) 100vw, 588px\" \/><\/a>Blick zur Universit\u00e4t. Ganz links im Bild das Haus Blutstra\u00dfe 14, die Hausnummer ist am Balkon angebracht. \u00dcber der Hausnummer ist ein Schild \u201eHofphotograph\u201c angebracht. Zwar war in der Blutstra\u00dfe 14 nur bis 1892, also vor der Rostocker Zeit von Brucksch, ein Hoffotograf t\u00e4tig, aber mindestens bis 1896 wurde (nicht ganz legal) von den Ateliernachfolgern mit dem Hoffotografentitel geworben.<\/p>\n<p><a href=\"http:\/\/werner0304.alfahosting.org\/wordpress\/wp-content\/uploads\/2013\/09\/am-schilde-1895-brucksch-eggers-Kopie.jpg\"><img loading=\"lazy\" decoding=\"async\" width=\"586\" height=\"389\" class=\"aligncenter size-full wp-image-1041\" alt=\"am-schilde-1895-brucksch-eggers-Kopie\" src=\"http:\/\/werner0304.alfahosting.org\/wordpress\/wp-content\/uploads\/2013\/09\/am-schilde-1895-brucksch-eggers-Kopie.jpg\" srcset=\"https:\/\/www.rostock-frueher.de\/wordpress\/wp-content\/uploads\/2013\/09\/am-schilde-1895-brucksch-eggers-Kopie.jpg 586w, https:\/\/www.rostock-frueher.de\/wordpress\/wp-content\/uploads\/2013\/09\/am-schilde-1895-brucksch-eggers-Kopie-300x199.jpg 300w\" sizes=\"auto, (max-width: 586px) 100vw, 586px\" \/><\/a>Von den abgebildeten H\u00e4usern hat keines den 2. Weltkrieg \u00fcberdauert. Das Haus links im Bild hat die Adresse An der Hege 5. Es steht an der Ecke zur Kronenstra\u00dfe. Rechts im Bild noch knapp zu erkennen ist ein Teil des recht bekannten gotischen Doppelgiebelhauses&nbsp; Am Schilde. Wie bei vielen H\u00e4usern in dieser Zeit ist der Giebel verputzt, erst nach 1900 wurde der Backstein freigelegt.<br>Brucksch fotografierte auch in Warnem\u00fcnde:<\/p>\n<figure id=\"attachment_3485\" aria-describedby=\"caption-attachment-3485\" style=\"width: 659px\" class=\"wp-caption aligncenter\"><a href=\"http:\/\/werner0304.alfahosting.org\/wordpress\/?attachment_id=3485\" rel=\"attachment wp-att-3485\"><img loading=\"lazy\" decoding=\"async\" width=\"659\" height=\"430\" class=\"size-full wp-image-3485\" alt=\"Am Strom. An der roten Signallaterne. 1894. Kabinettformat\" src=\"http:\/\/werner0304.alfahosting.org\/wordpress\/wp-content\/uploads\/2016\/10\/brucksch-am-strom-signallaterne-1894-kab.jpg\" srcset=\"https:\/\/www.rostock-frueher.de\/wordpress\/wp-content\/uploads\/2016\/10\/brucksch-am-strom-signallaterne-1894-kab.jpg 659w, https:\/\/www.rostock-frueher.de\/wordpress\/wp-content\/uploads\/2016\/10\/brucksch-am-strom-signallaterne-1894-kab-300x196.jpg 300w\" sizes=\"auto, (max-width: 659px) 100vw, 659px\" \/><\/a><figcaption id=\"caption-attachment-3485\" class=\"wp-caption-text\">Am Strom. An der roten Signallaterne. 1894. Kabinettformat<\/figcaption><\/figure>\n<p><a href=\"http:\/\/werner0304.alfahosting.org\/wordpress\/wp-content\/uploads\/2013\/09\/brucksch-mann-1895-00-cdv-Kopie.jpg\"><img loading=\"lazy\" decoding=\"async\" width=\"590\" height=\"472\" class=\"aligncenter size-full wp-image-1048\" alt=\"brucksch-mann-1895-00-cdv-Kopie\" src=\"http:\/\/werner0304.alfahosting.org\/wordpress\/wp-content\/uploads\/2013\/09\/brucksch-mann-1895-00-cdv-Kopie.jpg\" srcset=\"https:\/\/www.rostock-frueher.de\/wordpress\/wp-content\/uploads\/2013\/09\/brucksch-mann-1895-00-cdv-Kopie.jpg 590w, https:\/\/www.rostock-frueher.de\/wordpress\/wp-content\/uploads\/2013\/09\/brucksch-mann-1895-00-cdv-Kopie-300x240.jpg 300w\" sizes=\"auto, (max-width: 590px) 100vw, 590px\" \/><\/a><br>Im Jahr 1900 zog Brucksch in das Atelier Hopfenmarkt 28.<\/p>\n<p><a href=\"http:\/\/werner0304.alfahosting.org\/wordpress\/wp-content\/uploads\/2013\/09\/brucksch-ra-1900-03-27-Kopie.bmp\"><img decoding=\"async\" class=\"aligncenter size-full wp-image-1056\" alt=\"brucksch-ra-1900-03-27-Kopie\" src=\"http:\/\/werner0304.alfahosting.org\/wordpress\/wp-content\/uploads\/2013\/09\/brucksch-ra-1900-03-27-Kopie.bmp\"><\/a>Rostocker Anzeiger, 27.03.1900<\/p>\n<p><a href=\"http:\/\/werner0304.alfahosting.org\/wordpress\/wp-content\/uploads\/2013\/09\/brucksch-paar-kab-Kopie.jpg\"><img loading=\"lazy\" decoding=\"async\" width=\"675\" height=\"520\" class=\"aligncenter size-full wp-image-1049\" alt=\"brucksch-paar-kab-Kopie\" src=\"http:\/\/werner0304.alfahosting.org\/wordpress\/wp-content\/uploads\/2013\/09\/brucksch-paar-kab-Kopie.jpg\" srcset=\"https:\/\/www.rostock-frueher.de\/wordpress\/wp-content\/uploads\/2013\/09\/brucksch-paar-kab-Kopie.jpg 675w, https:\/\/www.rostock-frueher.de\/wordpress\/wp-content\/uploads\/2013\/09\/brucksch-paar-kab-Kopie-300x231.jpg 300w\" sizes=\"auto, (max-width: 675px) 100vw, 675px\" \/><\/a>Kabinettformat<\/p>\n<p><a href=\"http:\/\/werner0304.alfahosting.org\/wordpress\/wp-content\/uploads\/2013\/09\/brucksch-gertrud-meissenburg-cdv-2-Kopie.jpg\"><img loading=\"lazy\" decoding=\"async\" width=\"567\" height=\"472\" class=\"aligncenter size-full wp-image-1046\" alt=\"brucksch-gertrud-meissenburg-cdv-2-Kopie\" src=\"http:\/\/werner0304.alfahosting.org\/wordpress\/wp-content\/uploads\/2013\/09\/brucksch-gertrud-meissenburg-cdv-2-Kopie.jpg\" srcset=\"https:\/\/www.rostock-frueher.de\/wordpress\/wp-content\/uploads\/2013\/09\/brucksch-gertrud-meissenburg-cdv-2-Kopie.jpg 567w, https:\/\/www.rostock-frueher.de\/wordpress\/wp-content\/uploads\/2013\/09\/brucksch-gertrud-meissenburg-cdv-2-Kopie-300x249.jpg 300w\" sizes=\"auto, (max-width: 567px) 100vw, 567px\" \/><\/a>CDV von 1900\/1901, abgebildet ist Gerda Meissenburg, deren Bruder sich von Fritz Blohm ablichten lie\u00df<\/p>\n<p><a href=\"http:\/\/werner0304.alfahosting.org\/wordpress\/wp-content\/uploads\/2013\/09\/brucksch-jungermann-ca1910-Kopi.jpg\"><img loading=\"lazy\" decoding=\"async\" width=\"583\" height=\"472\" class=\"aligncenter size-full wp-image-1047\" alt=\"brucksch-jungermann-ca1910--Kopi\" src=\"http:\/\/werner0304.alfahosting.org\/wordpress\/wp-content\/uploads\/2013\/09\/brucksch-jungermann-ca1910-Kopi.jpg\" srcset=\"https:\/\/www.rostock-frueher.de\/wordpress\/wp-content\/uploads\/2013\/09\/brucksch-jungermann-ca1910-Kopi.jpg 583w, https:\/\/www.rostock-frueher.de\/wordpress\/wp-content\/uploads\/2013\/09\/brucksch-jungermann-ca1910-Kopi-300x242.jpg 300w\" sizes=\"auto, (max-width: 583px) 100vw, 583px\" \/><\/a>CDV fr\u00fchestens 1901, nach einer Pr\u00e4mierung der Arbeiten von Brucksch in G\u00fcstrow; siehe obere Zeile der R\u00fcckseite<\/p>\n<p><a href=\"http:\/\/werner0304.alfahosting.org\/wordpress\/wp-content\/uploads\/2013\/09\/brucksch-frau-vignette-kab-Kopie-Kopie.jpg\"><img loading=\"lazy\" decoding=\"async\" width=\"342\" height=\"520\" class=\"aligncenter size-full wp-image-1044\" alt=\"brucksch-frau-vignette-kab-Kopie-Kopie\" src=\"http:\/\/werner0304.alfahosting.org\/wordpress\/wp-content\/uploads\/2013\/09\/brucksch-frau-vignette-kab-Kopie-Kopie.jpg\" srcset=\"https:\/\/www.rostock-frueher.de\/wordpress\/wp-content\/uploads\/2013\/09\/brucksch-frau-vignette-kab-Kopie-Kopie.jpg 342w, https:\/\/www.rostock-frueher.de\/wordpress\/wp-content\/uploads\/2013\/09\/brucksch-frau-vignette-kab-Kopie-Kopie-197x300.jpg 197w\" sizes=\"auto, (max-width: 342px) 100vw, 342px\" \/><\/a>Kabinettformat mit Schmuckvignette<\/p>\n<p><a href=\"http:\/\/werner0304.alfahosting.org\/wordpress\/wp-content\/uploads\/2013\/09\/brucksch-gertrud-meissenburg-cdv-1-kl.jpg\"><img loading=\"lazy\" decoding=\"async\" width=\"290\" height=\"472\" class=\"aligncenter size-full wp-image-1045\" alt=\"brucksch-gertrud-meissenburg-cdv-1-kl\" src=\"http:\/\/werner0304.alfahosting.org\/wordpress\/wp-content\/uploads\/2013\/09\/brucksch-gertrud-meissenburg-cdv-1-kl.jpg\" srcset=\"https:\/\/www.rostock-frueher.de\/wordpress\/wp-content\/uploads\/2013\/09\/brucksch-gertrud-meissenburg-cdv-1-kl.jpg 290w, https:\/\/www.rostock-frueher.de\/wordpress\/wp-content\/uploads\/2013\/09\/brucksch-gertrud-meissenburg-cdv-1-kl-184x300.jpg 184w\" sizes=\"auto, (max-width: 290px) 100vw, 290px\" \/><\/a>CDV, abgebildet ist wieder Gerda Meissenburg, die \u00fcber einen Zeitraum von ca. 5 Jahren Karl Brucksch \u201etreu blieb\u201c.<\/p>\n<p><a href=\"http:\/\/werner0304.alfahosting.org\/wordpress\/wp-content\/uploads\/2013\/09\/brucksch-tuete-Kopie.jpg\"><img loading=\"lazy\" decoding=\"async\" width=\"334\" height=\"520\" class=\"aligncenter size-full wp-image-1053\" alt=\"brucksch-tuete-Kopie\" src=\"http:\/\/werner0304.alfahosting.org\/wordpress\/wp-content\/uploads\/2013\/09\/brucksch-tuete-Kopie.jpg\" srcset=\"https:\/\/www.rostock-frueher.de\/wordpress\/wp-content\/uploads\/2013\/09\/brucksch-tuete-Kopie.jpg 334w, https:\/\/www.rostock-frueher.de\/wordpress\/wp-content\/uploads\/2013\/09\/brucksch-tuete-Kopie-192x300.jpg 192w\" sizes=\"auto, (max-width: 334px) 100vw, 334px\" \/><\/a>Pergaminh\u00fclle zur Verpackung von Visitportr\u00e4ts<\/p>\n<p>1902 wurde Brucksch zum 2. Vorsitzenden des Verbandes Mecklenburgischer Fotografen gew\u00e4hlt.<br>Bis 1906 blieb Brucksch in Rostock, dann zog er nach Dresden, wo er bis 1935 ein Atelier betrieb.<\/p>\n\n\n<figure class=\"wp-block-image\"><img loading=\"lazy\" decoding=\"async\" width=\"576\" height=\"474\" src=\"http:\/\/werner0304.alfahosting.org\/wordpress\/wp-content\/uploads\/2018\/08\/brucksch-dresden-schmidt-mann-cdv.jpg\" alt=\"\" class=\"wp-image-4320\" srcset=\"https:\/\/www.rostock-frueher.de\/wordpress\/wp-content\/uploads\/2018\/08\/brucksch-dresden-schmidt-mann-cdv.jpg 576w, https:\/\/www.rostock-frueher.de\/wordpress\/wp-content\/uploads\/2018\/08\/brucksch-dresden-schmidt-mann-cdv-300x247.jpg 300w\" sizes=\"auto, (max-width: 576px) 100vw, 576px\" \/><figcaption>Atelier Schmidt, Inh. Karl Brucksch. Visitformat<\/figcaption><\/figure>\n\n\n<div class=\"wp-block-image\">\n<figure class=\"aligncenter\"><img loading=\"lazy\" decoding=\"async\" width=\"375\" height=\"567\" src=\"http:\/\/werner0304.alfahosting.org\/wordpress\/wp-content\/uploads\/2013\/09\/brucksch-dresden-familie-kab-Kopie.jpg\" alt=\"\" class=\"wp-image-1042\" srcset=\"https:\/\/www.rostock-frueher.de\/wordpress\/wp-content\/uploads\/2013\/09\/brucksch-dresden-familie-kab-Kopie.jpg 375w, https:\/\/www.rostock-frueher.de\/wordpress\/wp-content\/uploads\/2013\/09\/brucksch-dresden-familie-kab-Kopie-198x300.jpg 198w\" sizes=\"auto, (max-width: 375px) 100vw, 375px\" \/><figcaption>Kabinettformat<\/figcaption><\/figure>\n<\/div>\n\n<div class=\"wp-block-image\">\n<figure class=\"aligncenter\"><img loading=\"lazy\" decoding=\"async\" width=\"335\" height=\"424\" src=\"http:\/\/werner0304.alfahosting.org\/wordpress\/wp-content\/uploads\/2013\/09\/brucksch-dresden-familie-kab-tr-Kopie.jpg\" alt=\"\" class=\"wp-image-1043\" srcset=\"https:\/\/www.rostock-frueher.de\/wordpress\/wp-content\/uploads\/2013\/09\/brucksch-dresden-familie-kab-tr-Kopie.jpg 335w, https:\/\/www.rostock-frueher.de\/wordpress\/wp-content\/uploads\/2013\/09\/brucksch-dresden-familie-kab-tr-Kopie-237x300.jpg 237w\" sizes=\"auto, (max-width: 335px) 100vw, 335px\" \/><figcaption>Ausschnitt der R\u00fcckseite<\/figcaption><\/figure>\n<\/div>","protected":false},"excerpt":{"rendered":"Karl Brucksch wurde 1866 in Breslau geboren. Er kam mit Frau und Sohn wohl aus Aschersleben nach Rostock. 1894 \u00fcbernahm Brucksch von D. Vahlendick das Atelier in der Kr\u00e4merstra\u00dfe. Vahlendick war nur drei oder vier Jahre Atelierinhaber gewesen. Gegr\u00fcndet wurde das Atelier bereits 1857 von F.H. Dethleff.Rostocker Zeitung 06.04.1894 Rostocker Anzeiger 15.04.1894 Nicht lange nach [&hellip;]","protected":false},"author":1,"featured_media":0,"parent":210,"menu_order":10,"comment_status":"open","ping_status":"open","template":"","meta":{"footnotes":""},"class_list":["post-1057","page","type-page","status-publish","hentry"],"_links":{"self":[{"href":"https:\/\/www.rostock-frueher.de\/wordpress\/index.php?rest_route=\/wp\/v2\/pages\/1057","targetHints":{"allow":["GET"]}}],"collection":[{"href":"https:\/\/www.rostock-frueher.de\/wordpress\/index.php?rest_route=\/wp\/v2\/pages"}],"about":[{"href":"https:\/\/www.rostock-frueher.de\/wordpress\/index.php?rest_route=\/wp\/v2\/types\/page"}],"author":[{"embeddable":true,"href":"https:\/\/www.rostock-frueher.de\/wordpress\/index.php?rest_route=\/wp\/v2\/users\/1"}],"replies":[{"embeddable":true,"href":"https:\/\/www.rostock-frueher.de\/wordpress\/index.php?rest_route=%2Fwp%2Fv2%2Fcomments&post=1057"}],"version-history":[{"count":13,"href":"https:\/\/www.rostock-frueher.de\/wordpress\/index.php?rest_route=\/wp\/v2\/pages\/1057\/revisions"}],"predecessor-version":[{"id":4332,"href":"https:\/\/www.rostock-frueher.de\/wordpress\/index.php?rest_route=\/wp\/v2\/pages\/1057\/revisions\/4332"}],"up":[{"embeddable":true,"href":"https:\/\/www.rostock-frueher.de\/wordpress\/index.php?rest_route=\/wp\/v2\/pages\/210"}],"wp:attachment":[{"href":"https:\/\/www.rostock-frueher.de\/wordpress\/index.php?rest_route=%2Fwp%2Fv2%2Fmedia&parent=1057"}],"curies":[{"name":"wp","href":"https:\/\/api.w.org\/{rel}","templated":true}]}}